{"id":3662,"date":"2025-02-12T18:55:37","date_gmt":"2025-02-12T17:55:37","guid":{"rendered":"https:\/\/www.nikolausmatthes.org\/presse\/"},"modified":"2026-03-12T16:08:16","modified_gmt":"2026-03-12T15:08:16","slug":"stampa","status":"publish","type":"page","link":"https:\/\/nikolausmatthes.org\/it\/stampa\/","title":{"rendered":"Stampa"},"content":{"rendered":"<p><div class=\"fusion-fullwidth fullwidth-box fusion-builder-row-1 fusion-flex-container has-pattern-background has-mask-background fusion-parallax-fixed hundred-percent-fullwidth non-hundred-percent-height-scrolling fusion-no-small-visibility fusion-no-medium-visibility\" style=\"--awb-background-position:left center;--awb-background-position-medium:left center;--awb-background-position-small:center center;--awb-background-repeat-medium:no-repeat;--awb-background-repeat-small:no-repeat;--awb-border-radius-top-left:0px;--awb-border-radius-top-right:0px;--awb-border-radius-bottom-right:0px;--awb-border-radius-bottom-left:0px;--awb-padding-top:200px;--awb-padding-right:80px;--awb-background-image:linear-gradient(270deg, #ffffff 0%,rgba(255,255,255,0) 44%),url(http:\/\/nikolausmatthes.org\/wp-content\/uploads\/2025\/02\/Nikolaus-Matthes_Portrait_2024-02-29_1183_LANDING_PAGE.jpg);;--awb-background-image-medium:linear-gradient(270deg, #ffffff 0%,rgba(255,255,255,0) 44%),url(http:\/\/nikolausmatthes.org\/wp-content\/uploads\/2025\/02\/Nikolaus-Matthes_Portrait_2024-02-29_1183_LANDING_PAGE.jpg);;--awb-background-size:cover;--awb-background-size-medium:cover;--awb-flex-wrap:wrap;background-attachment:fixed;\" ><div class=\"fusion-builder-row fusion-row fusion-flex-align-items-flex-start fusion-flex-content-wrap\" style=\"width:104% !important;max-width:104% !important;margin-left: calc(-4% \/ 2 );margin-right: calc(-4% \/ 2 );\"><div class=\"fusion-layout-column fusion_builder_column fusion-builder-column-0 fusion_builder_column_1_3 1_3 fusion-flex-column\" style=\"--awb-bg-size:cover;--awb-width-large:33.333333333333%;--awb-margin-top-large:0px;--awb-spacing-right-large:5.76%;--awb-margin-bottom-large:20px;--awb-spacing-left-large:5.76%;--awb-width-medium:33.333333333333%;--awb-order-medium:0;--awb-spacing-right-medium:5.76%;--awb-spacing-left-medium:5.76%;--awb-width-small:100%;--awb-order-small:0;--awb-spacing-right-small:1.92%;--awb-spacing-left-small:1.92%;\"><div class=\"fusion-column-wrapper fusion-column-has-shadow fusion-flex-justify-content-flex-start fusion-content-layout-column\"><\/div><\/div><div class=\"fusion-layout-column fusion_builder_column fusion-builder-column-1 fusion_builder_column_1_3 1_3 fusion-flex-column\" style=\"--awb-bg-size:cover;--awb-width-large:33.333333333333%;--awb-margin-top-large:0px;--awb-spacing-right-large:5.76%;--awb-margin-bottom-large:20px;--awb-spacing-left-large:5.76%;--awb-width-medium:33.333333333333%;--awb-order-medium:0;--awb-spacing-right-medium:5.76%;--awb-spacing-left-medium:5.76%;--awb-width-small:100%;--awb-order-small:0;--awb-spacing-right-small:1.92%;--awb-spacing-left-small:1.92%;\"><div class=\"fusion-column-wrapper fusion-column-has-shadow fusion-flex-justify-content-flex-start fusion-content-layout-column\"><\/div><\/div><div class=\"fusion-layout-column fusion_builder_column fusion-builder-column-2 fusion_builder_column_1_3 1_3 fusion-flex-column\" style=\"--awb-bg-size:cover;--awb-width-large:33.333333333333%;--awb-margin-top-large:0px;--awb-spacing-right-large:5.76%;--awb-margin-bottom-large:20px;--awb-spacing-left-large:5.76%;--awb-width-medium:33.333333333333%;--awb-order-medium:0;--awb-spacing-right-medium:5.76%;--awb-spacing-left-medium:5.76%;--awb-width-small:100%;--awb-order-small:0;--awb-spacing-right-small:1.92%;--awb-spacing-left-small:1.92%;\"><div class=\"fusion-column-wrapper fusion-column-has-shadow fusion-flex-justify-content-flex-start fusion-content-layout-column\"><div class=\"fusion-text fusion-text-1\" style=\"--awb-font-size:18px;--awb-text-color:#000000;--awb-margin-top:200px;--awb-text-font-family:&quot;Frutiger light&quot;;--awb-text-font-style:normal;--awb-text-font-weight:400;\"><p>\u00abDelle ovazioni alla fine della rappresentazione di una Passione sono una cosa rara. Ma la rappresentazione della Passione secondo San Marco di Nikolaus Matthes sabato scorso nella chiesa di St. Jacobi ha fatto saltare in piedi tutto il pubblico.\u00bb<br \/>\n<strong><a href=\"https:\/\/www.nikolausmatthes.org\/wp-content\/uploads\/2026\/03\/2026-03-09_MP_GOe_Rezension_Goettinger_Tageblatt-scaled.jpg\" target=\"_blank\" rel=\"noopener\">G\u00f6ttinger Tageblatt<\/a><\/strong><br \/>\n<em>Michael Sch\u00e4fer, 9 marzo 2026<\/em><\/p>\n<p>\u00abMa questo \u00e8 di Bach \u2013 Matthes ha composto una Passione secondo San Marco come fosse del maestro stesso; {\u2026} audace, ben fatta, dal suono familiare e che merita di essere ascoltata.\u00bb<br \/>\n<a href=\"https:\/\/www.sueddeutsche.de\/kultur\/markus-passion-nikolaus-matthes-johann-sebastian-bach-1.6491510?source=rss&amp;reduced=true\" target=\"_blank\" rel=\"noopener\"><strong>S\u00fcddeutsche Zeitung<\/strong><\/a><br \/>\n<em>Reinhard J. Brembeck, 28 \/ 29 marzo 2024<\/em><\/p>\n<p>\u00abRispettoso avvicinamento al linguaggio di Bach {\u2026} una impresa profondamente seria e per niente vanitosa {\u2026} sempre fedele allo spirito e alla tradizione delle Passioni musicali barocche.\u00bb<br \/>\n<a href=\"https:\/\/www.faz.net\/aktuell\/feuilleton\/buehne-und-konzert\/nikolaus-matthes-barocke-neuvertonung-einer-markus-passion-19637108.html\" target=\"_blank\" rel=\"noopener\"><strong>Frankfurter Allgemeine Zeitung<\/strong><\/a><br \/>\n<em>Werner M. Grimmel, 7 \/ 8 aprile 2024<\/em><\/p>\n<p>\u00abUn\u2019opera barocca dei nostri giorni {\u2026} che risuona come se Nikolaus Matthes avesse imparato il mestiere da Bach personalmente.\u00bb<br \/>\n<a href=\"https:\/\/www.ndr.de\/kultur\/sendungen\/das_konzert\/Die-Markuspassion-neu-vertont,sendung1430710.html\" target=\"_blank\" rel=\"noopener\"><strong>Radio NDR Kultur \u2013 \u00abDas Konzert\u00bb<\/strong><\/a><br \/>\n<em>Franziska von Busse, Venerd\u00ec Santo, 29 marzo 2024<\/em><\/p>\n<p>\u00abLa pi\u00f9 prodigiosa nuova incisione di una Passione dell\u2019anno 2024 {\u2026}, cos\u00ec barocca \u2013 eppure \u00e8 stata creata solo negli ultimi anni. Mi ha sbalordito il suo vigore, dovuto innanzi tutto all\u2019impegno con cui \u00e8 stata rappresentata. {\u2026} Una Passione secondo San Marco nuova di zecca, che pare in gran parte avere l\u2019et\u00e0 di Bach, ma che al tempo stesso risuona fresca e vitale.\u00bb<br \/>\n<a href=\"https:\/\/www.nikolausmatthes.org\/wp-content\/uploads\/2025\/02\/2024-03-30_MP_BBC-3_Record_Review.pdf\" target=\"_blank\" rel=\"noopener\"><strong>Radio BBC 3 \u2013 Record Review<\/strong><\/a><br \/>\n<em>Andrew McGregor, 30 marzo 2024<\/em><\/p>\n<p>\u00ab{&#8230;} sulla \u2039corsia di sorpasso\u203a, lasciando dietro s\u00e9 tutti i tentativi di ricostruzione scientifici {&#8230;}, un Oratorio di cui si pu\u00f2 dire: \u2039et re-incarnatus est&#8230;\u203a \u00bb<br \/>\n<a href=\"https:\/\/www.proclassics.de\/tontraeger\/nikolaus-matthes-markuspassion-neu-komponiert-auf-den-originalen-picander-text\/\" target=\"_blank\" rel=\"noopener\"><strong>Pro Classics<\/strong><\/a><br \/>\n<em>Dr. Eckhardt van den Hoogen, febbraio 2024<\/em><\/p>\n<p>\u00abMatthes ha composto una Passione secondo San Marco <em>nello stile di Johann Sebastian Bach<\/em> sul testo di Picander \u2013 e il risultato \u00e8 cos\u00ec bachiano che si potrebbe pensare che Matthes sia un camaleonte, capace di adattare perfettamente la propria pelle all&#8217;interlocutore nell&#8217;incontro con Bach.\u00bb<br \/>\n<a href=\"https:\/\/www.nikolausmatthes.org\/wp-content\/uploads\/2026\/02\/Novelletten-299.pdf\" target=\"_blank\" rel=\"noopener\"><strong>G\u00f6ttinger Kammermusikgesellschaft e. V., Novellette n. 299<\/strong><\/a><br \/>\n<em>Michael Sch\u00e4fer, 18 febbraio 2026<\/em><\/p>\n<p>\u00abUn orecchio al barocco, uno al presente.\u00bb<br \/>\n<a href=\"https:\/\/www.musik.bs\/articles\/die-markuspassion-neu-vertont-dieser-basler-spricht-fliessend-bach\" target=\"_blank\" rel=\"noopener\"><strong>Musik Basel<\/strong><\/a><br \/>\n<em>Kathrin Signer, 10 aprile 2024<\/em><\/p>\n<p>\u00abCi si pone una domanda: come sarebbe, se Matthes dirigesse le passioni di San Matteo e di San Giovanni, gli originali di Bach?\u00bb<br \/>\n<a href=\"https:\/\/www.nikolausmatthes.org\/wp-content\/uploads\/2025\/02\/2024-05-01_FANFARE_Review_01_Clarke.pdf\" target=\"_blank\" rel=\"noopener\"><strong>Fanfare Magazine<\/strong><\/a><br \/>\n<em>Colin Clarke, 1\u00b0 maggio 2024<\/em><\/p>\n<p>\u00abMatthes il compositore si dimostra altrettanto abile in qualit\u00e0 di direttore. {\u2026} Raccomandato con sollecitudine e con vigore.\u00bb<br \/>\n<a href=\"https:\/\/www.nikolausmatthes.org\/wp-content\/uploads\/2025\/02\/2024-05-26_FANFARE_Review_04_Altena.pdf\" target=\"_blank\" rel=\"noopener\"><strong>Fanfare Magazine<\/strong><\/a><br \/>\n<em>James A. Altena, 26 maggio 2024<\/em><\/p>\n<p>\u00abLa Passione secondo San Marco di Matthes stravince come \u2039opera contemporanea scritta in stile barocco\u203a. \u00c8 altres\u00ec una emozionante esperienza musicale e drammatica che si evolve con un impeto mozzafiato. Il merito spetta all\u2019eccellente ensemble di vocalisti e strumentalisti barocchi convocati e diretti da Matthes nelle rappresentazioni e nella registrazione della sua Passione secondo San Marco. {\u2026} L\u2019incisione \u00e8 di prima qualit\u00e0, come lo \u00e8 la veste editoriale. {\u2026} L\u2019impresa \u00e8 del tutto eccezionale ed infinitamente affascinante.\u00bb<br \/>\n<a href=\"https:\/\/www.nikolausmatthes.org\/wp-content\/uploads\/2025\/02\/2024-05-26_FANFARE_Review_05_Meltzer.pdf\" target=\"_blank\" rel=\"noopener\"><strong>Fanfare Magazine<\/strong><\/a><br \/>\n<em>Ken Meltzer, 26 maggio 2024<\/em><\/p>\n<p>\u00abCi\u00f2 che Nikolaus Matthes ha realizzato in quest\u2019opera \u00e8 a dir poco mozzafiato e, scrivendola, ha fatto un grande regalo agli amanti della musica. Come cristiano, ho trovato quest\u2019opera non solo una magnifica esperienza musicale, ma anche un\u2019opportunit\u00e0 di adorazione profondamente toccante. Confido che prima o poi quest\u2019opera riceva l\u2019ampia esecuzione che merita.\u00bb<br \/>\n<a href=\"https:\/\/www.nikolausmatthes.org\/wp-content\/uploads\/2025\/02\/2024-11-01_FANFARE_Review_7_Canfield.pdf\" target=\"_blank\" rel=\"noopener\"><strong>Fanfare Magazine<\/strong><\/a><br \/>\n<em>David DeBoor Canfield, autunno 2024<\/em><\/p>\n<p>\u00abMatthes, consapevole di trovarsi davanti a specialisti particolarmente competenti, dirige il suo ensemble in modo tale che esso possa suonare e cantare trovandosi e perdendosi, schierandosi e raggiungendo il massimo della forma. Nulla, qui, viene soffocato. Svanito l\u2019ultimo suono di un episodio, il moto della bacchetta va fino in fondo a ritrovare il punto di riposo. Forse anche il modo di dirigere ha contribuito alla trascendenza, rimarchevole e non localizzabile, di questa musica: attraversiamo insieme questa Passione, scopriamola e diamole una voce. Interpretare una partitura talmente complessa con tanta logica, tanta tenerezza (quasi direi amore) e tanto vigore, richiede molta arte. \u00c8 impossibile imporla o strapparla a un ensemble, ma va fatta crescere e maturare. Nikolaus Matthes pare non lasciare niente al caso in termini di composizione, organizzazione, preparativi e selezione di chi partecipa. Proprio per questo, forse, riesce a cedere la totale libert\u00e0 ai musicisti nel momento decisivo dell\u2019esecuzione, a permettere alla musica di svilupparsi da sola, a percepire il pubblico alle sue spalle, e ad interagire con l\u2019atmosfera della sala.\u00bb<br \/>\n<a href=\"https:\/\/www.nikolausmatthes.org\/wp-content\/uploads\/2025\/02\/STRASSMANN_Zur_Markuspassion_von_Nikolaus_Matthes_in_Luzern.pdf\" target=\"_blank\" rel=\"noopener\"><strong>Pius Strassmann, Lucerna<\/strong><\/a><br \/>\n<em>7 aprile 2023<\/em><\/p>\n<\/div><\/div><\/div><\/div><\/div><div class=\"fusion-fullwidth fullwidth-box fusion-builder-row-2 fusion-flex-container has-pattern-background has-mask-background fusion-parallax-none nonhundred-percent-fullwidth non-hundred-percent-height-scrolling fusion-no-large-visibility fusion-custom-z-index\" style=\"--awb-background-position-small:center center;--awb-background-repeat-small:no-repeat;--awb-border-radius-top-left:0px;--awb-border-radius-top-right:0px;--awb-border-radius-bottom-right:0px;--awb-border-radius-bottom-left:0px;--awb-z-index:200;--awb-background-color-small:rgba(255,255,255,0);--awb-background-image:linear-gradient(180deg, rgba(255,255,255,0.5) 0%,rgba(255,255,255,0.5) 100%),url(https:\/\/www.nikolausmatthes.org\/wp-content\/uploads\/2025\/02\/Nikolaus-Matthes_Portrait_2024-02-29_1100.jpg);;--awb-background-image-small:linear-gradient(180deg, rgba(255,255,255,0.5) 0%,rgba(255,255,255,0.5) 100%),url(https:\/\/www.nikolausmatthes.org\/wp-content\/uploads\/2025\/02\/Nikolaus-Matthes_Portrait_2024-02-29_1100.jpg);;--awb-background-size:cover;--awb-background-size-small:cover;--awb-flex-wrap:wrap;\" ><div class=\"fusion-builder-row fusion-row fusion-flex-align-items-flex-start fusion-flex-content-wrap\" style=\"max-width:1248px;margin-left: calc(-4% \/ 2 );margin-right: calc(-4% \/ 2 );\"><div class=\"fusion-layout-column fusion_builder_column fusion-builder-column-3 fusion_builder_column_1_1 1_1 fusion-flex-column\" style=\"--awb-padding-top-small:200px;--awb-bg-size:cover;--awb-width-large:100%;--awb-margin-top-large:0px;--awb-spacing-right-large:1.92%;--awb-margin-bottom-large:20px;--awb-spacing-left-large:1.92%;--awb-width-medium:100%;--awb-order-medium:0;--awb-spacing-right-medium:1.92%;--awb-spacing-left-medium:1.92%;--awb-width-small:100%;--awb-order-small:0;--awb-spacing-right-small:1.92%;--awb-spacing-left-small:1.92%;\"><div class=\"fusion-column-wrapper fusion-column-has-shadow fusion-flex-justify-content-flex-start fusion-content-layout-column\"><div class=\"fusion-text fusion-text-2\" style=\"--awb-font-size:17px;--awb-text-font-family:&quot;Frutiger light&quot;;--awb-text-font-style:normal;--awb-text-font-weight:400;\"><p>\u00abDelle ovazioni alla fine della rappresentazione di una Passione sono una cosa rara. Ma la rappresentazione della Passione secondo San Marco di Nikolaus Matthes sabato scorso nella chiesa di St. Jacobi ha fatto saltare in piedi tutto il pubblico.\u00bb<br \/>\n<strong><a href=\"https:\/\/www.nikolausmatthes.org\/wp-content\/uploads\/2026\/03\/2026-03-09_MP_GOe_Rezension_Goettinger_Tageblatt-scaled.jpg\" target=\"_blank\" rel=\"noopener\">G\u00f6ttinger Tageblatt<\/a><\/strong><br \/>\n<em>Michael Sch\u00e4fer, 9 marzo 2026<\/em><\/p>\n<p>\u00abMa questo \u00e8 di Bach \u2013 Matthes ha composto una Passione secondo San Marco come fosse del maestro stesso; {\u2026} audace, ben fatta, dal suono familiare e che merita di essere ascoltata.\u00bb<br \/>\n<a href=\"https:\/\/www.sueddeutsche.de\/kultur\/markus-passion-nikolaus-matthes-johann-sebastian-bach-1.6491510?source=rss&amp;reduced=true\" target=\"_blank\" rel=\"noopener\"><strong>S\u00fcddeutsche Zeitung<\/strong><\/a><br \/>\n<em>Reinhard J. Brembeck, 28 \/ 29 marzo 2024<\/em><\/p>\n<p>\u00abRispettoso avvicinamento al linguaggio di Bach {\u2026} una impresa profondamente seria e per niente vanitosa {\u2026} sempre fedele allo spirito e alla tradizione delle Passioni musicali barocche.\u00bb<br \/>\n<a href=\"https:\/\/www.faz.net\/aktuell\/feuilleton\/buehne-und-konzert\/nikolaus-matthes-barocke-neuvertonung-einer-markus-passion-19637108.html\" target=\"_blank\" rel=\"noopener\"><strong>Frankfurter Allgemeine Zeitung<\/strong><\/a><br \/>\n<em>Werner M. Grimmel, 7 \/ 8 aprile 2024<\/em><\/p>\n<p>\u00abUn\u2019opera barocca dei nostri giorni {\u2026} che risuona come se Nikolaus Matthes avesse imparato il mestiere da Bach personalmente.\u00bb<br \/>\n<a href=\"https:\/\/www.ndr.de\/kultur\/sendungen\/das_konzert\/Die-Markuspassion-neu-vertont,sendung1430710.html\" target=\"_blank\" rel=\"noopener\"><strong>Radio NDR Kultur \u2013 \u00abDas Konzert\u00bb<\/strong><\/a><br \/>\n<em>Franziska von Busse, Venerd\u00ec Santo, 29 marzo 2024<\/em><\/p>\n<p>\u00abLa pi\u00f9 prodigiosa nuova incisione di una Passione dell\u2019anno 2024 {\u2026}, cos\u00ec barocca \u2013 eppure \u00e8 stata creata solo negli ultimi anni. Mi ha sbalordito il suo vigore, dovuto innanzi tutto all\u2019impegno con cui \u00e8 stata rappresentata. {\u2026} Una Passione secondo San Marco nuova di zecca, che pare in gran parte avere l\u2019et\u00e0 di Bach, ma che al tempo stesso risuona fresca e vitale.\u00bb<br \/>\n<a href=\"https:\/\/www.nikolausmatthes.org\/wp-content\/uploads\/2025\/02\/2024-03-30_MP_BBC-3_Record_Review.pdf\" target=\"_blank\" rel=\"noopener\"><strong>Radio BBC 3 \u2013 Record Review<\/strong><\/a><br \/>\n<em>Andrew McGregor, 30 marzo 2024<\/em><\/p>\n<p>\u00ab{&#8230;} sulla \u2039corsia di sorpasso\u203a, lasciando dietro s\u00e9 tutti i tentativi di ricostruzione scientifici {&#8230;}, un Oratorio di cui si pu\u00f2 dire: \u2039et re-incarnatus est&#8230;\u203a \u00bb<br \/>\n<a href=\"https:\/\/www.proclassics.de\/tontraeger\/nikolaus-matthes-markuspassion-neu-komponiert-auf-den-originalen-picander-text\/\" target=\"_blank\" rel=\"noopener\"><strong>Pro Classics<\/strong><\/a><br \/>\n<em>Dr. Eckhardt van den Hoogen, febbraio 2024<\/em><\/p>\n<p>\u00abMatthes ha composto una Passione secondo San Marco <em>nello stile di Johann Sebastian Bach<\/em> sul testo di Picander \u2013 e il risultato \u00e8 cos\u00ec bachiano che si potrebbe pensare che Matthes sia un camaleonte, capace di adattare perfettamente la propria pelle all&#8217;interlocutore nell&#8217;incontro con Bach.\u00bb<br \/>\n<a href=\"https:\/\/www.nikolausmatthes.org\/wp-content\/uploads\/2026\/02\/Novelletten-299.pdf\" target=\"_blank\" rel=\"noopener\"><strong>G\u00f6ttinger Kammermusikgesellschaft e. V., Novellette n. 299<\/strong><\/a><br \/>\n<em>Michael Sch\u00e4fer, 18 febbraio 2026<\/em><\/p>\n<p>\u00abUn orecchio al barocco, uno al presente.\u00bb<br \/>\n<a href=\"https:\/\/www.musik.bs\/articles\/die-markuspassion-neu-vertont-dieser-basler-spricht-fliessend-bach\" target=\"_blank\" rel=\"noopener\"><strong>Musik Basel<\/strong><\/a><br \/>\n<em>Kathrin Signer, 10 aprile 2024<\/em><\/p>\n<p>\u00abCi si pone una domanda: come sarebbe, se Matthes dirigesse le passioni di San Matteo e di San Giovanni, gli originali di Bach?\u00bb<br \/>\n<a href=\"https:\/\/www.nikolausmatthes.org\/wp-content\/uploads\/2025\/02\/2024-05-01_FANFARE_Review_01_Clarke.pdf\" target=\"_blank\" rel=\"noopener\"><strong>Fanfare Magazine<\/strong><\/a><br \/>\n<em>Colin Clarke, 1\u00b0 maggio 2024<\/em><\/p>\n<p>\u00abMatthes il compositore si dimostra altrettanto abile in qualit\u00e0 di direttore. {\u2026} Raccomandato con sollecitudine e con vigore.\u00bb<br \/>\n<a href=\"https:\/\/www.nikolausmatthes.org\/wp-content\/uploads\/2025\/02\/2024-05-26_FANFARE_Review_04_Altena.pdf\" target=\"_blank\" rel=\"noopener\"><strong>Fanfare Magazine<\/strong><\/a><br \/>\n<em>James A. Altena, 26 maggio 2024<\/em><\/p>\n<p>\u00abLa Passione secondo San Marco di Matthes stravince come \u2039opera contemporanea scritta in stile barocco\u203a. \u00c8 altres\u00ec una emozionante esperienza musicale e drammatica che si evolve con un impeto mozzafiato. Il merito spetta all\u2019eccellente ensemble di vocalisti e strumentalisti barocchi convocati e diretti da Matthes nelle rappresentazioni e nella registrazione della sua Passione secondo San Marco. {\u2026} L\u2019incisione \u00e8 di prima qualit\u00e0, come lo \u00e8 la veste editoriale. {\u2026} L\u2019impresa \u00e8 del tutto eccezionale ed infinitamente affascinante.\u00bb<br \/>\n<a href=\"https:\/\/www.nikolausmatthes.org\/wp-content\/uploads\/2025\/02\/2024-05-26_FANFARE_Review_05_Meltzer.pdf\" target=\"_blank\" rel=\"noopener\"><strong>Fanfare Magazine<\/strong><\/a><br \/>\n<em>Ken Meltzer, 26 maggio 2024<\/em><\/p>\n<p>\u00abCi\u00f2 che Nikolaus Matthes ha realizzato in quest\u2019opera \u00e8 a dir poco mozzafiato e, scrivendola, ha fatto un grande regalo agli amanti della musica. Come cristiano, ho trovato quest\u2019opera non solo una magnifica esperienza musicale, ma anche un\u2019opportunit\u00e0 di adorazione profondamente toccante. Confido che prima o poi quest\u2019opera riceva l\u2019ampia esecuzione che merita.\u00bb<br \/>\n<a href=\"https:\/\/www.nikolausmatthes.org\/wp-content\/uploads\/2025\/02\/2024-11-01_FANFARE_Review_7_Canfield.pdf\" target=\"_blank\" rel=\"noopener\"><strong>Fanfare Magazine<\/strong><\/a><br \/>\n<em>David DeBoor Canfield, autunno 2024<\/em><\/p>\n<p>\u00abMatthes, consapevole di trovarsi davanti a specialisti particolarmente competenti, dirige il suo ensemble in modo tale che esso possa suonare e cantare trovandosi e perdendosi, schierandosi e raggiungendo il massimo della forma. Nulla, qui, viene soffocato. Svanito l\u2019ultimo suono di un episodio, il moto della bacchetta va fino in fondo a ritrovare il punto di riposo. Forse anche il modo di dirigere ha contribuito alla trascendenza, rimarchevole e non localizzabile, di questa musica: attraversiamo insieme questa Passione, scopriamola e diamole una voce. Interpretare una partitura talmente complessa con tanta logica, tanta tenerezza (quasi direi amore) e tanto vigore, richiede molta arte. \u00c8 impossibile imporla o strapparla a un ensemble, ma va fatta crescere e maturare. Nikolaus Matthes pare non lasciare niente al caso in termini di composizione, organizzazione, preparativi e selezione di chi partecipa. Proprio per questo, forse, riesce a cedere la totale libert\u00e0 ai musicisti nel momento decisivo dell\u2019esecuzione, a permettere alla musica di svilupparsi da sola, a percepire il pubblico alle sue spalle, e ad interagire con l\u2019atmosfera della sala.\u00bb<br \/>\n<a href=\"https:\/\/www.nikolausmatthes.org\/wp-content\/uploads\/2025\/02\/STRASSMANN_Zur_Markuspassion_von_Nikolaus_Matthes_in_Luzern.pdf\"><strong>Pius Strassmann, Lucerna<\/strong><\/a><br \/>\n<em>7 aprile 2023<\/em><\/p>\n<\/div><\/div><\/div><\/div><\/div><\/p>\n","protected":false},"excerpt":{"rendered":"","protected":false},"author":1,"featured_media":0,"parent":0,"menu_order":0,"comment_status":"closed","ping_status":"closed","template":"100-width.php","meta":{"footnotes":""},"class_list":["post-3662","page","type-page","status-publish","hentry"],"_links":{"self":[{"href":"https:\/\/nikolausmatthes.org\/it\/wp-json\/wp\/v2\/pages\/3662","targetHints":{"allow":["GET"]}}],"collection":[{"href":"https:\/\/nikolausmatthes.org\/it\/wp-json\/wp\/v2\/pages"}],"about":[{"href":"https:\/\/nikolausmatthes.org\/it\/wp-json\/wp\/v2\/types\/page"}],"author":[{"embeddable":true,"href":"https:\/\/nikolausmatthes.org\/it\/wp-json\/wp\/v2\/users\/1"}],"replies":[{"embeddable":true,"href":"https:\/\/nikolausmatthes.org\/it\/wp-json\/wp\/v2\/comments?post=3662"}],"version-history":[{"count":18,"href":"https:\/\/nikolausmatthes.org\/it\/wp-json\/wp\/v2\/pages\/3662\/revisions"}],"predecessor-version":[{"id":5215,"href":"https:\/\/nikolausmatthes.org\/it\/wp-json\/wp\/v2\/pages\/3662\/revisions\/5215"}],"wp:attachment":[{"href":"https:\/\/nikolausmatthes.org\/it\/wp-json\/wp\/v2\/media?parent=3662"}],"curies":[{"name":"wp","href":"https:\/\/api.w.org\/{rel}","templated":true}]}}