{"id":682,"date":"2025-02-08T13:37:50","date_gmt":"2025-02-08T12:37:50","guid":{"rendered":"https:\/\/www.nikolausmatthes.org\/termine\/"},"modified":"2026-03-12T12:58:32","modified_gmt":"2026-03-12T11:58:32","slug":"dates","status":"publish","type":"page","link":"https:\/\/nikolausmatthes.org\/fr\/dates\/","title":{"rendered":"Dates"},"content":{"rendered":"<p><div class=\"fusion-fullwidth fullwidth-box fusion-builder-row-1 fusion-flex-container has-pattern-background has-mask-background fusion-parallax-fixed hundred-percent-fullwidth non-hundred-percent-height-scrolling fusion-no-small-visibility fusion-no-medium-visibility\" style=\"--awb-background-position:left center;--awb-background-position-medium:left center;--awb-background-position-small:center center;--awb-background-repeat-medium:no-repeat;--awb-background-repeat-small:no-repeat;--awb-border-radius-top-left:0px;--awb-border-radius-top-right:0px;--awb-border-radius-bottom-right:0px;--awb-border-radius-bottom-left:0px;--awb-padding-top:200px;--awb-padding-right:80px;--awb-background-image:linear-gradient(270deg, #ffffff 0%,rgba(255,255,255,0) 44%),url(http:\/\/nikolausmatthes.org\/wp-content\/uploads\/2025\/02\/Nikolaus-Matthes_Portrait_2024-02-29_1183_LANDING_PAGE.jpg);;--awb-background-image-medium:linear-gradient(270deg, #ffffff 0%,rgba(255,255,255,0) 44%),url(http:\/\/nikolausmatthes.org\/wp-content\/uploads\/2025\/02\/Nikolaus-Matthes_Portrait_2024-02-29_1183_LANDING_PAGE.jpg);;--awb-background-size:cover;--awb-background-size-medium:cover;--awb-flex-wrap:wrap;background-attachment:fixed;\" ><div class=\"fusion-builder-row fusion-row fusion-flex-align-items-flex-start fusion-flex-content-wrap\" style=\"width:104% !important;max-width:104% !important;margin-left: calc(-4% \/ 2 );margin-right: calc(-4% \/ 2 );\"><div class=\"fusion-layout-column fusion_builder_column fusion-builder-column-0 fusion_builder_column_1_3 1_3 fusion-flex-column\" style=\"--awb-bg-size:cover;--awb-width-large:33.333333333333%;--awb-margin-top-large:0px;--awb-spacing-right-large:5.76%;--awb-margin-bottom-large:20px;--awb-spacing-left-large:5.76%;--awb-width-medium:33.333333333333%;--awb-order-medium:0;--awb-spacing-right-medium:5.76%;--awb-spacing-left-medium:5.76%;--awb-width-small:100%;--awb-order-small:0;--awb-spacing-right-small:1.92%;--awb-spacing-left-small:1.92%;\"><div class=\"fusion-column-wrapper fusion-column-has-shadow fusion-flex-justify-content-flex-start fusion-content-layout-column\"><\/div><\/div><div class=\"fusion-layout-column fusion_builder_column fusion-builder-column-1 fusion_builder_column_1_3 1_3 fusion-flex-column\" style=\"--awb-bg-size:cover;--awb-width-large:33.333333333333%;--awb-margin-top-large:0px;--awb-spacing-right-large:5.76%;--awb-margin-bottom-large:20px;--awb-spacing-left-large:5.76%;--awb-width-medium:33.333333333333%;--awb-order-medium:0;--awb-spacing-right-medium:5.76%;--awb-spacing-left-medium:5.76%;--awb-width-small:100%;--awb-order-small:0;--awb-spacing-right-small:1.92%;--awb-spacing-left-small:1.92%;\"><div class=\"fusion-column-wrapper fusion-column-has-shadow fusion-flex-justify-content-flex-start fusion-content-layout-column\"><\/div><\/div><div class=\"fusion-layout-column fusion_builder_column fusion-builder-column-2 fusion_builder_column_1_3 1_3 fusion-flex-column\" style=\"--awb-bg-size:cover;--awb-width-large:33.333333333333%;--awb-margin-top-large:0px;--awb-spacing-right-large:5.76%;--awb-margin-bottom-large:20px;--awb-spacing-left-large:5.76%;--awb-width-medium:33.333333333333%;--awb-order-medium:0;--awb-spacing-right-medium:5.76%;--awb-spacing-left-medium:5.76%;--awb-width-small:100%;--awb-order-small:0;--awb-spacing-right-small:1.92%;--awb-spacing-left-small:1.92%;\"><div class=\"fusion-column-wrapper fusion-column-has-shadow fusion-flex-justify-content-flex-start fusion-content-layout-column\"><div class=\"fusion-text fusion-text-1\" style=\"--awb-font-size:18px;--awb-text-color:#000000;--awb-margin-top:200px;--awb-text-font-family:&quot;Frutiger light&quot;;--awb-text-font-style:normal;--awb-text-font-weight:400;\"><p>18 juin 2027<br \/>\n<a href=\"https:\/\/www.markuspassion.org\/fr\/2027-bachfest-leipzig\/\" target=\"_blank\" rel=\"noopener\"><strong>La Passion selon St-Marc invit\u00e9e au Bachfest Leipzig 2027<\/strong><\/a><br \/>\n<strong><a href=\"https:\/\/www.markuspassion.org\/fr\/2027-bachfest-leipzig\/\" target=\"_blank\" rel=\"noopener\">Ch\u0153ur et orchestre \u00ab Gli Aspetti \u00bb<\/a><br \/>\n<\/strong>Daniel Johannsen, Georg Poplutz, Daniel P\u00e9rez, Marie Luise Werneburg, Annekathrin Laabs, Matthias Helm<strong><br \/>\nChef d&rsquo;orchestre<\/strong>\u00a0 \u00a0 Nikolaus Matthes<\/p>\n<p>.-.-.-.-.-.-.-.-.-.-.-.-.-.-.-.<\/p>\n<p><strong>ARCHIVE<\/strong><\/p>\n<p>5 et 7 juin 2026<br \/>\n<a href=\"https:\/\/www.markuspassion.org\/fr\/2026-usa\/\" target=\"_blank\" rel=\"noopener\"><strong>La Passion selon St-Marc &#8211; Premi\u00e8re repr\u00e9sentation en Am\u00e9rique du Nord<\/strong><\/a><br \/>\nAnnul\u00e9 &#8211; <a href=\"https:\/\/www.nikolausmatthes.org\/wp-content\/uploads\/2026\/02\/2026-02_MP_USA_Statement-2.pdf\" target=\"_blank\" rel=\"noopener\"><strong>lire la d\u00e9claration<\/strong><\/a><\/p>\n<p>7 et 8 mars 2026, \u00e0 18h00<br \/>\n<a href=\"https:\/\/jacobikantorei.de\/\" target=\"_blank\" rel=\"noopener\"><strong>Premi\u00e8re repr\u00e9sentation de la Passion selon St-Marc en Allemagne<\/strong><\/a><br \/>\n\u00c9glise de St. Jacobi, G\u00f6ttingen<br \/>\nDaniel Johannsen, Daniel P\u00e9rez,<br \/>\nAnna Nesyba, Annekathrin Laabs, Thomas Laske<br \/>\n<strong>Chef d&rsquo;orchestre<\/strong>\u00a0 \u00a0 Stefan Kordes<br \/>\n<a href=\"https:\/\/www.nikolausmatthes.org\/wp-content\/uploads\/2026\/02\/2026_MP_GOe_Programmheft_Matthes-Markuspassion.pdf\" target=\"_blank\" rel=\"noopener\"><strong>Programme de la premi\u00e8re repr\u00e9sentation en Allemagne<\/strong><\/a><\/p>\n<p>2 mars 2026, 13h00<br \/>\n<a href=\"https:\/\/www.ndr.de\/kultur\/sendungen\/ndr_kultur_a_la_carte\/markuspassion-in-der-goettinger-st-jakobikirche,sendung-56876.html\" target=\"_blank\" rel=\"noopener\"><strong>NDR Kultur \u00e0 la carte<\/strong><\/a><br \/>\nNikolaus Matthes en conversation avec Franziska von Busse<\/p>\n<p>16 f\u00e9vrier 2026, 18h00<br \/>\n<a href=\"https:\/\/jacobikantorei.de\/\" target=\"_blank\" rel=\"noopener\"><strong>La Passion selon St-Marc dans le style de J. S. Bach \u2013 R\u00e9flexions d&rsquo;un compositeur<\/strong><\/a><br \/>\nNikolaus Matthes en conversation avec Stefan Kordes<br \/>\nSalle paroissiale St. Jacobi, G\u00f6ttingen<br \/>\nEntr\u00e9e libre<\/p>\n<p>17 novembre 2025, 19h00<br \/>\n\u00c9glise de St-Paul,\u00a0B\u00e2le<br \/>\n<a href=\"https:\/\/www.nikolausmatthes.org\/wp-content\/uploads\/2025\/11\/2025-11-17_CHORKONZERT_SUITS_Programmheft_FUER_WEB.pdf\" target=\"_blank\" rel=\"noopener\"><strong>Concert pour Paul Suits<\/strong><\/a><br \/>\nCh\u0153ur et solistes ad hoc<br \/>\n<strong>Piano<\/strong>\u00a0 \u00a0 Nadia Carboni et Tatiana Korsunskaya<br \/>\n<b>Direction musicale<\/b>\u00a0 \u00a0 Nikolaus Matthes<\/p>\n<p>14 septembre 2025, 18h00<br \/>\n<a href=\"https:\/\/franziskabadertscher.ch\/konzertkalender.html#anchor_140925\" target=\"_blank\" rel=\"noopener\"><strong>In Davids Welt<\/strong><\/a> (Dans l&rsquo;univers de David)<br \/>\n<a href=\"https:\/\/franziskabadertscher.ch\/konzertkalender.html#anchor_140925\" target=\"_blank\" rel=\"noopener\"><strong>Concert en atelier n\u00b0 76<\/strong><\/a><br \/>\nNikolaus Matthes s&rsquo;entretient avec David Wohnlich<br \/>\nSt. Johanns-Vorstadt 16, 4051 B\u00e2le<\/p>\n<p>21 mars 2025<br \/>\n<a href=\"https:\/\/www.youtube.com\/watch?v=Z-npWawAvIk\" target=\"_blank\" rel=\"noopener\"><strong>Contrapunctus XIX &#8211; Sortie de l&rsquo;enregistrement en premi\u00e8re mondiale<\/strong><\/a><br \/>\n<strong>Piano<\/strong> \u00a0\u00a0 Paul Suits<\/p>\n<p>8 mars 2024<br \/>\n<a href=\"https:\/\/www.markuspassion.org\/fr\/enregistrements\/\" target=\"_blank\" rel=\"noopener\"><strong>Passion selon St-Marc &#8211; Sortie du disque<\/strong><\/a><br \/>\n<strong><a href=\"https:\/\/www.resonando.de\/en\/products\/rn-10018-markuspassion\" target=\"_blank\" rel=\"noopener\">resonando<\/a><\/strong><\/p>\n<p>23 mars 2023<br \/>\n<a href=\"https:\/\/www.markuspassion.org\/en\/concerts_2023\/\" target=\"_blank\" rel=\"noopener\"><strong>Passion selon St-Marc &#8211; Premi\u00e8re mondiale<\/strong><\/a><br \/>\n\u00c9glise de St-Pierre, Zurich<br \/>\n<a href=\"https:\/\/www.markuspassion.org\/fr\/participants_en_2023\/\" target=\"_blank\" rel=\"noopener\"><strong>Ch\u0153ur et orchestre \u00ab Gli Aspetti \u00bb<\/strong><\/a><br \/>\n<b>Chef d&rsquo;orchestre<\/b>\u00a0 \u00a0 Nikolaus Matthes<\/p>\n<p>24, 25 et 26 mars 2023<br \/>\n<a href=\"https:\/\/www.markuspassion.org\/en\/concerts_2023\/\" target=\"_blank\" rel=\"noopener\"><strong>Passion selon St-Marc &#8211; Concerts suivants<\/strong><\/a><br \/>\n\u00c9glise fran\u00e7aise, Berne<br \/>\n\u00c9glise de St-Pierre, B\u00e2le<br \/>\n\u00c9glise de St-Matthieu, Lucerne<br \/>\n<a href=\"https:\/\/www.markuspassion.org\/fr\/participants_en_2023\/\" target=\"_blank\" rel=\"noopener\"><strong>Ch\u0153ur et orchestre \u00ab Gli Aspetti \u00bb<\/strong><\/a><br \/>\n<b>Chef d&rsquo;orchestre<\/b>\u00a0 \u00a0 Nikolaus Matthes<\/p>\n<\/div><\/div><\/div><div class=\"fusion-layout-column fusion_builder_column fusion-builder-column-3 fusion_builder_column_1_3 1_3 fusion-flex-column\" style=\"--awb-bg-size:cover;--awb-width-large:33.333333333333%;--awb-margin-top-large:0px;--awb-spacing-right-large:5.76%;--awb-margin-bottom-large:20px;--awb-spacing-left-large:5.76%;--awb-width-medium:33.333333333333%;--awb-order-medium:0;--awb-spacing-right-medium:5.76%;--awb-spacing-left-medium:5.76%;--awb-width-small:100%;--awb-order-small:0;--awb-spacing-right-small:1.92%;--awb-spacing-left-small:1.92%;\"><div class=\"fusion-column-wrapper fusion-column-has-shadow fusion-flex-justify-content-flex-start fusion-content-layout-column\"><div class=\"fusion-text fusion-text-2\" style=\"--awb-font-size:18px;--awb-text-color:#000000;--awb-margin-top:200px;--awb-text-font-family:&quot;Frutiger light&quot;;--awb-text-font-style:normal;--awb-text-font-weight:400;\"><\/div><\/div><\/div><div class=\"fusion-layout-column fusion_builder_column fusion-builder-column-4 fusion_builder_column_1_3 1_3 fusion-flex-column\" style=\"--awb-bg-size:cover;--awb-width-large:33.333333333333%;--awb-margin-top-large:0px;--awb-spacing-right-large:5.76%;--awb-margin-bottom-large:20px;--awb-spacing-left-large:5.76%;--awb-width-medium:33.333333333333%;--awb-order-medium:0;--awb-spacing-right-medium:5.76%;--awb-spacing-left-medium:5.76%;--awb-width-small:100%;--awb-order-small:0;--awb-spacing-right-small:1.92%;--awb-spacing-left-small:1.92%;\"><div class=\"fusion-column-wrapper fusion-column-has-shadow fusion-flex-justify-content-flex-start fusion-content-layout-column\"><div class=\"fusion-text fusion-text-3\" style=\"--awb-font-size:18px;--awb-text-color:#000000;--awb-margin-top:200px;--awb-text-font-family:&quot;Frutiger light&quot;;--awb-text-font-style:normal;--awb-text-font-weight:400;\"><\/div><\/div><\/div><div class=\"fusion-layout-column fusion_builder_column fusion-builder-column-5 fusion_builder_column_1_3 1_3 fusion-flex-column\" style=\"--awb-bg-size:cover;--awb-width-large:33.333333333333%;--awb-margin-top-large:0px;--awb-spacing-right-large:5.76%;--awb-margin-bottom-large:20px;--awb-spacing-left-large:5.76%;--awb-width-medium:33.333333333333%;--awb-order-medium:0;--awb-spacing-right-medium:5.76%;--awb-spacing-left-medium:5.76%;--awb-width-small:100%;--awb-order-small:0;--awb-spacing-right-small:1.92%;--awb-spacing-left-small:1.92%;\"><div class=\"fusion-column-wrapper fusion-column-has-shadow fusion-flex-justify-content-flex-start fusion-content-layout-column\"><div class=\"fusion-text fusion-text-4\" style=\"--awb-font-size:18px;--awb-text-color:#000000;--awb-margin-top:200px;--awb-text-font-family:&quot;Frutiger light&quot;;--awb-text-font-style:normal;--awb-text-font-weight:400;\"><\/div><\/div><\/div><div class=\"fusion-layout-column fusion_builder_column fusion-builder-column-6 fusion_builder_column_1_3 1_3 fusion-flex-column\" style=\"--awb-bg-size:cover;--awb-width-large:33.333333333333%;--awb-margin-top-large:0px;--awb-spacing-right-large:5.76%;--awb-margin-bottom-large:20px;--awb-spacing-left-large:5.76%;--awb-width-medium:33.333333333333%;--awb-order-medium:0;--awb-spacing-right-medium:5.76%;--awb-spacing-left-medium:5.76%;--awb-width-small:100%;--awb-order-small:0;--awb-spacing-right-small:1.92%;--awb-spacing-left-small:1.92%;\"><div class=\"fusion-column-wrapper fusion-column-has-shadow fusion-flex-justify-content-flex-start fusion-content-layout-column\"><div class=\"fusion-text fusion-text-5\" style=\"--awb-font-size:18px;--awb-text-color:#000000;--awb-margin-top:200px;--awb-text-font-family:&quot;Frutiger light&quot;;--awb-text-font-style:normal;--awb-text-font-weight:400;\"><\/div><\/div><\/div><\/div><\/div><div class=\"fusion-fullwidth fullwidth-box fusion-builder-row-2 fusion-flex-container has-pattern-background has-mask-background fusion-parallax-none nonhundred-percent-fullwidth non-hundred-percent-height-scrolling fusion-no-large-visibility fusion-custom-z-index\" style=\"--awb-background-position-small:center center;--awb-background-repeat-small:no-repeat;--awb-border-radius-top-left:0px;--awb-border-radius-top-right:0px;--awb-border-radius-bottom-right:0px;--awb-border-radius-bottom-left:0px;--awb-z-index:200;--awb-background-color-small:rgba(255,255,255,0);--awb-background-image:linear-gradient(180deg, rgba(255,255,255,0.5) 0%,rgba(255,255,255,0.5) 100%),url(https:\/\/www.nikolausmatthes.org\/wp-content\/uploads\/2025\/02\/Nikolaus-Matthes_Portrait_2024-02-29_1100.jpg);;--awb-background-image-small:linear-gradient(180deg, rgba(255,255,255,0.5) 0%,rgba(255,255,255,0.5) 100%),url(https:\/\/www.nikolausmatthes.org\/wp-content\/uploads\/2025\/02\/Nikolaus-Matthes_Portrait_2024-02-29_1100.jpg);;--awb-background-size:cover;--awb-background-size-small:cover;--awb-flex-wrap:wrap;\" ><div class=\"fusion-builder-row fusion-row fusion-flex-align-items-flex-start fusion-flex-content-wrap\" style=\"max-width:1248px;margin-left: calc(-4% \/ 2 );margin-right: calc(-4% \/ 2 );\"><div class=\"fusion-layout-column fusion_builder_column fusion-builder-column-7 fusion_builder_column_1_1 1_1 fusion-flex-column\" style=\"--awb-padding-top-small:200px;--awb-bg-size:cover;--awb-width-large:100%;--awb-margin-top-large:0px;--awb-spacing-right-large:1.92%;--awb-margin-bottom-large:20px;--awb-spacing-left-large:1.92%;--awb-width-medium:100%;--awb-order-medium:0;--awb-spacing-right-medium:1.92%;--awb-spacing-left-medium:1.92%;--awb-width-small:100%;--awb-order-small:0;--awb-spacing-right-small:1.92%;--awb-spacing-left-small:1.92%;\"><div class=\"fusion-column-wrapper fusion-column-has-shadow fusion-flex-justify-content-flex-start fusion-content-layout-column\"><div class=\"fusion-text fusion-text-6\" style=\"--awb-font-size:17px;--awb-text-font-family:&quot;Frutiger light&quot;;--awb-text-font-style:normal;--awb-text-font-weight:400;\"><p>18 juin 2027<br \/>\n<strong><a href=\"https:\/\/www.markuspassion.org\/fr\/2027-bachfest-leipzig\/\" target=\"_blank\" rel=\"noopener\">La Passion selon St-Marc invit\u00e9e au Bachfest Leipzig 2027<\/a><a href=\"https:\/\/www.markuspassion.org\/fr\/participants_en_2023\/\" target=\"_blank\" rel=\"noopener\"><br \/>\n<\/a><a href=\"https:\/\/www.markuspassion.org\/fr\/2027-bachfest-leipzig\/\" target=\"_blank\" rel=\"noopener\">Ch\u0153ur et orchestre \u00ab Gli Aspetti \u00bb<\/a><br \/>\n<\/strong>Daniel Johannsen, Georg Poplutz, Daniel P\u00e9rez, Marie Luise Werneburg, Annekathrin Laabs, Matthias Helm<strong><br \/>\nChef d&rsquo;orchestre<\/strong>\u00a0 \u00a0 Nikolaus Matthes<\/p>\n<p>.-.-.-.-.-.-.-.-.-.-.-.-.-.-.-.<\/p>\n<p><strong>ARCHIVE<\/strong><\/p>\n<p>5 et 7 juin 2026<br \/>\n<a href=\"https:\/\/www.markuspassion.org\/fr\/2026-usa\/\" target=\"_blank\" rel=\"noopener\"><strong>La Passion selon St-Marc &#8211; Premi\u00e8re repr\u00e9sentation en Am\u00e9rique du Nord<\/strong><\/a><br \/>\nAnnul\u00e9 &#8211; <a href=\"https:\/\/www.nikolausmatthes.org\/wp-content\/uploads\/2026\/02\/2026-02_MP_USA_Statement-2.pdf\" target=\"_blank\" rel=\"noopener\"><strong>lire la d\u00e9claration<\/strong><\/a><\/p>\n<p>7 et 8 mars 2026, \u00e0 18h00<br \/>\n<a href=\"https:\/\/jacobikantorei.de\/\" target=\"_blank\" rel=\"noopener\"><strong>Premi\u00e8re repr\u00e9sentation de la Passion selon St-Marc en Allemagne<\/strong><\/a><br \/>\n\u00c9glise de St. Jacobi, G\u00f6ttingen<br \/>\nDaniel Johannsen, Daniel P\u00e9rez,<br \/>\nAnna Nesyba, Annekathrin Laabs, Thomas Laske<br \/>\n<strong>Chef d&rsquo;orchestre<\/strong>\u00a0 \u00a0 Stefan Kordes<br \/>\n<a href=\"https:\/\/www.nikolausmatthes.org\/wp-content\/uploads\/2026\/02\/2026_MP_GOe_Programmheft_Matthes-Markuspassion.pdf\" target=\"_blank\" rel=\"noopener\"><strong>Programme de la premi\u00e8re repr\u00e9sentation en Allemagne<\/strong><\/a><\/p>\n<p>2 mars 2026, 13h00<br \/>\n<a href=\"https:\/\/www.ndr.de\/kultur\/sendungen\/ndr_kultur_a_la_carte\/markuspassion-in-der-goettinger-st-jakobikirche,sendung-56876.html\" target=\"_blank\" rel=\"noopener\"><strong>NDR Kultur \u00e0 la carte<\/strong><\/a><br \/>\nNikolaus Matthes en conversation avec Franziska von Busse<\/p>\n<p>16 f\u00e9vrier 2026, 18h00<br \/>\n<a href=\"https:\/\/jacobikantorei.de\/\" target=\"_blank\" rel=\"noopener\"><strong>La Passion selon St-Marc dans le style de J. S. Bach \u2013 R\u00e9flexions d&rsquo;un compositeur<\/strong><\/a><br \/>\nNikolaus Matthes en conversation avec Stefan Kordes<br \/>\nSalle paroissiale St. Jacobi, G\u00f6ttingen<br \/>\nEntr\u00e9e libre<\/p>\n<p>17 novembre 2025, 19h00<br \/>\n\u00c9glise de St-Paul,\u00a0B\u00e2le<br \/>\n<a href=\"https:\/\/www.nikolausmatthes.org\/wp-content\/uploads\/2025\/11\/2025-11-17_CHORKONZERT_SUITS_Programmheft_FUER_WEB.pdf\" target=\"_blank\" rel=\"noopener\"><strong>Concert pour Paul Suits<\/strong><\/a><br \/>\nCh\u0153ur et solistes ad hoc<br \/>\n<strong>Piano<\/strong>\u00a0 \u00a0 Nadia Carboni et Tatiana Korsunskaya<br \/>\n<b>Direction musicale<\/b>\u00a0 \u00a0 Nikolaus Matthes<\/p>\n<p>14 septembre 2025, 18h00<br \/>\n<a href=\"https:\/\/franziskabadertscher.ch\/konzertkalender.html#anchor_140925\" target=\"_blank\" rel=\"noopener\"><strong>In Davids Welt<\/strong><\/a> (Dans l&rsquo;univers de David)<br \/>\n<a href=\"https:\/\/franziskabadertscher.ch\/konzertkalender.html#anchor_140925\" target=\"_blank\" rel=\"noopener\"><strong>Concert en atelier n\u00b0 76<\/strong><\/a><br \/>\nNikolaus Matthes s&rsquo;entretient avec David Wohnlich<br \/>\nSt. Johanns-Vorstadt 16, 4051 B\u00e2le<\/p>\n<p>21 mars 2025<br \/>\n<a href=\"https:\/\/www.youtube.com\/watch?v=Z-npWawAvIk\" target=\"_blank\" rel=\"noopener\"><strong>Contrapunctus XIX &#8211; Sortie de l&rsquo;enregistrement en premi\u00e8re mondiale<\/strong><\/a><br \/>\n<strong>Piano<\/strong> \u00a0\u00a0 Paul Suits<\/p>\n<p>8 mars 2024<br \/>\n<a href=\"https:\/\/www.markuspassion.org\/fr\/enregistrements\/\" target=\"_blank\" rel=\"noopener\"><strong>Passion selon St-Marc &#8211; Sortie du disque<\/strong><\/a><br \/>\n<strong><a href=\"https:\/\/www.resonando.de\/en\/products\/rn-10018-markuspassion\" target=\"_blank\" rel=\"noopener\">resonando<\/a><\/strong><\/p>\n<p>23 mars 2023<br \/>\n<a href=\"https:\/\/www.markuspassion.org\/en\/concerts_2023\/\" target=\"_blank\" rel=\"noopener\"><strong>Passion selon St-Marc &#8211; Premi\u00e8re mondiale<\/strong><\/a><br \/>\n\u00c9glise de St-Pierre, Zurich<br \/>\n<a href=\"https:\/\/www.markuspassion.org\/fr\/participants_en_2023\/\" target=\"_blank\" rel=\"noopener\"><strong>Ch\u0153ur et orchestre \u00ab Gli Aspetti \u00bb<\/strong><\/a><br \/>\n<b>Chef d&rsquo;orchestre<\/b>\u00a0 \u00a0 Nikolaus Matthes<\/p>\n<p>24, 25 et 26 mars 2023<br \/>\n<a href=\"https:\/\/www.markuspassion.org\/en\/concerts_2023\/\" target=\"_blank\" rel=\"noopener\"><strong>Passion selon St-Marc &#8211; Concerts suivants<\/strong><\/a><br \/>\n\u00c9glise fran\u00e7aise, Berne<br \/>\n\u00c9glise de St-Pierre, B\u00e2le<br \/>\n\u00c9glise de St-Matthieu, Lucerne<br \/>\n<a href=\"https:\/\/www.markuspassion.org\/fr\/participants_en_2023\/\" target=\"_blank\" rel=\"noopener\"><strong>Ch\u0153ur et orchestre \u00ab Gli Aspetti \u00bb<\/strong><\/a><br \/>\n<b>Chef d&rsquo;orchestre<\/b>\u00a0 \u00a0 Nikolaus Matthes<\/p>\n<\/div><div class=\"fusion-text fusion-text-7\" style=\"--awb-font-size:17px;--awb-text-font-family:&quot;Frutiger light&quot;;--awb-text-font-style:normal;--awb-text-font-weight:400;\"><\/div><div class=\"fusion-text fusion-text-8\" style=\"--awb-font-size:17px;--awb-text-font-family:&quot;Frutiger light&quot;;--awb-text-font-style:normal;--awb-text-font-weight:400;\"><\/div><div class=\"fusion-text fusion-text-9\" style=\"--awb-font-size:17px;--awb-text-font-family:&quot;Frutiger light&quot;;--awb-text-font-style:normal;--awb-text-font-weight:400;\"><\/div><div class=\"fusion-text fusion-text-10\" style=\"--awb-font-size:17px;--awb-text-font-family:&quot;Frutiger light&quot;;--awb-text-font-style:normal;--awb-text-font-weight:400;\"><\/div><\/div><\/div><\/div><\/div><\/p>\n","protected":false},"excerpt":{"rendered":"","protected":false},"author":1,"featured_media":0,"parent":0,"menu_order":0,"comment_status":"closed","ping_status":"closed","template":"100-width.php","meta":{"footnotes":""},"class_list":["post-682","page","type-page","status-publish","hentry"],"_links":{"self":[{"href":"https:\/\/nikolausmatthes.org\/fr\/wp-json\/wp\/v2\/pages\/682","targetHints":{"allow":["GET"]}}],"collection":[{"href":"https:\/\/nikolausmatthes.org\/fr\/wp-json\/wp\/v2\/pages"}],"about":[{"href":"https:\/\/nikolausmatthes.org\/fr\/wp-json\/wp\/v2\/types\/page"}],"author":[{"embeddable":true,"href":"https:\/\/nikolausmatthes.org\/fr\/wp-json\/wp\/v2\/users\/1"}],"replies":[{"embeddable":true,"href":"https:\/\/nikolausmatthes.org\/fr\/wp-json\/wp\/v2\/comments?post=682"}],"version-history":[{"count":40,"href":"https:\/\/nikolausmatthes.org\/fr\/wp-json\/wp\/v2\/pages\/682\/revisions"}],"predecessor-version":[{"id":5198,"href":"https:\/\/nikolausmatthes.org\/fr\/wp-json\/wp\/v2\/pages\/682\/revisions\/5198"}],"wp:attachment":[{"href":"https:\/\/nikolausmatthes.org\/fr\/wp-json\/wp\/v2\/media?parent=682"}],"curies":[{"name":"wp","href":"https:\/\/api.w.org\/{rel}","templated":true}]}}