{"id":672,"date":"2025-02-08T13:36:52","date_gmt":"2025-02-08T12:36:52","guid":{"rendered":"https:\/\/www.nikolausmatthes.org\/vita\/"},"modified":"2025-02-12T19:08:43","modified_gmt":"2025-02-12T18:08:43","slug":"biographie","status":"publish","type":"page","link":"https:\/\/nikolausmatthes.org\/fr\/biographie\/","title":{"rendered":"Biographie"},"content":{"rendered":"<p><div class=\"fusion-fullwidth fullwidth-box fusion-builder-row-1 fusion-flex-container has-pattern-background has-mask-background fusion-parallax-fixed hundred-percent-fullwidth non-hundred-percent-height-scrolling fusion-no-small-visibility fusion-no-medium-visibility\" style=\"--awb-background-position:left center;--awb-background-position-medium:left center;--awb-background-position-small:center center;--awb-background-repeat-medium:no-repeat;--awb-background-repeat-small:no-repeat;--awb-border-radius-top-left:0px;--awb-border-radius-top-right:0px;--awb-border-radius-bottom-right:0px;--awb-border-radius-bottom-left:0px;--awb-padding-top:200px;--awb-padding-right:80px;--awb-background-image:linear-gradient(270deg, #ffffff 0%,rgba(255,255,255,0) 44%),url(http:\/\/nikolausmatthes.org\/wp-content\/uploads\/2025\/02\/Nikolaus-Matthes_Portrait_2024-02-29_1183_LANDING_PAGE.jpg);;--awb-background-image-medium:linear-gradient(270deg, #ffffff 0%,rgba(255,255,255,0) 44%),url(http:\/\/nikolausmatthes.org\/wp-content\/uploads\/2025\/02\/Nikolaus-Matthes_Portrait_2024-02-29_1183_LANDING_PAGE.jpg);;--awb-background-size:cover;--awb-background-size-medium:cover;--awb-flex-wrap:wrap;background-attachment:fixed;\" ><div class=\"fusion-builder-row fusion-row fusion-flex-align-items-flex-start fusion-flex-content-wrap\" style=\"width:104% !important;max-width:104% !important;margin-left: calc(-4% \/ 2 );margin-right: calc(-4% \/ 2 );\"><div class=\"fusion-layout-column fusion_builder_column fusion-builder-column-0 fusion_builder_column_1_3 1_3 fusion-flex-column\" style=\"--awb-bg-size:cover;--awb-width-large:33.333333333333%;--awb-margin-top-large:0px;--awb-spacing-right-large:5.76%;--awb-margin-bottom-large:20px;--awb-spacing-left-large:5.76%;--awb-width-medium:33.333333333333%;--awb-order-medium:0;--awb-spacing-right-medium:5.76%;--awb-spacing-left-medium:5.76%;--awb-width-small:100%;--awb-order-small:0;--awb-spacing-right-small:1.92%;--awb-spacing-left-small:1.92%;\"><div class=\"fusion-column-wrapper fusion-column-has-shadow fusion-flex-justify-content-flex-start fusion-content-layout-column\"><\/div><\/div><div class=\"fusion-layout-column fusion_builder_column fusion-builder-column-1 fusion_builder_column_1_3 1_3 fusion-flex-column\" style=\"--awb-bg-size:cover;--awb-width-large:33.333333333333%;--awb-margin-top-large:0px;--awb-spacing-right-large:5.76%;--awb-margin-bottom-large:20px;--awb-spacing-left-large:5.76%;--awb-width-medium:33.333333333333%;--awb-order-medium:0;--awb-spacing-right-medium:5.76%;--awb-spacing-left-medium:5.76%;--awb-width-small:100%;--awb-order-small:0;--awb-spacing-right-small:1.92%;--awb-spacing-left-small:1.92%;\"><div class=\"fusion-column-wrapper fusion-column-has-shadow fusion-flex-justify-content-flex-start fusion-content-layout-column\"><\/div><\/div><div class=\"fusion-layout-column fusion_builder_column fusion-builder-column-2 fusion_builder_column_1_3 1_3 fusion-flex-column\" style=\"--awb-bg-size:cover;--awb-width-large:33.333333333333%;--awb-margin-top-large:0px;--awb-spacing-right-large:5.76%;--awb-margin-bottom-large:20px;--awb-spacing-left-large:5.76%;--awb-width-medium:33.333333333333%;--awb-order-medium:0;--awb-spacing-right-medium:5.76%;--awb-spacing-left-medium:5.76%;--awb-width-small:100%;--awb-order-small:0;--awb-spacing-right-small:1.92%;--awb-spacing-left-small:1.92%;\"><div class=\"fusion-column-wrapper fusion-column-has-shadow fusion-flex-justify-content-flex-start fusion-content-layout-column\"><div class=\"fusion-text fusion-text-1\" style=\"--awb-font-size:18px;--awb-text-color:#000000;--awb-margin-top:200px;--awb-text-font-family:&quot;Frutiger light&quot;;--awb-text-font-style:normal;--awb-text-font-weight:400;\"><p>1981<br \/>\nN\u00e9 \u00e0 Berlin et grandi \u00e0 L\u00fcneburg \u00e0 partir de 1982<\/p>\n<p>1991<br \/>\nD\u00e9m\u00e9nagement \u00e0 B\u00e2le<\/p>\n<p>2000<br \/>\nMaturit\u00e9 de type M (musique)<\/p>\n<p>2001 \u00e0 2016<br \/>\nEnseignement des arts du spectacle vivant aux jeunes<\/p>\n<p>2004 \u00e0 2007<br \/>\n\u00c9tudes de cin\u00e9ma \u00e0 Londres; London Film Academy<\/p>\n<p>2013 \u00e0 2018<br \/>\n\u00c9tudes de composition, \u00e9criture et th\u00e9orie musicale avec Michel Roth et Johannes Menke<br \/>\nMusik-Akademie der Stadt Basel<\/p>\n<p>2016 \u00e0 2019<br \/>\nAssistant de l&rsquo;ing\u00e9nieur du son Stefan Ritzenthaler<br \/>\nGallus Media S. A., St. Gallen<\/p>\n<p>Depuis 2016<br \/>\nMusicien et chef d&rsquo;orchestre<\/p>\n<\/div><\/div><\/div><\/div><\/div><div class=\"fusion-fullwidth fullwidth-box fusion-builder-row-2 fusion-flex-container has-pattern-background has-mask-background fusion-parallax-none nonhundred-percent-fullwidth non-hundred-percent-height-scrolling fusion-no-large-visibility fusion-custom-z-index\" style=\"--awb-background-position-small:center center;--awb-background-repeat-small:no-repeat;--awb-border-radius-top-left:0px;--awb-border-radius-top-right:0px;--awb-border-radius-bottom-right:0px;--awb-border-radius-bottom-left:0px;--awb-z-index:200;--awb-background-color-small:rgba(255,255,255,0);--awb-background-image:linear-gradient(180deg, rgba(255,255,255,0.5) 0%,rgba(255,255,255,0.5) 100%),url(https:\/\/www.nikolausmatthes.org\/wp-content\/uploads\/2025\/02\/Nikolaus-Matthes_Portrait_2024-02-29_1100.jpg);;--awb-background-image-small:linear-gradient(180deg, rgba(255,255,255,0.5) 0%,rgba(255,255,255,0.5) 100%),url(https:\/\/www.nikolausmatthes.org\/wp-content\/uploads\/2025\/02\/Nikolaus-Matthes_Portrait_2024-02-29_1100.jpg);;--awb-background-size:cover;--awb-background-size-small:cover;--awb-flex-wrap:wrap;\" ><div class=\"fusion-builder-row fusion-row fusion-flex-align-items-flex-start fusion-flex-content-wrap\" style=\"max-width:1248px;margin-left: calc(-4% \/ 2 );margin-right: calc(-4% \/ 2 );\"><div class=\"fusion-layout-column fusion_builder_column fusion-builder-column-3 fusion_builder_column_1_1 1_1 fusion-flex-column\" style=\"--awb-padding-top-small:200px;--awb-bg-size:cover;--awb-width-large:100%;--awb-margin-top-large:0px;--awb-spacing-right-large:1.92%;--awb-margin-bottom-large:20px;--awb-spacing-left-large:1.92%;--awb-width-medium:100%;--awb-order-medium:0;--awb-spacing-right-medium:1.92%;--awb-spacing-left-medium:1.92%;--awb-width-small:100%;--awb-order-small:0;--awb-spacing-right-small:1.92%;--awb-spacing-left-small:1.92%;\"><div class=\"fusion-column-wrapper fusion-column-has-shadow fusion-flex-justify-content-flex-start fusion-content-layout-column\"><div class=\"fusion-text fusion-text-2\" style=\"--awb-font-size:17px;--awb-text-font-family:&quot;Frutiger light&quot;;--awb-text-font-style:normal;--awb-text-font-weight:400;\"><p>1981<br \/>\nN\u00e9 \u00e0 Berlin et grandi \u00e0 L\u00fcneburg \u00e0 partir de 1982<\/p>\n<p>1991<br \/>\nD\u00e9m\u00e9nagement \u00e0 B\u00e2le<\/p>\n<p>2000<br \/>\nMaturit\u00e9 de type M (musique)<\/p>\n<p>2001 \u00e0 2016<br \/>\nEnseignement des arts du spectacle vivant aux jeunes<\/p>\n<p>2004 \u00e0 2007<br \/>\n\u00c9tudes de cin\u00e9ma \u00e0 Londres; London Film Academy<\/p>\n<p>2013 \u00e0 2018<br \/>\n\u00c9tudes de composition, \u00e9criture et th\u00e9orie musicale avec Michel Roth et Johannes Menke<br \/>\nMusik-Akademie der Stadt Basel<\/p>\n<p>2016 \u00e0 2019<br \/>\nAssistant de l&rsquo;ing\u00e9nieur du son Stefan Ritzenthaler<br \/>\nGallus Media S. A., St. Gallen<\/p>\n<p>Depuis 2016<br \/>\nMusicien et chef d&rsquo;orchestre<\/p>\n<\/div><\/div><\/div><\/div><\/div><\/p>\n","protected":false},"excerpt":{"rendered":"","protected":false},"author":1,"featured_media":0,"parent":0,"menu_order":0,"comment_status":"closed","ping_status":"closed","template":"100-width.php","meta":{"footnotes":""},"class_list":["post-672","page","type-page","status-publish","hentry"],"_links":{"self":[{"href":"https:\/\/nikolausmatthes.org\/fr\/wp-json\/wp\/v2\/pages\/672","targetHints":{"allow":["GET"]}}],"collection":[{"href":"https:\/\/nikolausmatthes.org\/fr\/wp-json\/wp\/v2\/pages"}],"about":[{"href":"https:\/\/nikolausmatthes.org\/fr\/wp-json\/wp\/v2\/types\/page"}],"author":[{"embeddable":true,"href":"https:\/\/nikolausmatthes.org\/fr\/wp-json\/wp\/v2\/users\/1"}],"replies":[{"embeddable":true,"href":"https:\/\/nikolausmatthes.org\/fr\/wp-json\/wp\/v2\/comments?post=672"}],"version-history":[{"count":4,"href":"https:\/\/nikolausmatthes.org\/fr\/wp-json\/wp\/v2\/pages\/672\/revisions"}],"predecessor-version":[{"id":3678,"href":"https:\/\/nikolausmatthes.org\/fr\/wp-json\/wp\/v2\/pages\/672\/revisions\/3678"}],"wp:attachment":[{"href":"https:\/\/nikolausmatthes.org\/fr\/wp-json\/wp\/v2\/media?parent=672"}],"curies":[{"name":"wp","href":"https:\/\/api.w.org\/{rel}","templated":true}]}}