{"id":3661,"date":"2025-02-12T18:55:37","date_gmt":"2025-02-12T17:55:37","guid":{"rendered":"https:\/\/www.nikolausmatthes.org\/presse\/"},"modified":"2026-03-12T13:43:45","modified_gmt":"2026-03-12T12:43:45","slug":"presse","status":"publish","type":"page","link":"https:\/\/nikolausmatthes.org\/fr\/presse\/","title":{"rendered":"Presse"},"content":{"rendered":"<p><div class=\"fusion-fullwidth fullwidth-box fusion-builder-row-1 fusion-flex-container has-pattern-background has-mask-background fusion-parallax-fixed hundred-percent-fullwidth non-hundred-percent-height-scrolling fusion-no-small-visibility fusion-no-medium-visibility\" style=\"--awb-background-position:left center;--awb-background-position-medium:left center;--awb-background-position-small:center center;--awb-background-repeat-medium:no-repeat;--awb-background-repeat-small:no-repeat;--awb-border-radius-top-left:0px;--awb-border-radius-top-right:0px;--awb-border-radius-bottom-right:0px;--awb-border-radius-bottom-left:0px;--awb-padding-top:200px;--awb-padding-right:80px;--awb-background-image:linear-gradient(270deg, #ffffff 0%,rgba(255,255,255,0) 44%),url(http:\/\/nikolausmatthes.org\/wp-content\/uploads\/2025\/02\/Nikolaus-Matthes_Portrait_2024-02-29_1183_LANDING_PAGE.jpg);;--awb-background-image-medium:linear-gradient(270deg, #ffffff 0%,rgba(255,255,255,0) 44%),url(http:\/\/nikolausmatthes.org\/wp-content\/uploads\/2025\/02\/Nikolaus-Matthes_Portrait_2024-02-29_1183_LANDING_PAGE.jpg);;--awb-background-size:cover;--awb-background-size-medium:cover;--awb-flex-wrap:wrap;background-attachment:fixed;\" ><div class=\"fusion-builder-row fusion-row fusion-flex-align-items-flex-start fusion-flex-content-wrap\" style=\"width:104% !important;max-width:104% !important;margin-left: calc(-4% \/ 2 );margin-right: calc(-4% \/ 2 );\"><div class=\"fusion-layout-column fusion_builder_column fusion-builder-column-0 fusion_builder_column_1_3 1_3 fusion-flex-column\" style=\"--awb-bg-size:cover;--awb-width-large:33.333333333333%;--awb-margin-top-large:0px;--awb-spacing-right-large:5.76%;--awb-margin-bottom-large:20px;--awb-spacing-left-large:5.76%;--awb-width-medium:33.333333333333%;--awb-order-medium:0;--awb-spacing-right-medium:5.76%;--awb-spacing-left-medium:5.76%;--awb-width-small:100%;--awb-order-small:0;--awb-spacing-right-small:1.92%;--awb-spacing-left-small:1.92%;\"><div class=\"fusion-column-wrapper fusion-column-has-shadow fusion-flex-justify-content-flex-start fusion-content-layout-column\"><\/div><\/div><div class=\"fusion-layout-column fusion_builder_column fusion-builder-column-1 fusion_builder_column_1_3 1_3 fusion-flex-column\" style=\"--awb-bg-size:cover;--awb-width-large:33.333333333333%;--awb-margin-top-large:0px;--awb-spacing-right-large:5.76%;--awb-margin-bottom-large:20px;--awb-spacing-left-large:5.76%;--awb-width-medium:33.333333333333%;--awb-order-medium:0;--awb-spacing-right-medium:5.76%;--awb-spacing-left-medium:5.76%;--awb-width-small:100%;--awb-order-small:0;--awb-spacing-right-small:1.92%;--awb-spacing-left-small:1.92%;\"><div class=\"fusion-column-wrapper fusion-column-has-shadow fusion-flex-justify-content-flex-start fusion-content-layout-column\"><\/div><\/div><div class=\"fusion-layout-column fusion_builder_column fusion-builder-column-2 fusion_builder_column_1_3 1_3 fusion-flex-column\" style=\"--awb-bg-size:cover;--awb-width-large:33.333333333333%;--awb-margin-top-large:0px;--awb-spacing-right-large:5.76%;--awb-margin-bottom-large:20px;--awb-spacing-left-large:5.76%;--awb-width-medium:33.333333333333%;--awb-order-medium:0;--awb-spacing-right-medium:5.76%;--awb-spacing-left-medium:5.76%;--awb-width-small:100%;--awb-order-small:0;--awb-spacing-right-small:1.92%;--awb-spacing-left-small:1.92%;\"><div class=\"fusion-column-wrapper fusion-column-has-shadow fusion-flex-justify-content-flex-start fusion-content-layout-column\"><div class=\"fusion-text fusion-text-1\" style=\"--awb-font-size:18px;--awb-text-color:#000000;--awb-margin-top:200px;--awb-text-font-family:&quot;Frutiger light&quot;;--awb-text-font-style:normal;--awb-text-font-weight:400;\"><p>\u00ab Une ovation debout \u00e0 la fin d&rsquo;une repr\u00e9sentation d&rsquo;une Passion : cela arrive rarement. Mais la repr\u00e9sentation de la Passion selon St-Marc de Nikolaus Matthes samedi dernier \u00e0 l&rsquo;\u00e9glise de St. Jacobi a soulev\u00e9 le public de ses si\u00e8ges. \u00bb<br \/>\n<strong><a href=\"https:\/\/www.nikolausmatthes.org\/wp-content\/uploads\/2026\/03\/2026-03-09_MP_GOe_Rezension_Goettinger_Tageblatt-scaled.jpg\" target=\"_blank\" rel=\"noopener\">G\u00f6ttinger Tageblatt<\/a><\/strong><br \/>\n<em>Michael Sch\u00e4fer, 9 mars 2026<\/em><\/p>\n<p>\u00ab\u00a0\u00c7a doit \u00eatre de Bach \u2013 Matthes a compos\u00e9 une Passion selon St. Marc qui aurait pu sortir de la plume du Ma\u00eetre lui-m\u00eame {\u2026} audacieux, bien ficel\u00e9 dans un style connu de tous, et valant la peine d\u2019\u00e9couter.\u00a0\u00bb<br \/>\n<a href=\"https:\/\/www.sueddeutsche.de\/kultur\/markus-passion-nikolaus-matthes-johann-sebastian-bach-1.6491510?source=rss&amp;reduced=true\" target=\"_blank\" rel=\"noopener\"><strong>S\u00fcddeutsche Zeitung<\/strong><\/a><br \/>\n<em>Reinhard J. Brembeck, 28 \/ 29 mars 2024<\/em><\/p>\n<p>\u00ab\u00a0En accord respectueux avec le langage musical de Bach {\u2026} une d\u00e9marche dans une gravit\u00e9 profonde, d\u00e9pourvu de tout<em> vanitas <\/em>(\u2026) constamment consacr\u00e9 \u00e0 l\u2019esprit et la tradition des Passions baroques.\u00a0\u00bb<br \/>\n<a href=\"https:\/\/www.faz.net\/aktuell\/feuilleton\/buehne-und-konzert\/nikolaus-matthes-barocke-neuvertonung-einer-markus-passion-19637108.html\" target=\"_blank\" rel=\"noopener\"><strong>Frankfurter Allgemeine Zeitung<\/strong><\/a><br \/>\n<em>Werner M. Grimmel, 7 \/ 8 avril 2024<\/em><\/p>\n<p>\u00ab\u00a0Une \u0153uvre baroque de nos temps {\u2026} en \u00e9coutant, on pourrait croire que Nikolaus Matthes aurait \u00e9t\u00e9 apprenti de Bach lui-m\u00eame.\u00a0\u00bb<br \/>\n<a href=\"https:\/\/www.ndr.de\/kultur\/sendungen\/das_konzert\/Die-Markuspassion-neu-vertont,sendung1430710.html\" target=\"_blank\" rel=\"noopener\"><strong>Radio NDR Kultur \u2013 \u00ab Das Konzert \u00bb<\/strong><\/a><br \/>\n<em>Franziska von Busse, Vendredi Saint, 29 mars 2024<\/em><\/p>\n<p>\u00ab\u00a0Le plus intriguant parmi les nouveaux enregistrements des Passions cette ann\u00e9e {\u2026} tellement baroque \u2013 et pourtant une nouvelle cr\u00e9ation de ces derni\u00e8res ann\u00e9es {\u2026}. J\u2019ai trouv\u00e9 cela d\u2019une efficacit\u00e9 surprenante, surtout dans une interpr\u00e9tation aussi engag\u00e9e que celui-ci. {\u2026} Une toute nouvelle Passion selon St Marc qui donne un sentiment d\u2019\u00eatre de l\u2019\u00e9poque de Bach, mais simultan\u00e9ment d\u2019une vraie fra\u00eecheur et vitalit\u00e9.\u00a0\u00bb<br \/>\n<a href=\"https:\/\/www.nikolausmatthes.org\/wp-content\/uploads\/2025\/02\/2024-03-30_MP_BBC-3_Record_Review.pdf\" target=\"_blank\" rel=\"noopener\"><strong>RADIO BBC 3 \u2013 Record Review<\/strong><\/a><br \/>\n<em>Andrew McGregor, 30 mars 2024<\/em><\/p>\n<p>\u00ab {&#8230;} dans la \u2039 voie de d\u00e9passement \u203a , laissant derri\u00e8re toute tentative musicologique de reconstruction {&#8230;}, un oratorio dont on peut dire : \u2039 et re-incarnatus est\u2026 \u203a \u00bb<br \/>\n<a href=\"https:\/\/www.proclassics.de\/tontraeger\/nikolaus-matthes-markuspassion-neu-komponiert-auf-den-originalen-picander-text\/\" target=\"_blank\" rel=\"noopener\"><strong>Pro Classics<\/strong><\/a><br \/>\n<em>Dr. Eckhardt van den Hoogen, f\u00e9vrier 2024<\/em><\/p>\n<p>\u00ab Matthes a compos\u00e9 une Passion selon St-Marc <em>dans le style de Jean-S\u00e9bastien Bach<\/em> sur le texte de Picander \u2013 et celle-ci sonne tellement \u2039 bachique \u203a qu&rsquo;on pourrait croire que Matthes est un cam\u00e9l\u00e9on capable, lorsqu&rsquo;il rencontre Bach, d&rsquo;adapter parfaitement sa peau \u00e0 son interlocuteur. \u00bb<br \/>\n<a href=\"https:\/\/www.nikolausmatthes.org\/wp-content\/uploads\/2026\/02\/Novelletten-299.pdf\" target=\"_blank\" rel=\"noopener\"><strong>G\u00f6ttinger Kammermusikgesellschaft e. V., Novellette n\u00b0 299<\/strong><\/a><br \/>\n<em>Michael Sch\u00e4fer, 18 f\u00e9vrier 2026<\/em><\/p>\n<p>\u00ab\u00a0Une oreille \u00e0 l\u2019\u00e9poque baroque, l\u2019autre dans le pr\u00e9sent.\u00a0\u00bb<br \/>\n<a href=\"https:\/\/www.musik.bs\/articles\/die-markuspassion-neu-vertont-dieser-basler-spricht-fliessend-bach\" target=\"_blank\" rel=\"noopener\"><strong>Musik Basel<\/strong><\/a><br \/>\n<em>Kathrin Signer, 10 avril 2024<\/em><\/p>\n<p>\u00ab On en sort en se posant la question de ce que \u00e7a donnerait un Matthes qui dirige les originaux de Bach (St Jean et St Mathieu) ? \u00bb<br \/>\n<a href=\"https:\/\/www.nikolausmatthes.org\/wp-content\/uploads\/2025\/02\/2024-05-01_FANFARE_Review_01_Clarke.pdf\" target=\"_blank\" rel=\"noopener\"><strong>Fanfare Magazine<\/strong><\/a><br \/>\n<em>Colin Clarke, 1 mai 2024<\/em><\/p>\n<p>\u00ab Matthes fait ses preuves autant en tant que chef d\u2019orchestre que compositeur.\u00a0 {\u2026} Recommand\u00e9 emphatiquement et avec urgence. \u00bb<br \/>\n<a href=\"https:\/\/www.nikolausmatthes.org\/wp-content\/uploads\/2025\/02\/2024-05-26_FANFARE_Review_04_Altena.pdf\" target=\"_blank\" rel=\"noopener\"><strong>Fanfare Magazine<\/strong><\/a><br \/>\n<em>James A. Altena, 26 mai 2024<\/em><\/p>\n<p>\u00ab La Passion selon St Marc de Matthes triomphe comme une &lsquo;\u0153uvre contemporaine \u00e9crite dans le style baroque\u2019. C\u2019est aussi une exp\u00e9rience musicale et dramatique saisissante, qui proc\u00e8de avec un \u00e9lan notoire. Tout l\u2019honneur est d\u00fb \u00e0 l\u2019\u00e9quipe superbe de vocalistes et instrumentistes baroques, assembl\u00e9 par Matthes et dirig\u00e9 par le m\u00eame dans les concerts et l\u2019enregistrement de sa Passion selon St Marc {\u2026}. L\u2019enregistrement de premi\u00e8re qualit\u00e9, tout comme l\u2019emballage. {\u2026} C\u2019est une r\u00e9ussite tout \u00e0 fait remarquable et d\u2019une fascination sans fin. \u00bb<br \/>\n<a href=\"https:\/\/www.nikolausmatthes.org\/wp-content\/uploads\/2025\/02\/2024-05-26_FANFARE_Review_05_Meltzer.pdf\" target=\"_blank\" rel=\"noopener\"><strong>Fanfare Magazine<\/strong><\/a><br \/>\n<em>Ken Meltzer, 26 mai 2024<\/em><\/p>\n<p>\u00ab Ce que Nikolaus Matthes a r\u00e9alis\u00e9 dans cette \u0153uvre est tout simplement \u00e9poustouflant, et il a fait un grand cadeau aux m\u00e9lomanes en l\u2019\u00e9crivant. En tant que chr\u00e9tien, j\u2019ai trouv\u00e9 dans cette \u0153uvre non seulement une magnifique exp\u00e9rience musicale, mais aussi une occasion de culte profond\u00e9ment \u00e9mouvante. J\u2019esp\u00e8re que, t\u00f4t ou tard, cette \u0153uvre sera jou\u00e9e \u00e0 grande \u00e9chelle comme elle le m\u00e9rite. \u00bb<br \/>\n<a href=\"https:\/\/www.nikolausmatthes.org\/wp-content\/uploads\/2025\/02\/2024-11-01_FANFARE_Review_7_Canfield.pdf\" target=\"_blank\" rel=\"noopener\"><strong>Fanfare Magazine<\/strong><\/a><br \/>\n<em>David DeBoor Canfield, automne 2024<\/em><\/p>\n<p>\u00ab Conscient que des professionnels extraordinairement comp\u00e9tents se tenaient et s&rsquo;asseyaient devant lui, Matthes a permis \u00e0 son ensemble de jouer, de faire de la musique, de chanter, d&rsquo;interagir, de se perdre dans la musique, de se regrouper, de jouer au maximum de ses capacit\u00e9s. Ici, rien n&rsquo;a \u00e9t\u00e9 r\u00e9prim\u00e9 : au moment o\u00f9 le dernier accord de chaque num\u00e9ro s&rsquo;\u00e9teint, le geste du chef d&rsquo;orchestre est men\u00e9 \u00e0 son terme. La qualit\u00e9 remarquable et intens\u00e9ment transcendante de cette musique a peut-\u00eatre quelque chose \u00e0 voir avec la mani\u00e8re dont elle a \u00e9t\u00e9 dirig\u00e9e : nous avan\u00e7ons ensemble dans cette Passion, nous la d\u00e9couvrons et nous la laissons sonner. R\u00e9aliser une partition aussi complexe avec autant de logique, de douceur (j&rsquo;aimerais presque dire \u00ab d&rsquo;amour \u00bb) et d&rsquo;\u00e9nergie rel\u00e8ve du grand art, quelque chose que l&rsquo;on ne peut extraire de l&rsquo;ensemble, mais que l&rsquo;on ne peut que laisser grandir et prosp\u00e9rer. Nikolaus Matthes doit \u00eatre un homme qui ne laisse rien au hasard dans la composition, la planification, la pr\u00e9paration et le choix de ses coll\u00e8gues \u2013 et qui, justement gr\u00e2ce \u00e0 tout cela, est capable de l\u00e2cher prise au moment crucial, de laisser la musique surgir, de percevoir m\u00eame apparemment le public, de travailler avec la r\u00e9sonance de l&rsquo;espace pr\u00e9sent. \u00bb<br \/>\n<a href=\"https:\/\/www.nikolausmatthes.org\/wp-content\/uploads\/2025\/02\/STRASSMANN_Zur_Markuspassion_von_Nikolaus_Matthes_in_Luzern.pdf\" target=\"_blank\" rel=\"noopener\"><strong>Pius Strassmann, Lucerne<\/strong><\/a><br \/>\n<em>7 avril 2023<\/em><\/p>\n<\/div><\/div><\/div><\/div><\/div><div class=\"fusion-fullwidth fullwidth-box fusion-builder-row-2 fusion-flex-container has-pattern-background has-mask-background fusion-parallax-none nonhundred-percent-fullwidth non-hundred-percent-height-scrolling fusion-no-large-visibility fusion-custom-z-index\" style=\"--awb-background-position-small:center center;--awb-background-repeat-small:no-repeat;--awb-border-radius-top-left:0px;--awb-border-radius-top-right:0px;--awb-border-radius-bottom-right:0px;--awb-border-radius-bottom-left:0px;--awb-z-index:200;--awb-background-color-small:rgba(255,255,255,0);--awb-background-image:linear-gradient(180deg, rgba(255,255,255,0.5) 0%,rgba(255,255,255,0.5) 100%),url(https:\/\/www.nikolausmatthes.org\/wp-content\/uploads\/2025\/02\/Nikolaus-Matthes_Portrait_2024-02-29_1100.jpg);;--awb-background-image-small:linear-gradient(180deg, rgba(255,255,255,0.5) 0%,rgba(255,255,255,0.5) 100%),url(https:\/\/www.nikolausmatthes.org\/wp-content\/uploads\/2025\/02\/Nikolaus-Matthes_Portrait_2024-02-29_1100.jpg);;--awb-background-size:cover;--awb-background-size-small:cover;--awb-flex-wrap:wrap;\" ><div class=\"fusion-builder-row fusion-row fusion-flex-align-items-flex-start fusion-flex-content-wrap\" style=\"max-width:1248px;margin-left: calc(-4% \/ 2 );margin-right: calc(-4% \/ 2 );\"><div class=\"fusion-layout-column fusion_builder_column fusion-builder-column-3 fusion_builder_column_1_1 1_1 fusion-flex-column\" style=\"--awb-padding-top-small:200px;--awb-bg-size:cover;--awb-width-large:100%;--awb-margin-top-large:0px;--awb-spacing-right-large:1.92%;--awb-margin-bottom-large:20px;--awb-spacing-left-large:1.92%;--awb-width-medium:100%;--awb-order-medium:0;--awb-spacing-right-medium:1.92%;--awb-spacing-left-medium:1.92%;--awb-width-small:100%;--awb-order-small:0;--awb-spacing-right-small:1.92%;--awb-spacing-left-small:1.92%;\"><div class=\"fusion-column-wrapper fusion-column-has-shadow fusion-flex-justify-content-flex-start fusion-content-layout-column\"><div class=\"fusion-text fusion-text-2\" style=\"--awb-font-size:17px;--awb-text-font-family:&quot;Frutiger light&quot;;--awb-text-font-style:normal;--awb-text-font-weight:400;\"><p>\u00ab Une ovation debout \u00e0 la fin d&rsquo;une repr\u00e9sentation d&rsquo;une Passion : cela arrive rarement. Mais la repr\u00e9sentation de la Passion selon St-Marc de Nikolaus Matthes samedi dernier \u00e0 l&rsquo;\u00e9glise de St. Jacobi a soulev\u00e9 le public de ses si\u00e8ges. \u00bb<br \/>\n<strong><a href=\"https:\/\/www.nikolausmatthes.org\/wp-content\/uploads\/2026\/03\/2026-03-09_MP_GOe_Rezension_Goettinger_Tageblatt-scaled.jpg\" target=\"_blank\" rel=\"noopener\">G\u00f6ttinger Tageblatt<\/a><\/strong><br \/>\n<em>Michael Sch\u00e4fer, 9 mars 2026<\/em><\/p>\n<p>\u00ab\u00a0\u00c7a doit \u00eatre de Bach \u2013 Matthes a compos\u00e9 une Passion selon St. Marc qui aurait pu sortir de la plume du Ma\u00eetre lui-m\u00eame {\u2026} audacieux, bien ficel\u00e9 dans un style connu de tous, et valant la peine d\u2019\u00e9couter.\u00a0\u00bb<br \/>\n<a href=\"https:\/\/www.sueddeutsche.de\/kultur\/markus-passion-nikolaus-matthes-johann-sebastian-bach-1.6491510?source=rss&amp;reduced=true\" target=\"_blank\" rel=\"noopener\"><strong>S\u00fcddeutsche Zeitung<\/strong><\/a><br \/>\n<em>Reinhard J. Brembeck, 28 \/ 29 mars 2024<\/em><\/p>\n<p>\u00ab\u00a0En accord respectueux avec le langage musical de Bach {\u2026} une d\u00e9marche dans une gravit\u00e9 profonde, d\u00e9pourvu de tout<em> vanitas <\/em>(\u2026) constamment consacr\u00e9 \u00e0 l\u2019esprit et la tradition des Passions baroques.\u00a0\u00bb<br \/>\n<a href=\"https:\/\/www.faz.net\/aktuell\/feuilleton\/buehne-und-konzert\/nikolaus-matthes-barocke-neuvertonung-einer-markus-passion-19637108.html\" target=\"_blank\" rel=\"noopener\"><strong>Frankfurter Allgemeine Zeitung<\/strong><\/a><br \/>\n<em>Werner M. Grimmel, 7 \/ 8 avril 2024<\/em><\/p>\n<p>\u00ab\u00a0Une \u0153uvre baroque de nos temps {\u2026} en \u00e9coutant, on pourrait croire que Nikolaus Matthes aurait \u00e9t\u00e9 apprenti de Bach lui-m\u00eame.\u00a0\u00bb<br \/>\n<a href=\"https:\/\/www.ndr.de\/kultur\/sendungen\/das_konzert\/Die-Markuspassion-neu-vertont,sendung1430710.html\" target=\"_blank\" rel=\"noopener\"><strong>Radio NDR Kultur \u2013 \u00ab Das Konzert \u00bb<\/strong><\/a><br \/>\n<em>Franziska von Busse, Vendredi Saint, 29 mars 2024<\/em><\/p>\n<p>\u00ab\u00a0Le plus intriguant parmi les nouveaux enregistrements des Passions cette ann\u00e9e {\u2026} tellement baroque \u2013 et pourtant une nouvelle cr\u00e9ation de ces derni\u00e8res ann\u00e9es {\u2026}. J\u2019ai trouv\u00e9 cela d\u2019une efficacit\u00e9 surprenante, surtout dans une interpr\u00e9tation aussi engag\u00e9e que celui-ci. {\u2026} Une toute nouvelle Passion selon St Marc qui donne un sentiment d\u2019\u00eatre de l\u2019\u00e9poque de Bach, mais simultan\u00e9ment d\u2019une vraie fra\u00eecheur et vitalit\u00e9.\u00a0\u00bb<br \/>\n<a href=\"https:\/\/www.nikolausmatthes.org\/wp-content\/uploads\/2025\/02\/2024-03-30_MP_BBC-3_Record_Review.pdf\" target=\"_blank\" rel=\"noopener\"><strong>RADIO BBC 3 \u2013 Record Review<\/strong><\/a><br \/>\n<em>Andrew McGregor, 30 mars 2024<\/em><\/p>\n<p>\u00ab {&#8230;} dans la \u2039 voie de d\u00e9passement \u203a , laissant derri\u00e8re toute tentative musicologique de reconstruction {&#8230;}, un oratorio dont on peut dire : \u2039 et re-incarnatus est\u2026 \u203a \u00bb<br \/>\n<a href=\"https:\/\/www.proclassics.de\/tontraeger\/nikolaus-matthes-markuspassion-neu-komponiert-auf-den-originalen-picander-text\/\" target=\"_blank\" rel=\"noopener\"><strong>Pro Classics<\/strong><\/a><br \/>\n<em>Dr. Eckhardt van den Hoogen, f\u00e9vrier 2024<\/em><\/p>\n<p>\u00ab Matthes a compos\u00e9 une Passion selon St-Marc <em>dans le style de Jean-S\u00e9bastien Bach<\/em> sur le texte de Picander \u2013 et celle-ci sonne tellement \u2039 bachique \u203a qu&rsquo;on pourrait croire que Matthes est un cam\u00e9l\u00e9on capable, lorsqu&rsquo;il rencontre Bach, d&rsquo;adapter parfaitement sa peau \u00e0 son interlocuteur. \u00bb<br \/>\n<a href=\"https:\/\/www.nikolausmatthes.org\/wp-content\/uploads\/2026\/02\/Novelletten-299.pdf\" target=\"_blank\" rel=\"noopener\"><strong>G\u00f6ttinger Kammermusikgesellschaft e. V., Novellette n\u00b0 299<\/strong><\/a><br \/>\n<em>Michael Sch\u00e4fer, 18 f\u00e9vrier 2026<\/em><\/p>\n<p>\u00ab\u00a0Une oreille \u00e0 l\u2019\u00e9poque baroque, l\u2019autre dans le pr\u00e9sent.\u00a0\u00bb<br \/>\n<a href=\"https:\/\/www.musik.bs\/articles\/die-markuspassion-neu-vertont-dieser-basler-spricht-fliessend-bach\" target=\"_blank\" rel=\"noopener\"><strong>Musik Basel<\/strong><\/a><br \/>\n<em>Kathrin Signer, 10 avril 2024<\/em><\/p>\n<p>\u00ab On en sort en se posant la question de ce que \u00e7a donnerait un Matthes qui dirige les originaux de Bach (St Jean et St Mathieu) ? \u00bb<br \/>\n<a href=\"https:\/\/www.nikolausmatthes.org\/wp-content\/uploads\/2025\/02\/2024-05-01_FANFARE_Review_01_Clarke.pdf\" target=\"_blank\" rel=\"noopener\"><strong>Fanfare Magazine<\/strong><\/a><br \/>\n<em>Colin Clarke, 1 mai 2024<\/em><\/p>\n<p>\u00ab Matthes fait ses preuves autant en tant que chef d\u2019orchestre que compositeur.\u00a0 {\u2026} Recommand\u00e9 emphatiquement et avec urgence. \u00bb<br \/>\n<a href=\"https:\/\/www.nikolausmatthes.org\/wp-content\/uploads\/2025\/02\/2024-05-26_FANFARE_Review_04_Altena.pdf\" target=\"_blank\" rel=\"noopener\"><strong>Fanfare Magazine<\/strong><\/a><br \/>\n<em>James A. Altena, 26 mai 2024<\/em><\/p>\n<p>\u00ab La Passion selon St Marc de Matthes triomphe comme une &lsquo;\u0153uvre contemporaine \u00e9crite dans le style baroque\u2019. C\u2019est aussi une exp\u00e9rience musicale et dramatique saisissante, qui proc\u00e8de avec un \u00e9lan notoire. Tout l\u2019honneur est d\u00fb \u00e0 l\u2019\u00e9quipe superbe de vocalistes et instrumentistes baroques, assembl\u00e9 par Matthes et dirig\u00e9 par le m\u00eame dans les concerts et l\u2019enregistrement de sa Passion selon St Marc {\u2026}. L\u2019enregistrement de premi\u00e8re qualit\u00e9, tout comme l\u2019emballage. {\u2026} C\u2019est une r\u00e9ussite tout \u00e0 fait remarquable et d\u2019une fascination sans fin. \u00bb<br \/>\n<a href=\"https:\/\/www.nikolausmatthes.org\/wp-content\/uploads\/2025\/02\/2024-05-26_FANFARE_Review_05_Meltzer.pdf\" target=\"_blank\" rel=\"noopener\"><strong>Fanfare Magazine<\/strong><\/a><br \/>\n<em>Ken Meltzer, 26 mai 2024<\/em><\/p>\n<p>\u00ab Ce que Nikolaus Matthes a r\u00e9alis\u00e9 dans cette \u0153uvre est tout simplement \u00e9poustouflant, et il a fait un grand cadeau aux m\u00e9lomanes en l\u2019\u00e9crivant. En tant que chr\u00e9tien, j\u2019ai trouv\u00e9 dans cette \u0153uvre non seulement une magnifique exp\u00e9rience musicale, mais aussi une occasion de culte profond\u00e9ment \u00e9mouvante. J\u2019esp\u00e8re que, t\u00f4t ou tard, cette \u0153uvre sera jou\u00e9e \u00e0 grande \u00e9chelle comme elle le m\u00e9rite. \u00bb<br \/>\n<a href=\"https:\/\/www.nikolausmatthes.org\/wp-content\/uploads\/2025\/02\/2024-11-01_FANFARE_Review_7_Canfield.pdf\" target=\"_blank\" rel=\"noopener\"><strong>Fanfare Magazine<\/strong><\/a><br \/>\n<em>David DeBoor Canfield, automne 2024<\/em><\/p>\n<p>\u00ab Conscient que des professionnels extraordinairement comp\u00e9tents se tenaient et s&rsquo;asseyaient devant lui, Matthes a permis \u00e0 son ensemble de jouer, de faire de la musique, de chanter, d&rsquo;interagir, de se perdre dans la musique, de se regrouper, de jouer au maximum de ses capacit\u00e9s. Ici, rien n&rsquo;a \u00e9t\u00e9 r\u00e9prim\u00e9 : au moment o\u00f9 le dernier accord de chaque num\u00e9ro s&rsquo;\u00e9teint, le geste du chef d&rsquo;orchestre est men\u00e9 \u00e0 son terme. La qualit\u00e9 remarquable et intens\u00e9ment transcendante de cette musique a peut-\u00eatre quelque chose \u00e0 voir avec la mani\u00e8re dont elle a \u00e9t\u00e9 dirig\u00e9e : nous avan\u00e7ons ensemble dans cette Passion, nous la d\u00e9couvrons et nous la laissons sonner. R\u00e9aliser une partition aussi complexe avec autant de logique, de douceur (j&rsquo;aimerais presque dire \u00ab d&rsquo;amour \u00bb) et d&rsquo;\u00e9nergie rel\u00e8ve du grand art, quelque chose que l&rsquo;on ne peut extraire de l&rsquo;ensemble, mais que l&rsquo;on ne peut que laisser grandir et prosp\u00e9rer. Nikolaus Matthes doit \u00eatre un homme qui ne laisse rien au hasard dans la composition, la planification, la pr\u00e9paration et le choix de ses coll\u00e8gues \u2013 et qui, justement gr\u00e2ce \u00e0 tout cela, est capable de l\u00e2cher prise au moment crucial, de laisser la musique surgir, de percevoir m\u00eame apparemment le public, de travailler avec la r\u00e9sonance de l&rsquo;espace pr\u00e9sent. \u00bb<br \/>\n<a href=\"https:\/\/www.nikolausmatthes.org\/wp-content\/uploads\/2025\/02\/STRASSMANN_Zur_Markuspassion_von_Nikolaus_Matthes_in_Luzern.pdf\" target=\"_blank\" rel=\"noopener\"><strong>Pius Strassmann, Lucerne<\/strong><\/a><br \/>\n<em>7 avril 2023<\/em><\/p>\n<\/div><\/div><\/div><\/div><\/div><\/p>\n","protected":false},"excerpt":{"rendered":"","protected":false},"author":1,"featured_media":0,"parent":0,"menu_order":0,"comment_status":"closed","ping_status":"closed","template":"100-width.php","meta":{"footnotes":""},"class_list":["post-3661","page","type-page","status-publish","hentry"],"_links":{"self":[{"href":"https:\/\/nikolausmatthes.org\/fr\/wp-json\/wp\/v2\/pages\/3661","targetHints":{"allow":["GET"]}}],"collection":[{"href":"https:\/\/nikolausmatthes.org\/fr\/wp-json\/wp\/v2\/pages"}],"about":[{"href":"https:\/\/nikolausmatthes.org\/fr\/wp-json\/wp\/v2\/types\/page"}],"author":[{"embeddable":true,"href":"https:\/\/nikolausmatthes.org\/fr\/wp-json\/wp\/v2\/users\/1"}],"replies":[{"embeddable":true,"href":"https:\/\/nikolausmatthes.org\/fr\/wp-json\/wp\/v2\/comments?post=3661"}],"version-history":[{"count":18,"href":"https:\/\/nikolausmatthes.org\/fr\/wp-json\/wp\/v2\/pages\/3661\/revisions"}],"predecessor-version":[{"id":5211,"href":"https:\/\/nikolausmatthes.org\/fr\/wp-json\/wp\/v2\/pages\/3661\/revisions\/5211"}],"wp:attachment":[{"href":"https:\/\/nikolausmatthes.org\/fr\/wp-json\/wp\/v2\/media?parent=3661"}],"curies":[{"name":"wp","href":"https:\/\/api.w.org\/{rel}","templated":true}]}}