{"id":705,"date":"2025-02-08T13:38:58","date_gmt":"2025-02-08T12:38:58","guid":{"rendered":"https:\/\/www.nikolausmatthes.org\/texte\/"},"modified":"2026-02-09T14:13:27","modified_gmt":"2026-02-09T13:13:27","slug":"textos","status":"publish","type":"page","link":"https:\/\/nikolausmatthes.org\/es\/textos\/","title":{"rendered":"Textos"},"content":{"rendered":"<p><div class=\"fusion-fullwidth fullwidth-box fusion-builder-row-1 fusion-flex-container has-pattern-background has-mask-background fusion-parallax-fixed hundred-percent-fullwidth non-hundred-percent-height-scrolling fusion-no-small-visibility fusion-no-medium-visibility\" style=\"--awb-background-position:left center;--awb-background-position-medium:left center;--awb-background-position-small:center center;--awb-background-repeat-medium:no-repeat;--awb-background-repeat-small:no-repeat;--awb-border-radius-top-left:0px;--awb-border-radius-top-right:0px;--awb-border-radius-bottom-right:0px;--awb-border-radius-bottom-left:0px;--awb-padding-top:200px;--awb-padding-right:80px;--awb-background-image:linear-gradient(270deg, #ffffff 0%,rgba(255,255,255,0) 44%),url(http:\/\/nikolausmatthes.org\/wp-content\/uploads\/2025\/02\/Nikolaus-Matthes_Portrait_2024-02-29_1183_LANDING_PAGE.jpg);;--awb-background-image-medium:linear-gradient(270deg, #ffffff 0%,rgba(255,255,255,0) 44%),url(http:\/\/nikolausmatthes.org\/wp-content\/uploads\/2025\/02\/Nikolaus-Matthes_Portrait_2024-02-29_1183_LANDING_PAGE.jpg);;--awb-background-size:cover;--awb-background-size-medium:cover;--awb-flex-wrap:wrap;background-attachment:fixed;\" ><div class=\"fusion-builder-row fusion-row fusion-flex-align-items-flex-start fusion-flex-content-wrap\" style=\"width:104% !important;max-width:104% !important;margin-left: calc(-4% \/ 2 );margin-right: calc(-4% \/ 2 );\"><div class=\"fusion-layout-column fusion_builder_column fusion-builder-column-0 fusion_builder_column_1_3 1_3 fusion-flex-column\" style=\"--awb-bg-size:cover;--awb-width-large:33.333333333333%;--awb-margin-top-large:0px;--awb-spacing-right-large:5.76%;--awb-margin-bottom-large:20px;--awb-spacing-left-large:5.76%;--awb-width-medium:33.333333333333%;--awb-order-medium:0;--awb-spacing-right-medium:5.76%;--awb-spacing-left-medium:5.76%;--awb-width-small:100%;--awb-order-small:0;--awb-spacing-right-small:1.92%;--awb-spacing-left-small:1.92%;\"><div class=\"fusion-column-wrapper fusion-column-has-shadow fusion-flex-justify-content-flex-start fusion-content-layout-column\"><\/div><\/div><div class=\"fusion-layout-column fusion_builder_column fusion-builder-column-1 fusion_builder_column_1_3 1_3 fusion-flex-column\" style=\"--awb-bg-size:cover;--awb-width-large:33.333333333333%;--awb-margin-top-large:0px;--awb-spacing-right-large:5.76%;--awb-margin-bottom-large:20px;--awb-spacing-left-large:5.76%;--awb-width-medium:33.333333333333%;--awb-order-medium:0;--awb-spacing-right-medium:5.76%;--awb-spacing-left-medium:5.76%;--awb-width-small:100%;--awb-order-small:0;--awb-spacing-right-small:1.92%;--awb-spacing-left-small:1.92%;\"><div class=\"fusion-column-wrapper fusion-column-has-shadow fusion-flex-justify-content-flex-start fusion-content-layout-column\"><\/div><\/div><div class=\"fusion-layout-column fusion_builder_column fusion-builder-column-2 fusion_builder_column_1_3 1_3 fusion-flex-column\" style=\"--awb-bg-size:cover;--awb-width-large:33.333333333333%;--awb-margin-top-large:0px;--awb-spacing-right-large:5.76%;--awb-margin-bottom-large:20px;--awb-spacing-left-large:5.76%;--awb-width-medium:33.333333333333%;--awb-order-medium:0;--awb-spacing-right-medium:5.76%;--awb-spacing-left-medium:5.76%;--awb-width-small:100%;--awb-order-small:0;--awb-spacing-right-small:1.92%;--awb-spacing-left-small:1.92%;\"><div class=\"fusion-column-wrapper fusion-column-has-shadow fusion-flex-justify-content-flex-start fusion-content-layout-column\"><div class=\"fusion-text fusion-text-1\" style=\"--awb-font-size:18px;--awb-text-color:#000000;--awb-margin-top:200px;--awb-text-font-family:&quot;Frutiger light&quot;;--awb-text-font-style:normal;--awb-text-font-weight:400;\"><p><a href=\"https:\/\/www.nikolausmatthes.org\/wp-content\/uploads\/2026\/02\/2026-03-07_MP_Goettingen_Grusswort.pdf\" target=\"_blank\" rel=\"noopener\"><strong>Markuspassion &#8211; Saludo en el estreno alem\u00e1n en Gotinga<\/strong><\/a><br \/>\nPara el 7 y 8 de marzo de 2026<\/p>\n<p><a href=\"https:\/\/www.nikolausmatthes.org\/wp-content\/uploads\/2026\/02\/2025-2026_MARKUSPASSION_VIDEOEPISODEN_Texte.pdf\" target=\"_blank\" rel=\"noopener\"><strong>Markuspassion &#8211; Textos sobre los episodios de v\u00eddeo<\/strong><\/a><br \/>\nDe marzo de 2025 a febrero de 2026<\/p>\n<p><a href=\"https:\/\/www.nikolausmatthes.org\/wp-content\/uploads\/2026\/02\/2026-02_MP_USA_Statement-2.pdf\" target=\"_blank\" rel=\"noopener\"><strong>Markuspassion &#8211; Cancelaci\u00f3n del estreno en Norteam\u00e9rica<\/strong><\/a><br \/>\n2 febrero de 2026<\/p>\n<p><strong><a href=\"https:\/\/www.nikolausmatthes.org\/wp-content\/uploads\/2025\/09\/2025-09-17_Brief_A_Bonte_WEB.pdf\" target=\"_blank\" rel=\"noopener\">Hoffnung!<\/a><br \/>\n<\/strong>(\u00a1Esperanza!)<br \/>\nCarta al Prof. Dr. A. Bonte<br \/>\nStaatsbibliothek zu Berlin (Biblioteca Estatal de Berl\u00edn)<br \/>\n17 de septiembre de 2025<\/p>\n<p><strong><a href=\"https:\/\/www.nikolausmatthes.org\/wp-content\/uploads\/2025\/07\/2025-09-14_IN_DAVIDS_WELT.pdf\" target=\"_blank\" rel=\"noopener\">In Davids Welt<\/a><br \/>\n<\/strong>(En el mundo de David)<br \/>\nTexto del programa sobre la entrevista con David Wohnlich<br \/>\nPara el 14 de septiembre de 2025<\/p>\n<p><strong><a href=\"https:\/\/www.nikolausmatthes.org\/wp-content\/uploads\/2025\/02\/2024-11-01_MATTHES_CONTRAPUNCTUS_XIX_Vorwort.pdf\" target=\"_blank\" rel=\"noopener\">Wie klingt\u2019s weiter?<\/a><br \/>\n<\/strong>(\u00bfC\u00f3mo suena despu\u00e9s?)<br \/>\nPrefacio a la edici\u00f3n de partituras de Contrapunctus XIX<br \/>\n1 de noviembre de 2024<\/p>\n<p><strong><a href=\"https:\/\/www.nikolausmatthes.org\/wp-content\/uploads\/2025\/02\/2024-12_MATTHES_MARKUSPASSION_Vorwort.pdf\" target=\"_blank\" rel=\"noopener\">Zur Markuspassion<\/a><br \/>\n<\/strong>(Acerca de la Pasi\u00f3n seg\u00fan San Marcos)<br \/>\nPrefacio a la nueva edici\u00f3n de partituras de la Pasi\u00f3n seg\u00fan San Marcos<br \/>\n11 de septiembre y 7 de diciembre de 2024<br \/>\n<strong><a href=\"https:\/\/www.nikolausmatthes.org\/wp-content\/uploads\/2025\/11\/2025-11-11_MATTHES_MARKUSPASSION_Preface_ENGLISH.pdf\" target=\"_blank\" rel=\"noopener\">Versi\u00f3n en ingl\u00e9s<\/a><\/strong><\/p>\n<p><strong><a href=\"https:\/\/www.nikolausmatthes.org\/wp-content\/uploads\/2025\/10\/Programmheft-Markuspassion_Web.pdf\" target=\"_blank\" rel=\"noopener\">Markuspassion &#8211; Programa<\/a><\/strong><strong><br \/>\n<\/strong>Programa del estreno de la Pasi\u00f3n seg\u00fan San Marcos<br \/>\nMarzo de 2023<\/p>\n<p><strong><a href=\"https:\/\/www.nikolausmatthes.org\/wp-content\/uploads\/2025\/10\/MARKUSPASSION_Vorwort_Erste_Ausgabe.pdf\" target=\"_blank\" rel=\"noopener\">Zur Markuspassion \/ Aus der Werkstatt<\/a><br \/>\n<\/strong>(Acerca de la Pasi\u00f3n seg\u00fan San Marcos \/ Desde el taller)<br \/>\nPrefacio a la primera edici\u00f3n de partituras de la Pasi\u00f3n seg\u00fan San Marcos<br \/>\n29 de septiembre de 2021<\/p>\n<p><a href=\"https:\/\/www.nikolausmatthes.org\/wp-content\/uploads\/2025\/02\/2020-01-21_MATTHES_32_MINIATUREN_Vorwort_und_Uebersicht.pdf\" target=\"_blank\" rel=\"noopener\"><strong>32 miniaturas para el Clavemusicum omnitonum<\/strong><\/a><br \/>\nPrefacio y panorama general<br \/>\n20 de enero de 2020<\/p>\n<p><a href=\"https:\/\/www.nikolausmatthes.org\/wp-content\/uploads\/2025\/02\/2018-06_MATTHES_CANTATA_HPW_Vorwort.pdf\" target=\"_blank\" rel=\"noopener\"><strong>Cantata ad ineundum Ioanni Petri Textoris otium<\/strong><\/a><br \/>\n(Cantata de despedida por la jubilaci\u00f3n de Hans Peter Weber)<br \/>\nTexto del programa para el concierto<br \/>\nJunio de 2018<\/p>\n<p><a href=\"https:\/\/www.nikolausmatthes.org\/wp-content\/uploads\/2025\/02\/2018-05_MATTHES_MA-Arbeit_Vorwort.pdf\" target=\"_blank\" rel=\"noopener\"><strong>Zum Kanon in der Bachkantate<\/strong><\/a><br \/>\n(Sobre el canon en las cantatas de Bach)<br \/>\nPrefacio a la tesis de Master<br \/>\nMusik-Akademie der Stadt Basel<br \/>\nMayo de 2018<\/p>\n<p><strong><a href=\"https:\/\/www.nikolausmatthes.org\/wp-content\/uploads\/2025\/02\/2016-05_MATTHES_BA-Arbeit_Vorwort-4.pdf\" target=\"_blank\" rel=\"noopener\">Das goldene Vlie\u00df.<br \/>\nMusik, Theorie und Praxis f\u00fcr ein Education-Projekt<\/a><br \/>\n<\/strong>(El vellocino de oro.<br \/>\nM\u00fasica, teor\u00eda y pr\u00e1ctica para un proyecto educativo)<br \/>\nPrefacio a la tesis de Bachelor<br \/>\nMusik-Akademie der Stadt Basel<br \/>\nAbril y mayo de 2016<\/p>\n<p><a href=\"https:\/\/www.nikolausmatthes.org\/wp-content\/uploads\/2025\/09\/2013-06_DAS_BOESE_ALS_LEBENSSCHULE_Die_Raeuber.pdf\" target=\"_blank\" rel=\"noopener\"><strong>Das B\u00f6se als Lebensschule<\/strong><\/a><br \/>\nZur Auff\u00fchrung von Schillers \u00bbR\u00e4ubern\u00ab<br \/>\n(El mal como escuela de vida.<br \/>\nSobre la representaci\u00f3n de \u00abLos bandidos\u00bb de Schiller)<br \/>\nSekundarschule Burg Liestal, junio de 2013<\/p>\n<p><a href=\"https:\/\/www.nikolausmatthes.org\/wp-content\/uploads\/2025\/09\/2011-06_IST_DAS_ECHT_Der_kaukasische_Kreidekreis.pdf\" target=\"_blank\" rel=\"noopener\"><strong>Ist das echt?<\/strong><\/a><br \/>\n<a href=\"https:\/\/www.nikolausmatthes.org\/wp-content\/uploads\/2025\/09\/2011-06_IST_DAS_ECHT_Der_kaukasische_Kreidekreis.pdf\" target=\"_blank\" rel=\"noopener\"><strong>Bertolt Brecht \u2013 Der kaukasische Kreidekreis<\/strong><\/a><br \/>\nZu unserer Theaterarbeit und zu der Zeit, in der sie entstand<br \/>\n(\u00bfEs real? &#8211; Bertolt Brecht: El c\u00edrculo de tiza caucasiano.<br \/>\nSobre nuestro trabajo teatral y la \u00e9poca en la que se cre\u00f3)<br \/>\nSekundarschule Burg Liestal, junio de 2011<\/p>\n<p>Todos los textos est\u00e1n escritos en alem\u00e1n.<\/p>\n<p>\u00a9 Copyright Nikolaus Matthes<\/p>\n<\/div><\/div><\/div><\/div><\/div><div class=\"fusion-fullwidth fullwidth-box fusion-builder-row-2 fusion-flex-container has-pattern-background has-mask-background fusion-parallax-none nonhundred-percent-fullwidth non-hundred-percent-height-scrolling fusion-no-large-visibility fusion-custom-z-index\" style=\"--awb-background-position-small:center center;--awb-background-repeat-small:no-repeat;--awb-border-radius-top-left:0px;--awb-border-radius-top-right:0px;--awb-border-radius-bottom-right:0px;--awb-border-radius-bottom-left:0px;--awb-z-index:200;--awb-background-color-small:rgba(255,255,255,0);--awb-background-image:linear-gradient(180deg, rgba(255,255,255,0.5) 0%,rgba(255,255,255,0.5) 100%),url(https:\/\/www.nikolausmatthes.org\/wp-content\/uploads\/2025\/02\/Nikolaus-Matthes_Portrait_2024-02-29_1100.jpg);;--awb-background-image-small:linear-gradient(180deg, rgba(255,255,255,0.5) 0%,rgba(255,255,255,0.5) 100%),url(https:\/\/www.nikolausmatthes.org\/wp-content\/uploads\/2025\/02\/Nikolaus-Matthes_Portrait_2024-02-29_1100.jpg);;--awb-background-size:cover;--awb-background-size-small:cover;--awb-flex-wrap:wrap;\" ><div class=\"fusion-builder-row fusion-row fusion-flex-align-items-flex-start fusion-flex-content-wrap\" style=\"max-width:1248px;margin-left: calc(-4% \/ 2 );margin-right: calc(-4% \/ 2 );\"><div class=\"fusion-layout-column fusion_builder_column fusion-builder-column-3 fusion_builder_column_1_1 1_1 fusion-flex-column\" style=\"--awb-padding-top-small:200px;--awb-bg-size:cover;--awb-width-large:100%;--awb-margin-top-large:0px;--awb-spacing-right-large:1.92%;--awb-margin-bottom-large:20px;--awb-spacing-left-large:1.92%;--awb-width-medium:100%;--awb-order-medium:0;--awb-spacing-right-medium:1.92%;--awb-spacing-left-medium:1.92%;--awb-width-small:100%;--awb-order-small:0;--awb-spacing-right-small:1.92%;--awb-spacing-left-small:1.92%;\"><div class=\"fusion-column-wrapper fusion-column-has-shadow fusion-flex-justify-content-flex-start fusion-content-layout-column\"><div class=\"fusion-text fusion-text-2\" style=\"--awb-font-size:17px;--awb-text-font-family:&quot;Frutiger light&quot;;--awb-text-font-style:normal;--awb-text-font-weight:400;\"><p><a href=\"https:\/\/www.nikolausmatthes.org\/wp-content\/uploads\/2026\/02\/2026-03-07_MP_Goettingen_Grusswort.pdf\" target=\"_blank\" rel=\"noopener\"><strong>Markuspassion &#8211; Saludo en el estreno alem\u00e1n en Gotinga<\/strong><\/a><br \/>\nPara el 7 y 8 de marzo de 2026<\/p>\n<p><a href=\"https:\/\/www.nikolausmatthes.org\/wp-content\/uploads\/2026\/02\/2025-2026_MARKUSPASSION_VIDEOEPISODEN_Texte.pdf\" target=\"_blank\" rel=\"noopener\"><strong>Markuspassion &#8211; Textos sobre los episodios de v\u00eddeo<\/strong><\/a><br \/>\nDe marzo de 2025 a febrero de 2026<\/p>\n<p><a href=\"https:\/\/www.nikolausmatthes.org\/wp-content\/uploads\/2026\/02\/2026-02_MP_USA_Statement-2.pdf\" target=\"_blank\" rel=\"noopener\"><strong>Markuspassion &#8211; Cancelaci\u00f3n del estreno en Norteam\u00e9rica<\/strong><\/a><br \/>\n2 febrero de 2026<\/p>\n<p><strong><a href=\"https:\/\/www.nikolausmatthes.org\/wp-content\/uploads\/2025\/09\/2025-09-17_Brief_A_Bonte_WEB.pdf\" target=\"_blank\" rel=\"noopener\">Hoffnung!<\/a><br \/>\n<\/strong>(\u00a1Esperanza!)<br \/>\nCarta al Prof. Dr. A. Bonte<br \/>\nStaatsbibliothek zu Berlin (Biblioteca Estatal de Berl\u00edn)<br \/>\n17 de septiembre de 2025<\/p>\n<p><strong><a href=\"https:\/\/www.nikolausmatthes.org\/wp-content\/uploads\/2025\/07\/2025-09-14_IN_DAVIDS_WELT.pdf\" target=\"_blank\" rel=\"noopener\">In Davids Welt<\/a><br \/>\n<\/strong>(En el mundo de David)<br \/>\nTexto del programa sobre la entrevista con David Wohnlich<br \/>\nPara el 14 de septiembre de 2025<\/p>\n<p><strong><a href=\"https:\/\/www.nikolausmatthes.org\/wp-content\/uploads\/2025\/02\/2024-11-01_MATTHES_CONTRAPUNCTUS_XIX_Vorwort.pdf\" target=\"_blank\" rel=\"noopener\">Wie klingt\u2019s weiter?<\/a><br \/>\n<\/strong>(\u00bfC\u00f3mo suena despu\u00e9s?)<br \/>\nPrefacio a la edici\u00f3n de partituras de Contrapunctus XIX<br \/>\n1 de noviembre de 2024<\/p>\n<p><strong><a href=\"https:\/\/www.nikolausmatthes.org\/wp-content\/uploads\/2025\/02\/2024-12_MATTHES_MARKUSPASSION_Vorwort.pdf\" target=\"_blank\" rel=\"noopener\">Zur Markuspassion<\/a><br \/>\n<\/strong>(Acerca de la Pasi\u00f3n seg\u00fan San Marcos)<br \/>\nPrefacio a la nueva edici\u00f3n de partituras de la Pasi\u00f3n seg\u00fan San Marcos<br \/>\n11 de septiembre y 7 de diciembre de 2024<br \/>\n<strong><a href=\"https:\/\/www.nikolausmatthes.org\/wp-content\/uploads\/2025\/11\/2025-11-11_MATTHES_MARKUSPASSION_Preface_ENGLISH.pdf\" target=\"_blank\" rel=\"noopener\">Versi\u00f3n en ingl\u00e9s<\/a><\/strong><\/p>\n<p><strong><a href=\"https:\/\/www.nikolausmatthes.org\/wp-content\/uploads\/2025\/10\/Programmheft-Markuspassion_Web.pdf\" target=\"_blank\" rel=\"noopener\">Markuspassion &#8211; Programa<\/a><\/strong><strong><br \/>\n<\/strong>Programa del estreno de la Pasi\u00f3n seg\u00fan San Marcos<br \/>\nMarzo de 2023<\/p>\n<p><strong><a href=\"https:\/\/www.nikolausmatthes.org\/wp-content\/uploads\/2025\/10\/MARKUSPASSION_Vorwort_Erste_Ausgabe.pdf\" target=\"_blank\" rel=\"noopener\">Zur Markuspassion \/ Aus der Werkstatt<\/a><br \/>\n<\/strong>(Acerca de la Pasi\u00f3n seg\u00fan San Marcos \/ Desde el taller)<br \/>\nPrefacio a la primera edici\u00f3n de partituras de la Pasi\u00f3n seg\u00fan San Marcos<br \/>\n29 de septiembre de 2021<\/p>\n<p><a href=\"https:\/\/www.nikolausmatthes.org\/wp-content\/uploads\/2025\/02\/2020-01-21_MATTHES_32_MINIATUREN_Vorwort_und_Uebersicht.pdf\" target=\"_blank\" rel=\"noopener\"><strong>32 miniaturas para el Clavemusicum omnitonum<\/strong><\/a><br \/>\nPrefacio y panorama general<br \/>\n20 de enero de 2020<\/p>\n<p><a href=\"https:\/\/www.nikolausmatthes.org\/wp-content\/uploads\/2025\/02\/2018-06_MATTHES_CANTATA_HPW_Vorwort.pdf\" target=\"_blank\" rel=\"noopener\"><strong>Cantata ad ineundum Ioanni Petri Textoris otium<\/strong><\/a><br \/>\n(Cantata de despedida por la jubilaci\u00f3n de Hans Peter Weber)<br \/>\nTexto del programa para el concierto<br \/>\nJunio de 2018<\/p>\n<p><a href=\"https:\/\/www.nikolausmatthes.org\/wp-content\/uploads\/2025\/02\/2018-05_MATTHES_MA-Arbeit_Vorwort.pdf\" target=\"_blank\" rel=\"noopener\"><strong>Zum Kanon in der Bachkantate<\/strong><\/a><br \/>\n(Sobre el canon en las cantatas de Bach)<br \/>\nPrefacio a la tesis de Master<br \/>\nMusik-Akademie der Stadt Basel<br \/>\nMayo de 2018<\/p>\n<p><strong><a href=\"https:\/\/www.nikolausmatthes.org\/wp-content\/uploads\/2025\/02\/2016-05_MATTHES_BA-Arbeit_Vorwort-4.pdf\" target=\"_blank\" rel=\"noopener\">Das goldene Vlie\u00df.<br \/>\nMusik, Theorie und Praxis f\u00fcr ein Education-Projekt<\/a><br \/>\n<\/strong>(El vellocino de oro.<br \/>\nM\u00fasica, teor\u00eda y pr\u00e1ctica para un proyecto educativo)<br \/>\nPrefacio a la tesis de Bachelor<br \/>\nMusik-Akademie der Stadt Basel<br \/>\nAbril y mayo de 2016<\/p>\n<p><a href=\"https:\/\/www.nikolausmatthes.org\/wp-content\/uploads\/2025\/09\/2013-06_DAS_BOESE_ALS_LEBENSSCHULE_Die_Raeuber.pdf\" target=\"_blank\" rel=\"noopener\"><strong>Das B\u00f6se als Lebensschule<\/strong><\/a><br \/>\nZur Auff\u00fchrung von Schillers \u00bbR\u00e4ubern\u00ab<br \/>\n(El mal como escuela de vida.<br \/>\nSobre la representaci\u00f3n de \u00abLos bandidos\u00bb de Schiller)<br \/>\nSekundarschule Burg Liestal, junio de 2013<\/p>\n<p><a href=\"https:\/\/www.nikolausmatthes.org\/wp-content\/uploads\/2025\/09\/2011-06_IST_DAS_ECHT_Der_kaukasische_Kreidekreis.pdf\" target=\"_blank\" rel=\"noopener\"><strong>Ist das echt?<\/strong><\/a><br \/>\n<a href=\"https:\/\/www.nikolausmatthes.org\/wp-content\/uploads\/2025\/09\/2011-06_IST_DAS_ECHT_Der_kaukasische_Kreidekreis.pdf\" target=\"_blank\" rel=\"noopener\"><strong>Bertolt Brecht \u2013 Der kaukasische Kreidekreis<\/strong><\/a><br \/>\nZu unserer Theaterarbeit und zu der Zeit, in der sie entstand<br \/>\n(\u00bfEs real? &#8211; Bertolt Brecht: El c\u00edrculo de tiza caucasiano.<br \/>\nSobre nuestro trabajo teatral y la \u00e9poca en la que se cre\u00f3)<br \/>\nSekundarschule Burg Liestal, junio de 2011<\/p>\n<p>Todos los textos est\u00e1n escritos en alem\u00e1n.<\/p>\n<p>\u00a9 Copyright Nikolaus Matthes<\/p>\n<\/div><\/div><\/div><\/div><\/div><\/p>\n","protected":false},"excerpt":{"rendered":"","protected":false},"author":1,"featured_media":0,"parent":0,"menu_order":0,"comment_status":"closed","ping_status":"closed","template":"100-width.php","meta":{"footnotes":""},"class_list":["post-705","page","type-page","status-publish","hentry"],"_links":{"self":[{"href":"https:\/\/nikolausmatthes.org\/es\/wp-json\/wp\/v2\/pages\/705","targetHints":{"allow":["GET"]}}],"collection":[{"href":"https:\/\/nikolausmatthes.org\/es\/wp-json\/wp\/v2\/pages"}],"about":[{"href":"https:\/\/nikolausmatthes.org\/es\/wp-json\/wp\/v2\/types\/page"}],"author":[{"embeddable":true,"href":"https:\/\/nikolausmatthes.org\/es\/wp-json\/wp\/v2\/users\/1"}],"replies":[{"embeddable":true,"href":"https:\/\/nikolausmatthes.org\/es\/wp-json\/wp\/v2\/comments?post=705"}],"version-history":[{"count":22,"href":"https:\/\/nikolausmatthes.org\/es\/wp-json\/wp\/v2\/pages\/705\/revisions"}],"predecessor-version":[{"id":4988,"href":"https:\/\/nikolausmatthes.org\/es\/wp-json\/wp\/v2\/pages\/705\/revisions\/4988"}],"wp:attachment":[{"href":"https:\/\/nikolausmatthes.org\/es\/wp-json\/wp\/v2\/media?parent=705"}],"curies":[{"name":"wp","href":"https:\/\/api.w.org\/{rel}","templated":true}]}}