{"id":685,"date":"2025-02-08T13:37:50","date_gmt":"2025-02-08T12:37:50","guid":{"rendered":"https:\/\/www.nikolausmatthes.org\/termine\/"},"modified":"2026-03-12T12:59:45","modified_gmt":"2026-03-12T11:59:45","slug":"fechas","status":"publish","type":"page","link":"https:\/\/nikolausmatthes.org\/es\/fechas\/","title":{"rendered":"Fechas"},"content":{"rendered":"<p><div class=\"fusion-fullwidth fullwidth-box fusion-builder-row-1 fusion-flex-container has-pattern-background has-mask-background fusion-parallax-fixed hundred-percent-fullwidth non-hundred-percent-height-scrolling fusion-no-small-visibility fusion-no-medium-visibility\" style=\"--awb-background-position:left center;--awb-background-position-medium:left center;--awb-background-position-small:center center;--awb-background-repeat-medium:no-repeat;--awb-background-repeat-small:no-repeat;--awb-border-radius-top-left:0px;--awb-border-radius-top-right:0px;--awb-border-radius-bottom-right:0px;--awb-border-radius-bottom-left:0px;--awb-padding-top:200px;--awb-padding-right:80px;--awb-background-image:linear-gradient(270deg, #ffffff 0%,rgba(255,255,255,0) 44%),url(http:\/\/nikolausmatthes.org\/wp-content\/uploads\/2025\/02\/Nikolaus-Matthes_Portrait_2024-02-29_1183_LANDING_PAGE.jpg);;--awb-background-image-medium:linear-gradient(270deg, #ffffff 0%,rgba(255,255,255,0) 44%),url(http:\/\/nikolausmatthes.org\/wp-content\/uploads\/2025\/02\/Nikolaus-Matthes_Portrait_2024-02-29_1183_LANDING_PAGE.jpg);;--awb-background-size:cover;--awb-background-size-medium:cover;--awb-flex-wrap:wrap;background-attachment:fixed;\" ><div class=\"fusion-builder-row fusion-row fusion-flex-align-items-flex-start fusion-flex-content-wrap\" style=\"width:104% !important;max-width:104% !important;margin-left: calc(-4% \/ 2 );margin-right: calc(-4% \/ 2 );\"><div class=\"fusion-layout-column fusion_builder_column fusion-builder-column-0 fusion_builder_column_1_3 1_3 fusion-flex-column\" style=\"--awb-bg-size:cover;--awb-width-large:33.333333333333%;--awb-margin-top-large:0px;--awb-spacing-right-large:5.76%;--awb-margin-bottom-large:20px;--awb-spacing-left-large:5.76%;--awb-width-medium:33.333333333333%;--awb-order-medium:0;--awb-spacing-right-medium:5.76%;--awb-spacing-left-medium:5.76%;--awb-width-small:100%;--awb-order-small:0;--awb-spacing-right-small:1.92%;--awb-spacing-left-small:1.92%;\"><div class=\"fusion-column-wrapper fusion-column-has-shadow fusion-flex-justify-content-flex-start fusion-content-layout-column\"><\/div><\/div><div class=\"fusion-layout-column fusion_builder_column fusion-builder-column-1 fusion_builder_column_1_3 1_3 fusion-flex-column\" style=\"--awb-bg-size:cover;--awb-width-large:33.333333333333%;--awb-margin-top-large:0px;--awb-spacing-right-large:5.76%;--awb-margin-bottom-large:20px;--awb-spacing-left-large:5.76%;--awb-width-medium:33.333333333333%;--awb-order-medium:0;--awb-spacing-right-medium:5.76%;--awb-spacing-left-medium:5.76%;--awb-width-small:100%;--awb-order-small:0;--awb-spacing-right-small:1.92%;--awb-spacing-left-small:1.92%;\"><div class=\"fusion-column-wrapper fusion-column-has-shadow fusion-flex-justify-content-flex-start fusion-content-layout-column\"><\/div><\/div><div class=\"fusion-layout-column fusion_builder_column fusion-builder-column-2 fusion_builder_column_1_3 1_3 fusion-flex-column\" style=\"--awb-bg-size:cover;--awb-width-large:33.333333333333%;--awb-margin-top-large:0px;--awb-spacing-right-large:5.76%;--awb-margin-bottom-large:20px;--awb-spacing-left-large:5.76%;--awb-width-medium:33.333333333333%;--awb-order-medium:0;--awb-spacing-right-medium:5.76%;--awb-spacing-left-medium:5.76%;--awb-width-small:100%;--awb-order-small:0;--awb-spacing-right-small:1.92%;--awb-spacing-left-small:1.92%;\"><div class=\"fusion-column-wrapper fusion-column-has-shadow fusion-flex-justify-content-flex-start fusion-content-layout-column\"><div class=\"fusion-text fusion-text-1\" style=\"--awb-font-size:18px;--awb-text-color:#000000;--awb-margin-top:200px;--awb-text-font-family:&quot;Frutiger light&quot;;--awb-text-font-style:normal;--awb-text-font-weight:400;\"><p>18 de junio de 2027<br \/>\n<a href=\"https:\/\/www.markuspassion.org\/en\/2027-bachfest-leipzig\/\" target=\"_blank\" rel=\"noopener\"><strong>La Pasi\u00f3n segun San Marcos como invitada en el Bachfest Leipzig 2027<\/strong><\/a><br \/>\n<strong><a href=\"https:\/\/www.markuspassion.org\/en\/2027-bachfest-leipzig\/\" target=\"_blank\" rel=\"noopener\">Coro y orquesta \u00abGli Aspetti\u00bb<\/a><br \/>\n<\/strong>Daniel Johannsen, Georg Poplutz, Daniel P\u00e9rez, Marie Luise Werneburg, Annekathrin Laabs, Matthias Helm<strong><br \/>\nDirecci\u00f3n musical<\/strong>\u00a0 \u00a0 Nikolaus Matthes<\/p>\n<p>.-.-.-.-.-.-.-.-.-.-.-.-.-.-.-.<\/p>\n<p><strong>ARCHIVO<\/strong><\/p>\n<p>5 y 7 de junio de 2026<br \/>\n<a href=\"https:\/\/www.markuspassion.org\/en\/2026-usa\/\" target=\"_blank\" rel=\"noopener\"><strong>La Pasi\u00f3n segun San Marcos &#8211; Primera representaci\u00f3n en Norteam\u00e9rica<\/strong><\/a><br \/>\nCancelado &#8211; <a href=\"https:\/\/www.nikolausmatthes.org\/wp-content\/uploads\/2026\/02\/2026-02_MP_USA_Statement-2.pdf\" target=\"_blank\" rel=\"noopener\"><strong>leer declaraci\u00f3n<\/strong><\/a><\/p>\n<p>7 y 8 de marzo de 2026, ambos d\u00edas a las 18.00 horas<br \/>\n<a href=\"https:\/\/jacobikantorei.de\/\" target=\"_blank\" rel=\"noopener\"><strong>Primera representaci\u00f3n de la Pasi\u00f3n seg\u00fan San Marcos en Alemania<\/strong><\/a><br \/>\nIglesia de St Jacobi, G\u00f6ttingen<br \/>\nDaniel Johannsen, Daniel P\u00e9rez,<br \/>\nAnna Nesyba, Annekathrin Laabs, Thomas Laske<br \/>\n<strong>Direcci\u00f3n musical<\/strong>\u00a0 \u00a0 Stefan Kordes<br \/>\n<a href=\"https:\/\/www.nikolausmatthes.org\/wp-content\/uploads\/2026\/02\/2026_MP_GOe_Programmheft_Matthes-Markuspassion.pdf\" target=\"_blank\" rel=\"noopener\"><strong>Programa de la primera representaci\u00f3n en Alemania<\/strong><\/a><\/p>\n<p>2 de marzo de 2026, 13.00 horas<br \/>\n<a href=\"https:\/\/www.ndr.de\/kultur\/sendungen\/ndr_kultur_a_la_carte\/markuspassion-in-der-goettinger-st-jakobikirche,sendung-56876.html\" target=\"_blank\" rel=\"noopener\"><strong>NDR Kultur \u00e0 la carte<\/strong><\/a><br \/>\nNikolaus Matthes en conversaci\u00f3n con Franziska von Busse<\/p>\n<p>16 de febrero de 2026, 18.00 horas<br \/>\n<a href=\"https:\/\/jacobikantorei.de\/\" target=\"_blank\" rel=\"noopener\"><strong>La Pasi\u00f3n seg\u00fan San Marcos al estilo de J. S. Bach: reflexiones de un compositor<\/strong><\/a><br \/>\nNikolaus Matthes en conversaci\u00f3n con Stefan Kordes<br \/>\nSal\u00f3n parroquial de St. Jacobi, Gotinga<br \/>\nEntrada libre<\/p>\n<p>17 de noviembre de 2025, 19.00 horas<br \/>\nIglesia de San Pablo, Basilea<br \/>\n<a href=\"https:\/\/www.nikolausmatthes.org\/wp-content\/uploads\/2025\/11\/2025-11-17_CHORKONZERT_SUITS_Programmheft_FUER_WEB.pdf\" target=\"_blank\" rel=\"noopener\"><strong>Concierto para Paul Suits<\/strong><\/a><br \/>\nCoro y solistas ad hoc<br \/>\n<strong>Piano<\/strong>\u00a0 \u00a0 Nadia Carboni y Tatiana Korsunskaya<br \/>\n<b>Direcci\u00f3n musical<\/b>\u00a0 \u00a0 Nikolaus Matthes<\/p>\n<p>14 de septiembre de 2025, 18.00 horas<br \/>\n<a href=\"https:\/\/franziskabadertscher.ch\/konzertkalender.html#anchor_140925\" target=\"_blank\" rel=\"noopener\"><strong>In Davids Welt<\/strong><\/a> (En el mundo de David)<br \/>\n<a href=\"https:\/\/franziskabadertscher.ch\/konzertkalender.html#anchor_140925\" target=\"_blank\" rel=\"noopener\"><strong>Concierto en atelier n\u00ba 76<\/strong><\/a><br \/>\nNikolaus Matthes en conversaci\u00f3n con David Wohnlich<br \/>\nSt. Johanns-Vorstadt 16, 4051 Basilea<\/p>\n<p>21 de marzo de 2025<br \/>\n<a href=\"https:\/\/www.youtube.com\/watch?v=Z-npWawAvIk\" target=\"_blank\" rel=\"noopener\"><strong>Contrapunctus XIX &#8211; Lanzamiento de la primera grabaci\u00f3n mundial<\/strong><\/a><br \/>\n<strong>Piano<\/strong> \u00a0\u00a0 Paul Suits<\/p>\n<p>8 de marzo de 2024<br \/>\n<a href=\"https:\/\/www.markuspassion.org\/en\/recordings\/\" target=\"_blank\" rel=\"noopener\"><strong>La Pasi\u00f3n segun San Marcos &#8211; Lanzamiento del CD<\/strong><\/a><br \/>\n<strong><a href=\"https:\/\/www.resonando.de\/en\/products\/rn-10018-markuspassion\" target=\"_blank\" rel=\"noopener\">resonando<\/a><\/strong><\/p>\n<p>23 de marzo de 2023<br \/>\n<a href=\"https:\/\/www.markuspassion.org\/en\/concerts_2023\/\" target=\"_blank\" rel=\"noopener\"><strong>La Pasi\u00f3n segun San Marcos &#8211; Estreno mundial<\/strong><\/a><br \/>\nIglesia de San Pedro, Z\u00farich<br \/>\n<a href=\"https:\/\/www.markuspassion.org\/en\/cast_2023\/\" target=\"_blank\" rel=\"noopener\"><strong>Coro y orquesta \u00abGli Aspetti\u00bb<\/strong><\/a><br \/>\n<b>Direcci\u00f3n musical<\/b>\u00a0 \u00a0 Nikolaus Matthes<\/p>\n<p>24, 25 y 26 de marzo de 2023<br \/>\n<a href=\"https:\/\/www.markuspassion.org\/en\/concerts_2023\/\" target=\"_blank\" rel=\"noopener\"><strong>La Pasi\u00f3n segun San Marcos &#8211; Conciertos posteriores<\/strong><\/a><br \/>\n\u00c9glise fran\u00e7aise, Berna<br \/>\nIglesia de San Pedro, Basilea<br \/>\nIglesia de San Mateo, Lucerne<br \/>\n<a href=\"https:\/\/www.markuspassion.org\/en\/cast_2023\/\" target=\"_blank\" rel=\"noopener\"><strong>Coro y orquesta \u00abGli Aspetti\u00bb<\/strong><\/a><br \/>\n<b>Direcci\u00f3n musical<\/b>\u00a0 \u00a0 Nikolaus Matthes<\/p>\n<\/div><\/div><\/div><div class=\"fusion-layout-column fusion_builder_column fusion-builder-column-3 fusion_builder_column_1_3 1_3 fusion-flex-column\" style=\"--awb-bg-size:cover;--awb-width-large:33.333333333333%;--awb-margin-top-large:0px;--awb-spacing-right-large:5.76%;--awb-margin-bottom-large:20px;--awb-spacing-left-large:5.76%;--awb-width-medium:33.333333333333%;--awb-order-medium:0;--awb-spacing-right-medium:5.76%;--awb-spacing-left-medium:5.76%;--awb-width-small:100%;--awb-order-small:0;--awb-spacing-right-small:1.92%;--awb-spacing-left-small:1.92%;\"><div class=\"fusion-column-wrapper fusion-column-has-shadow fusion-flex-justify-content-flex-start fusion-content-layout-column\"><div class=\"fusion-text fusion-text-2\" style=\"--awb-font-size:18px;--awb-text-color:#000000;--awb-margin-top:200px;--awb-text-font-family:&quot;Frutiger light&quot;;--awb-text-font-style:normal;--awb-text-font-weight:400;\"><\/div><\/div><\/div><div class=\"fusion-layout-column fusion_builder_column fusion-builder-column-4 fusion_builder_column_1_3 1_3 fusion-flex-column\" style=\"--awb-bg-size:cover;--awb-width-large:33.333333333333%;--awb-margin-top-large:0px;--awb-spacing-right-large:5.76%;--awb-margin-bottom-large:20px;--awb-spacing-left-large:5.76%;--awb-width-medium:33.333333333333%;--awb-order-medium:0;--awb-spacing-right-medium:5.76%;--awb-spacing-left-medium:5.76%;--awb-width-small:100%;--awb-order-small:0;--awb-spacing-right-small:1.92%;--awb-spacing-left-small:1.92%;\"><div class=\"fusion-column-wrapper fusion-column-has-shadow fusion-flex-justify-content-flex-start fusion-content-layout-column\"><div class=\"fusion-text fusion-text-3\" style=\"--awb-font-size:18px;--awb-text-color:#000000;--awb-margin-top:200px;--awb-text-font-family:&quot;Frutiger light&quot;;--awb-text-font-style:normal;--awb-text-font-weight:400;\"><\/div><\/div><\/div><div class=\"fusion-layout-column fusion_builder_column fusion-builder-column-5 fusion_builder_column_1_3 1_3 fusion-flex-column\" style=\"--awb-bg-size:cover;--awb-width-large:33.333333333333%;--awb-margin-top-large:0px;--awb-spacing-right-large:5.76%;--awb-margin-bottom-large:20px;--awb-spacing-left-large:5.76%;--awb-width-medium:33.333333333333%;--awb-order-medium:0;--awb-spacing-right-medium:5.76%;--awb-spacing-left-medium:5.76%;--awb-width-small:100%;--awb-order-small:0;--awb-spacing-right-small:1.92%;--awb-spacing-left-small:1.92%;\"><div class=\"fusion-column-wrapper fusion-column-has-shadow fusion-flex-justify-content-flex-start fusion-content-layout-column\"><div class=\"fusion-text fusion-text-4\" style=\"--awb-font-size:18px;--awb-text-color:#000000;--awb-margin-top:200px;--awb-text-font-family:&quot;Frutiger light&quot;;--awb-text-font-style:normal;--awb-text-font-weight:400;\"><\/div><\/div><\/div><div class=\"fusion-layout-column fusion_builder_column fusion-builder-column-6 fusion_builder_column_1_3 1_3 fusion-flex-column\" style=\"--awb-bg-size:cover;--awb-width-large:33.333333333333%;--awb-margin-top-large:0px;--awb-spacing-right-large:5.76%;--awb-margin-bottom-large:20px;--awb-spacing-left-large:5.76%;--awb-width-medium:33.333333333333%;--awb-order-medium:0;--awb-spacing-right-medium:5.76%;--awb-spacing-left-medium:5.76%;--awb-width-small:100%;--awb-order-small:0;--awb-spacing-right-small:1.92%;--awb-spacing-left-small:1.92%;\"><div class=\"fusion-column-wrapper fusion-column-has-shadow fusion-flex-justify-content-flex-start fusion-content-layout-column\"><div class=\"fusion-text fusion-text-5\" style=\"--awb-font-size:18px;--awb-text-color:#000000;--awb-margin-top:200px;--awb-text-font-family:&quot;Frutiger light&quot;;--awb-text-font-style:normal;--awb-text-font-weight:400;\"><\/div><\/div><\/div><\/div><\/div><div class=\"fusion-fullwidth fullwidth-box fusion-builder-row-2 fusion-flex-container has-pattern-background has-mask-background fusion-parallax-none nonhundred-percent-fullwidth non-hundred-percent-height-scrolling fusion-no-large-visibility fusion-custom-z-index\" style=\"--awb-background-position-small:center center;--awb-background-repeat-small:no-repeat;--awb-border-radius-top-left:0px;--awb-border-radius-top-right:0px;--awb-border-radius-bottom-right:0px;--awb-border-radius-bottom-left:0px;--awb-z-index:200;--awb-background-color-small:rgba(255,255,255,0);--awb-background-image:linear-gradient(180deg, rgba(255,255,255,0.5) 0%,rgba(255,255,255,0.5) 100%),url(https:\/\/www.nikolausmatthes.org\/wp-content\/uploads\/2025\/02\/Nikolaus-Matthes_Portrait_2024-02-29_1100.jpg);;--awb-background-image-small:linear-gradient(180deg, rgba(255,255,255,0.5) 0%,rgba(255,255,255,0.5) 100%),url(https:\/\/www.nikolausmatthes.org\/wp-content\/uploads\/2025\/02\/Nikolaus-Matthes_Portrait_2024-02-29_1100.jpg);;--awb-background-size:cover;--awb-background-size-small:cover;--awb-flex-wrap:wrap;\" ><div class=\"fusion-builder-row fusion-row fusion-flex-align-items-flex-start fusion-flex-content-wrap\" style=\"max-width:1248px;margin-left: calc(-4% \/ 2 );margin-right: calc(-4% \/ 2 );\"><div class=\"fusion-layout-column fusion_builder_column fusion-builder-column-7 fusion_builder_column_1_1 1_1 fusion-flex-column\" style=\"--awb-padding-top-small:200px;--awb-bg-size:cover;--awb-width-large:100%;--awb-margin-top-large:0px;--awb-spacing-right-large:1.92%;--awb-margin-bottom-large:20px;--awb-spacing-left-large:1.92%;--awb-width-medium:100%;--awb-order-medium:0;--awb-spacing-right-medium:1.92%;--awb-spacing-left-medium:1.92%;--awb-width-small:100%;--awb-order-small:0;--awb-spacing-right-small:1.92%;--awb-spacing-left-small:1.92%;\"><div class=\"fusion-column-wrapper fusion-column-has-shadow fusion-flex-justify-content-flex-start fusion-content-layout-column\"><div class=\"fusion-text fusion-text-6\" style=\"--awb-font-size:17px;--awb-text-font-family:&quot;Frutiger light&quot;;--awb-text-font-style:normal;--awb-text-font-weight:400;\"><p>18 de junio de 2027<br \/>\n<a href=\"https:\/\/www.markuspassion.org\/en\/2027-bachfest-leipzig\/\" target=\"_blank\" rel=\"noopener\"><strong>La Pasi\u00f3n segun San Marcos como invitada en el Bachfest Leipzig 2027<\/strong><\/a><br \/>\n<strong><a href=\"https:\/\/www.markuspassion.org\/en\/2027-bachfest-leipzig\/\" target=\"_blank\" rel=\"noopener\">Coro y orquesta \u00abGli Aspetti\u00bb<\/a><br \/>\n<\/strong>Daniel Johannsen, Georg Poplutz, Daniel P\u00e9rez, Marie Luise Werneburg, Annekathrin Laabs, Matthias Helm<strong><br \/>\nDirecci\u00f3n musical<\/strong>\u00a0 \u00a0 Nikolaus Matthes<\/p>\n<p>.-.-.-.-.-.-.-.-.-.-.-.-.-.-.-.<\/p>\n<p><strong>ARCHIVO<\/strong><\/p>\n<p>5 y 7 de junio de 2026<br \/>\n<a href=\"https:\/\/www.markuspassion.org\/en\/2026-usa\/\" target=\"_blank\" rel=\"noopener\"><strong>La Pasi\u00f3n segun San Marcos &#8211; Primera representaci\u00f3n en Norteam\u00e9rica<\/strong><\/a><br \/>\nCancelado &#8211; <a href=\"https:\/\/www.nikolausmatthes.org\/wp-content\/uploads\/2026\/02\/2026-02_MP_USA_Statement-2.pdf\" target=\"_blank\" rel=\"noopener\"><strong>leer declaraci\u00f3n<\/strong><\/a><\/p>\n<p>7 y 8 de marzo de 2026, ambos d\u00edas a las 18.00 horas<br \/>\n<a href=\"https:\/\/jacobikantorei.de\/\" target=\"_blank\" rel=\"noopener\"><strong>Primera representaci\u00f3n de la Pasi\u00f3n seg\u00fan San Marcos en Alemania<\/strong><\/a><br \/>\nIglesia de St Jacobi, G\u00f6ttingen<br \/>\nDaniel Johannsen, Daniel P\u00e9rez,<br \/>\nAnna Nesyba, Annekathrin Laabs, Thomas Laske<br \/>\n<strong>Direcci\u00f3n musical<\/strong>\u00a0 \u00a0 Stefan Kordes<br \/>\n<a href=\"https:\/\/www.nikolausmatthes.org\/wp-content\/uploads\/2026\/02\/2026_MP_GOe_Programmheft_Matthes-Markuspassion.pdf\" target=\"_blank\" rel=\"noopener\"><strong>Programa de la primera representaci\u00f3n en Alemania<\/strong><\/a><\/p>\n<p>2 de marzo de 2026, 13.00 horas<br \/>\n<a href=\"https:\/\/www.ndr.de\/kultur\/sendungen\/ndr_kultur_a_la_carte\/markuspassion-in-der-goettinger-st-jakobikirche,sendung-56876.html\" target=\"_blank\" rel=\"noopener\"><strong>NDR Kultur \u00e0 la carte<\/strong><\/a><br \/>\nNikolaus Matthes en conversaci\u00f3n con Franziska von Busse<\/p>\n<p>16 de febrero de 2026, 18.00 horas<br \/>\n<a href=\"https:\/\/jacobikantorei.de\/\" target=\"_blank\" rel=\"noopener\"><strong>La Pasi\u00f3n seg\u00fan San Marcos al estilo de J. S. Bach: reflexiones de un compositor<\/strong><\/a><br \/>\nNikolaus Matthes en conversaci\u00f3n con Stefan Kordes<br \/>\nSal\u00f3n parroquial de St. Jacobi, Gotinga<br \/>\nEntrada libre<\/p>\n<p>17 de noviembre de 2025, 19.00 horas<br \/>\nIglesia de San Pablo, Basilea<br \/>\n<a href=\"https:\/\/www.nikolausmatthes.org\/wp-content\/uploads\/2025\/11\/2025-11-17_CHORKONZERT_SUITS_Programmheft_FUER_WEB.pdf\" target=\"_blank\" rel=\"noopener\"><strong>Concierto para Paul Suits<\/strong><\/a><br \/>\nCoro y solistas ad hoc<br \/>\n<strong>Piano<\/strong>\u00a0 \u00a0 Nadia Carboni y Tatiana Korsunskaya<br \/>\n<b>Direcci\u00f3n musical<\/b>\u00a0 \u00a0 Nikolaus Matthes<\/p>\n<p>14 de septiembre de 2025, 18.00 horas<br \/>\n<a href=\"https:\/\/franziskabadertscher.ch\/konzertkalender.html#anchor_140925\" target=\"_blank\" rel=\"noopener\"><strong>In Davids Welt<\/strong><\/a> (En el mundo de David)<br \/>\n<a href=\"https:\/\/franziskabadertscher.ch\/konzertkalender.html#anchor_140925\" target=\"_blank\" rel=\"noopener\"><strong>Concierto en atelier n\u00ba 76<\/strong><\/a><br \/>\nNikolaus Matthes en conversaci\u00f3n con David Wohnlich<br \/>\nSt. Johanns-Vorstadt 16, 4051 Basilea<\/p>\n<p>21 de marzo de 2025<br \/>\n<a href=\"https:\/\/www.youtube.com\/watch?v=Z-npWawAvIk\" target=\"_blank\" rel=\"noopener\"><strong>Contrapunctus XIX &#8211; Lanzamiento de la primera grabaci\u00f3n mundial<\/strong><\/a><br \/>\n<strong>Piano<\/strong> \u00a0\u00a0 Paul Suits<\/p>\n<p>8 de marzo de 2024<br \/>\n<a href=\"https:\/\/www.markuspassion.org\/en\/recordings\/\" target=\"_blank\" rel=\"noopener\"><strong>La Pasi\u00f3n segun San Marcos &#8211; Lanzamiento del CD<\/strong><\/a><br \/>\n<strong><a href=\"https:\/\/www.resonando.de\/en\/products\/rn-10018-markuspassion\" target=\"_blank\" rel=\"noopener\">resonando<\/a><\/strong><\/p>\n<p>23 de marzo de 2023<br \/>\n<a href=\"https:\/\/www.markuspassion.org\/en\/concerts_2023\/\" target=\"_blank\" rel=\"noopener\"><strong>La Pasi\u00f3n segun San Marcos &#8211; Estreno mundial<\/strong><\/a><br \/>\nIglesia de San Pedro, Z\u00farich<br \/>\n<a href=\"https:\/\/www.markuspassion.org\/en\/cast_2023\/\" target=\"_blank\" rel=\"noopener\"><strong>Coro y orquesta \u00abGli Aspetti\u00bb<\/strong><\/a><br \/>\n<b>Direcci\u00f3n musical<\/b>\u00a0 \u00a0 Nikolaus Matthes<\/p>\n<p>24, 25 y 26 de marzo de 2023<br \/>\n<a href=\"https:\/\/www.markuspassion.org\/en\/concerts_2023\/\" target=\"_blank\" rel=\"noopener\"><strong>La Pasi\u00f3n segun San Marcos &#8211; Conciertos posteriores<\/strong><\/a><br \/>\n\u00c9glise fran\u00e7aise, Berna<br \/>\nIglesia de San Pedro, Basilea<br \/>\nIglesia de San Mateo, Lucerne<br \/>\n<a href=\"https:\/\/www.markuspassion.org\/en\/cast_2023\/\" target=\"_blank\" rel=\"noopener\"><strong>Coro y orquesta \u00abGli Aspetti\u00bb<\/strong><\/a><br \/>\n<b>Direcci\u00f3n musical<\/b>\u00a0 \u00a0 Nikolaus Matthes<\/p>\n<\/div><\/div><\/div><div class=\"fusion-layout-column fusion_builder_column fusion-builder-column-8 fusion_builder_column_1_1 1_1 fusion-flex-column\" style=\"--awb-padding-top-small:200px;--awb-bg-size:cover;--awb-width-large:100%;--awb-margin-top-large:0px;--awb-spacing-right-large:1.92%;--awb-margin-bottom-large:20px;--awb-spacing-left-large:1.92%;--awb-width-medium:100%;--awb-order-medium:0;--awb-spacing-right-medium:1.92%;--awb-spacing-left-medium:1.92%;--awb-width-small:100%;--awb-order-small:0;--awb-spacing-right-small:1.92%;--awb-spacing-left-small:1.92%;\"><div class=\"fusion-column-wrapper fusion-column-has-shadow fusion-flex-justify-content-flex-start fusion-content-layout-column\"><div class=\"fusion-text fusion-text-7\" style=\"--awb-font-size:17px;--awb-text-font-family:&quot;Frutiger light&quot;;--awb-text-font-style:normal;--awb-text-font-weight:400;\"><\/div><\/div><\/div><div class=\"fusion-layout-column fusion_builder_column fusion-builder-column-9 fusion_builder_column_1_1 1_1 fusion-flex-column\" style=\"--awb-padding-top-small:200px;--awb-bg-size:cover;--awb-width-large:100%;--awb-margin-top-large:0px;--awb-spacing-right-large:1.92%;--awb-margin-bottom-large:20px;--awb-spacing-left-large:1.92%;--awb-width-medium:100%;--awb-order-medium:0;--awb-spacing-right-medium:1.92%;--awb-spacing-left-medium:1.92%;--awb-width-small:100%;--awb-order-small:0;--awb-spacing-right-small:1.92%;--awb-spacing-left-small:1.92%;\"><div class=\"fusion-column-wrapper fusion-column-has-shadow fusion-flex-justify-content-flex-start fusion-content-layout-column\"><div class=\"fusion-text fusion-text-8\" style=\"--awb-font-size:17px;--awb-text-font-family:&quot;Frutiger light&quot;;--awb-text-font-style:normal;--awb-text-font-weight:400;\"><\/div><\/div><\/div><div class=\"fusion-layout-column fusion_builder_column fusion-builder-column-10 fusion_builder_column_1_1 1_1 fusion-flex-column\" style=\"--awb-padding-top-small:200px;--awb-bg-size:cover;--awb-width-large:100%;--awb-margin-top-large:0px;--awb-spacing-right-large:1.92%;--awb-margin-bottom-large:20px;--awb-spacing-left-large:1.92%;--awb-width-medium:100%;--awb-order-medium:0;--awb-spacing-right-medium:1.92%;--awb-spacing-left-medium:1.92%;--awb-width-small:100%;--awb-order-small:0;--awb-spacing-right-small:1.92%;--awb-spacing-left-small:1.92%;\"><div class=\"fusion-column-wrapper fusion-column-has-shadow fusion-flex-justify-content-flex-start fusion-content-layout-column\"><div class=\"fusion-text fusion-text-9\" style=\"--awb-font-size:17px;--awb-text-font-family:&quot;Frutiger light&quot;;--awb-text-font-style:normal;--awb-text-font-weight:400;\"><\/div><\/div><\/div><div class=\"fusion-layout-column fusion_builder_column fusion-builder-column-11 fusion_builder_column_1_1 1_1 fusion-flex-column\" style=\"--awb-padding-top-small:200px;--awb-bg-size:cover;--awb-width-large:100%;--awb-margin-top-large:0px;--awb-spacing-right-large:1.92%;--awb-margin-bottom-large:20px;--awb-spacing-left-large:1.92%;--awb-width-medium:100%;--awb-order-medium:0;--awb-spacing-right-medium:1.92%;--awb-spacing-left-medium:1.92%;--awb-width-small:100%;--awb-order-small:0;--awb-spacing-right-small:1.92%;--awb-spacing-left-small:1.92%;\"><div class=\"fusion-column-wrapper fusion-column-has-shadow fusion-flex-justify-content-flex-start fusion-content-layout-column\"><div class=\"fusion-text fusion-text-10\" style=\"--awb-font-size:17px;--awb-text-font-family:&quot;Frutiger light&quot;;--awb-text-font-style:normal;--awb-text-font-weight:400;\"><\/div><\/div><\/div><\/div><\/div><\/p>\n","protected":false},"excerpt":{"rendered":"","protected":false},"author":1,"featured_media":0,"parent":0,"menu_order":0,"comment_status":"closed","ping_status":"closed","template":"100-width.php","meta":{"footnotes":""},"class_list":["post-685","page","type-page","status-publish","hentry"],"_links":{"self":[{"href":"https:\/\/nikolausmatthes.org\/es\/wp-json\/wp\/v2\/pages\/685","targetHints":{"allow":["GET"]}}],"collection":[{"href":"https:\/\/nikolausmatthes.org\/es\/wp-json\/wp\/v2\/pages"}],"about":[{"href":"https:\/\/nikolausmatthes.org\/es\/wp-json\/wp\/v2\/types\/page"}],"author":[{"embeddable":true,"href":"https:\/\/nikolausmatthes.org\/es\/wp-json\/wp\/v2\/users\/1"}],"replies":[{"embeddable":true,"href":"https:\/\/nikolausmatthes.org\/es\/wp-json\/wp\/v2\/comments?post=685"}],"version-history":[{"count":33,"href":"https:\/\/nikolausmatthes.org\/es\/wp-json\/wp\/v2\/pages\/685\/revisions"}],"predecessor-version":[{"id":5200,"href":"https:\/\/nikolausmatthes.org\/es\/wp-json\/wp\/v2\/pages\/685\/revisions\/5200"}],"wp:attachment":[{"href":"https:\/\/nikolausmatthes.org\/es\/wp-json\/wp\/v2\/media?parent=685"}],"curies":[{"name":"wp","href":"https:\/\/api.w.org\/{rel}","templated":true}]}}