{"id":3664,"date":"2025-02-12T18:55:37","date_gmt":"2025-02-12T17:55:37","guid":{"rendered":"https:\/\/www.nikolausmatthes.org\/presse\/"},"modified":"2026-03-12T13:45:26","modified_gmt":"2026-03-12T12:45:26","slug":"prensa","status":"publish","type":"page","link":"https:\/\/nikolausmatthes.org\/es\/prensa\/","title":{"rendered":"Prensa"},"content":{"rendered":"<p><div class=\"fusion-fullwidth fullwidth-box fusion-builder-row-1 fusion-flex-container has-pattern-background has-mask-background fusion-parallax-fixed hundred-percent-fullwidth non-hundred-percent-height-scrolling fusion-no-small-visibility fusion-no-medium-visibility\" style=\"--awb-background-position:left center;--awb-background-position-medium:left center;--awb-background-position-small:center center;--awb-background-repeat-medium:no-repeat;--awb-background-repeat-small:no-repeat;--awb-border-radius-top-left:0px;--awb-border-radius-top-right:0px;--awb-border-radius-bottom-right:0px;--awb-border-radius-bottom-left:0px;--awb-padding-top:200px;--awb-padding-right:80px;--awb-background-image:linear-gradient(270deg, #ffffff 0%,rgba(255,255,255,0) 44%),url(http:\/\/nikolausmatthes.org\/wp-content\/uploads\/2025\/02\/Nikolaus-Matthes_Portrait_2024-02-29_1183_LANDING_PAGE.jpg);;--awb-background-image-medium:linear-gradient(270deg, #ffffff 0%,rgba(255,255,255,0) 44%),url(http:\/\/nikolausmatthes.org\/wp-content\/uploads\/2025\/02\/Nikolaus-Matthes_Portrait_2024-02-29_1183_LANDING_PAGE.jpg);;--awb-background-size:cover;--awb-background-size-medium:cover;--awb-flex-wrap:wrap;background-attachment:fixed;\" ><div class=\"fusion-builder-row fusion-row fusion-flex-align-items-flex-start fusion-flex-content-wrap\" style=\"width:104% !important;max-width:104% !important;margin-left: calc(-4% \/ 2 );margin-right: calc(-4% \/ 2 );\"><div class=\"fusion-layout-column fusion_builder_column fusion-builder-column-0 fusion_builder_column_1_3 1_3 fusion-flex-column\" style=\"--awb-bg-size:cover;--awb-width-large:33.333333333333%;--awb-margin-top-large:0px;--awb-spacing-right-large:5.76%;--awb-margin-bottom-large:20px;--awb-spacing-left-large:5.76%;--awb-width-medium:33.333333333333%;--awb-order-medium:0;--awb-spacing-right-medium:5.76%;--awb-spacing-left-medium:5.76%;--awb-width-small:100%;--awb-order-small:0;--awb-spacing-right-small:1.92%;--awb-spacing-left-small:1.92%;\"><div class=\"fusion-column-wrapper fusion-column-has-shadow fusion-flex-justify-content-flex-start fusion-content-layout-column\"><\/div><\/div><div class=\"fusion-layout-column fusion_builder_column fusion-builder-column-1 fusion_builder_column_1_3 1_3 fusion-flex-column\" style=\"--awb-bg-size:cover;--awb-width-large:33.333333333333%;--awb-margin-top-large:0px;--awb-spacing-right-large:5.76%;--awb-margin-bottom-large:20px;--awb-spacing-left-large:5.76%;--awb-width-medium:33.333333333333%;--awb-order-medium:0;--awb-spacing-right-medium:5.76%;--awb-spacing-left-medium:5.76%;--awb-width-small:100%;--awb-order-small:0;--awb-spacing-right-small:1.92%;--awb-spacing-left-small:1.92%;\"><div class=\"fusion-column-wrapper fusion-column-has-shadow fusion-flex-justify-content-flex-start fusion-content-layout-column\"><\/div><\/div><div class=\"fusion-layout-column fusion_builder_column fusion-builder-column-2 fusion_builder_column_1_3 1_3 fusion-flex-column\" style=\"--awb-bg-size:cover;--awb-width-large:33.333333333333%;--awb-margin-top-large:0px;--awb-spacing-right-large:5.76%;--awb-margin-bottom-large:20px;--awb-spacing-left-large:5.76%;--awb-width-medium:33.333333333333%;--awb-order-medium:0;--awb-spacing-right-medium:5.76%;--awb-spacing-left-medium:5.76%;--awb-width-small:100%;--awb-order-small:0;--awb-spacing-right-small:1.92%;--awb-spacing-left-small:1.92%;\"><div class=\"fusion-column-wrapper fusion-column-has-shadow fusion-flex-justify-content-flex-start fusion-content-layout-column\"><div class=\"fusion-text fusion-text-1\" style=\"--awb-font-size:18px;--awb-text-color:#000000;--awb-margin-top:200px;--awb-text-font-family:&quot;Frutiger light&quot;;--awb-text-font-style:normal;--awb-text-font-weight:400;\"><p>\u00abOvaci\u00f3n de pie al final de un oratorio de la Pasi\u00f3n: algo poco habitual. Sin embargo, la representaci\u00f3n de la Pasi\u00f3n seg\u00fan San Marcos de Nikolaus Matthes el s\u00e1bado en la iglesia St. Jacobi levant\u00f3 al p\u00fablico de sus asientos.\u00bb<br \/>\n<strong><a href=\"https:\/\/www.nikolausmatthes.org\/wp-content\/uploads\/2026\/03\/2026-03-09_MP_GOe_Rezension_Goettinger_Tageblatt-scaled.jpg\" target=\"_blank\" rel=\"noopener\">G\u00f6ttinger Tageblatt<\/a><\/strong><br \/>\n<em>Michael Sch\u00e4fer, 9 de marzo de 2026<\/em><\/p>\n<p>\u00abPero esto es de Bach \u2013 Matthes ha compuesto una Pasi\u00f3n seg\u00fan San Marcos como si viniera del propio maestro;  descarada, bien hecha, de sonido familiar y que vale la pena escuchar\u00bb.<br \/>\n<a href=\"https:\/\/www.sueddeutsche.de\/kultur\/markus-passion-nikolaus-matthes-johann-sebastian-bach-1.6491510?source=rss&reduced=true\" target=\"_blank\" rel=\"noopener\"><strong>S\u00fcddeutsche Zeitung<\/strong><\/a><br \/>\n<em>Reinhard J. Brembeck, 28 \/ 29 de marzo de 2024<\/em><\/p>\n<p>\u00abCon respetuosa referencia al lenguaje de Bach  una empresa profundamente seria, sin pretensiones , siempre comprometida con el esp\u00edritu y la tradici\u00f3n de la m\u00fasica de Pasi\u00f3n barroca\u00bb.<br \/>\n<a href=\"https:\/\/www.faz.net\/aktuell\/feuilleton\/buehne-und-konzert\/nikolaus-matthes-barocke-neuvertonung-einer-markus-passion-19637108.html\" target=\"_blank\" rel=\"noopener\"><strong>Frankfurter Allgemeine Zeitung<\/strong><\/a><br \/>\n<em>Werner M. Grimmel, 7 \/ 8 de abril de 2024<\/em><\/p>\n<p>\u00abUna obra barroca de hoy  que suena como si Nikolaus Matthes hubiera aprendido del mism\u00edsimo Bach\u00bb.<br \/>\n<a href=\"https:\/\/www.ndr.de\/kultur\/sendungen\/das_konzert\/Die-Markuspassion-neu-vertont,sendung1430710.html\" target=\"_blank\" rel=\"noopener\"><strong>Radio NDR Kultur \u2013 \u00abDas Konzert\u00bb<\/strong><\/a><br \/>\n<em>Franziska von Busse, Viernes Santo, 29 de marzo de 2024<br \/>\n<\/em><\/p>\n<p>\u00abLa nueva grabaci\u00f3n de la Pasi\u00f3n m\u00e1s asombrosa de 2024 , tan barroca \u2013 y sin embargo s\u00f3lo se ha creado en los \u00faltimos a\u00f1os. Me sorprendi\u00f3 su potencia, sobre todo gracias al compromiso de esta interpretaci\u00f3n.  Una flamante Pasi\u00f3n seg\u00fan San Marcos que a menudo parece tan antigua como Bach, pero al mismo tiempo fresca y vital\u00bb.<br \/>\n<a href=\"https:\/\/www.nikolausmatthes.org\/wp-content\/uploads\/2025\/02\/2024-03-30_MP_BBC-3_Record_Review.pdf\" target=\"_blank\" rel=\"noopener\"><strong>Radio BBC 3 \u2013 Record Review<\/strong><\/a><br \/>\n<em>Andrew McGregor, 30 de marzo de 2024<\/em><\/p>\n<p>\u00ab en la \u2039v\u00eda r\u00e1pida\u203a, superando todos los intentos de reconstrucci\u00f3n cient\u00edficos realizados hasta ahora , un oratorio del que se puede decir: \u2039et re-incarnatus est\u2026\u203a\u00bb<br \/>\n<a href=\"https:\/\/www.proclassics.de\/tontraeger\/nikolaus-matthes-markuspassion-neu-komponiert-auf-den-originalen-picander-text\/\" target=\"_blank\" rel=\"noopener\"><strong>Pro Classics<\/strong><\/a><br \/>\nDr. Eckhardt van den Hoogen, febrero de 2024<\/p>\n<p>\u00abMatthes ha compuesto una Pasi\u00f3n seg\u00fan San Marcos <em>al estilo de Johann Sebastian Bach<\/em> sobre el texto de Picander, y suena tan bachiana que uno podr\u00eda pensar que Matthes es un camale\u00f3n capaz de adaptarse perfectamente a su interlocutor al encontrarse con Bach.\u00bb<br \/>\n<a href=\"https:\/\/www.nikolausmatthes.org\/wp-content\/uploads\/2026\/02\/Novelletten-299.pdf\" target=\"_blank\" rel=\"noopener\"><strong>G\u00f6ttinger Kammermusikgesellschaft e. V., Novellette n.\u00ba 299<\/strong><\/a><br \/>\n<em>Michael Sch\u00e4fer, 18 de febrero de 2026<\/em><\/p>\n<p>\u00abUn o\u00eddo en el barroco, otro en el presente\u00bb.<br \/>\n<a href=\"https:\/\/www.musik.bs\/articles\/die-markuspassion-neu-vertont-dieser-basler-spricht-fliessend-bach\" target=\"_blank\" rel=\"noopener\"><strong>Musik Basel<\/strong><\/a><br \/>\n<em>Kathrin Signer, 10 de abril de 2024<\/em><\/p>\n<p>\u00ab\u00bfC\u00f3mo ser\u00eda si Matthes dirigiera las originales de Bach, las Pasiones seg\u00fan San Mateo y San Juan?\u00bb.<br \/>\n<a href=\"https:\/\/www.nikolausmatthes.org\/wp-content\/uploads\/2025\/02\/2024-05-01_FANFARE_Review_01_Clarke.pdf\" target=\"_blank\" rel=\"noopener\"><strong>Fanfare Magazine<\/strong><\/a><br \/>\n<em>Colin Clarke, 1 de mayo de 2024<\/em><\/p>\n<p>\u00abMatthes el conductor demuestra estar a la altura de Matthes el compositor.  Urgentemente y enf\u00e1ticamente recomendado\u00bb.<br \/>\n<a href=\"https:\/\/www.nikolausmatthes.org\/wp-content\/uploads\/2025\/02\/2024-05-26_FANFARE_Review_04_Altena.pdf\" target=\"_blank\" rel=\"noopener\"><strong>Fanfare Magazine<\/strong><\/a><br \/>\n<em>James A. Altena, 26 de mayo de 2024<\/em><\/p>\n<p>\u00abLa Pasi\u00f3n seg\u00fan San Marcos de Matthes triunfa como \u2039obra contempor\u00e1nea escrita en estilo barroco\u203a. Es tambi\u00e9n una experiencia musical y dram\u00e1tica apasionante, que se desarrolla con una fuerza sobrecogedora. El magn\u00edfico conjunto de vocalistas e instrumentistas barrocos que Matthes ha reunido para la interpretaci\u00f3n y grabaci\u00f3n de su Pasi\u00f3n seg\u00fan San Marcos merece todos los honores.  La grabaci\u00f3n es de primera clase, al igual que la presentaci\u00f3n.  Se trata de una interpretaci\u00f3n extraordinaria y fascinante\u00bb.<br \/>\n<a href=\"https:\/\/www.nikolausmatthes.org\/wp-content\/uploads\/2025\/02\/2024-05-26_FANFARE_Review_05_Meltzer.pdf\" target=\"_blank\" rel=\"noopener\"><strong>Fanfare Magazine<\/strong><\/a><br \/>\n<em>Ken Meltzer, 26 de mayo de 2024<\/em><\/p>\n<p>\u00abLo que Nikolaus Matthes ha logrado en esta obra es sencillamente impresionante, y al escribirla ha hecho un gran regalo a los amantes de la m\u00fasica. Como cristiano, encontr\u00e9 en esta obra no s\u00f3lo una gran experiencia musical, sino tambi\u00e9n una oportunidad profundamente conmovedora para la adoraci\u00f3n. Conf\u00edo en que m\u00e1s pronto que tarde esta obra reciba la amplia interpretaci\u00f3n que merece\u00bb.<br \/>\n<a href=\"https:\/\/www.nikolausmatthes.org\/wp-content\/uploads\/2025\/02\/2024-11-01_FANFARE_Review_7_Canfield.pdf\" target=\"_blank\" rel=\"noopener\"><strong>Fanfare Magazine<\/strong><\/a><br \/>\n<em>David DeBoor Canfield, oto\u00f1o de 2024<\/em><\/p>\n<p>\u00abMatthes, consciente de que ante \u00e9l se sentaban profesionales extraordinariamente competentes, dej\u00f3 que su conjunto tocara, hiciera m\u00fasica, cantara, interactuara, se perdiera en la m\u00fasica, se agrupara y reagrupara, y actuara al m\u00e1ximo de su capacidad. Aqu\u00ed no se suprimi\u00f3 nada: al extinguirse el \u00faltimo acorde de cada n\u00famero, el gesto del director se llev\u00f3 hasta el final. La notable e intangiblemente trascendental calidad de esta m\u00fasica puede tener algo que ver con la forma en que se dirigi\u00f3: avanzamos juntos a trav\u00e9s de esta Pasi\u00f3n, descubri\u00e9ndola y dej\u00e1ndola sonar. Realizar una partitura tan compleja de forma tan l\u00f3gica, suave (casi me gustar\u00eda decir \u00abamorosa\u00bb) y en\u00e9rgica es todo un arte, algo que no se puede extraer del conjunto, sino s\u00f3lo dejar que crezca y prospere. Nikolaus Matthes debe ser un humano que no deja nada al azar a la hora de componer, planificar, preparar y elegir a sus colaboradores \u2013 y que exactamente en virtud de todo ello es capaz de dejarse llevar en el momento crucial, de permitir que surja la m\u00fasica, de percibir incluso aparentemente al p\u00fablico, de trabajar con la resonancia del espacio presente\u00bb.<br \/>\n<a href=\"https:\/\/www.nikolausmatthes.org\/wp-content\/uploads\/2025\/02\/STRASSMANN_Zur_Markuspassion_von_Nikolaus_Matthes_in_Luzern.pdf\" target=\"_blank\" rel=\"noopener\"><strong>Pius Strassmann, Lucerna<\/strong><\/a><br \/>\n<em>7 de abril de 2023<\/em><\/p>\n<\/div><\/div><\/div><\/div><\/div><div class=\"fusion-fullwidth fullwidth-box fusion-builder-row-2 fusion-flex-container has-pattern-background has-mask-background fusion-parallax-none nonhundred-percent-fullwidth non-hundred-percent-height-scrolling fusion-no-large-visibility fusion-custom-z-index\" style=\"--awb-background-position-small:center center;--awb-background-repeat-small:no-repeat;--awb-border-radius-top-left:0px;--awb-border-radius-top-right:0px;--awb-border-radius-bottom-right:0px;--awb-border-radius-bottom-left:0px;--awb-z-index:200;--awb-background-color-small:rgba(255,255,255,0);--awb-background-image:linear-gradient(180deg, rgba(255,255,255,0.5) 0%,rgba(255,255,255,0.5) 100%),url(https:\/\/www.nikolausmatthes.org\/wp-content\/uploads\/2025\/02\/Nikolaus-Matthes_Portrait_2024-02-29_1100.jpg);;--awb-background-image-small:linear-gradient(180deg, rgba(255,255,255,0.5) 0%,rgba(255,255,255,0.5) 100%),url(https:\/\/www.nikolausmatthes.org\/wp-content\/uploads\/2025\/02\/Nikolaus-Matthes_Portrait_2024-02-29_1100.jpg);;--awb-background-size:cover;--awb-background-size-small:cover;--awb-flex-wrap:wrap;\" ><div class=\"fusion-builder-row fusion-row fusion-flex-align-items-flex-start fusion-flex-content-wrap\" style=\"max-width:1248px;margin-left: calc(-4% \/ 2 );margin-right: calc(-4% \/ 2 );\"><div class=\"fusion-layout-column fusion_builder_column fusion-builder-column-3 fusion_builder_column_1_1 1_1 fusion-flex-column\" style=\"--awb-padding-top-small:200px;--awb-bg-size:cover;--awb-width-large:100%;--awb-margin-top-large:0px;--awb-spacing-right-large:1.92%;--awb-margin-bottom-large:20px;--awb-spacing-left-large:1.92%;--awb-width-medium:100%;--awb-order-medium:0;--awb-spacing-right-medium:1.92%;--awb-spacing-left-medium:1.92%;--awb-width-small:100%;--awb-order-small:0;--awb-spacing-right-small:1.92%;--awb-spacing-left-small:1.92%;\"><div class=\"fusion-column-wrapper fusion-column-has-shadow fusion-flex-justify-content-flex-start fusion-content-layout-column\"><div class=\"fusion-text fusion-text-2\" style=\"--awb-font-size:17px;--awb-text-font-family:&quot;Frutiger light&quot;;--awb-text-font-style:normal;--awb-text-font-weight:400;\"><p>\u00abOvaci\u00f3n de pie al final de un oratorio de la Pasi\u00f3n: algo poco habitual. Sin embargo, la representaci\u00f3n de la Pasi\u00f3n seg\u00fan San Marcos de Nikolaus Matthes el s\u00e1bado en la iglesia St. Jacobi levant\u00f3 al p\u00fablico de sus asientos.\u00bb<br \/>\n<strong><a href=\"https:\/\/www.nikolausmatthes.org\/wp-content\/uploads\/2026\/03\/2026-03-09_MP_GOe_Rezension_Goettinger_Tageblatt-scaled.jpg\" target=\"_blank\" rel=\"noopener\">G\u00f6ttinger Tageblatt<\/a><\/strong><br \/>\n<em>Michael Sch\u00e4fer, 9 de marzo de 2026<\/em><\/p>\n<p>\u00abPero esto es de Bach \u2013 Matthes ha compuesto una Pasi\u00f3n seg\u00fan San Marcos como si viniera del propio maestro;  descarada, bien hecha, de sonido familiar y que vale la pena escuchar\u00bb.<br \/>\n<a href=\"https:\/\/www.sueddeutsche.de\/kultur\/markus-passion-nikolaus-matthes-johann-sebastian-bach-1.6491510?source=rss&reduced=true\" target=\"_blank\" rel=\"noopener\"><strong>S\u00fcddeutsche Zeitung<\/strong><\/a><br \/>\n<em>Reinhard J. Brembeck, 28 \/ 29 de marzo de 2024<\/em><\/p>\n<p>\u00abCon respetuosa referencia al lenguaje de Bach  una empresa profundamente seria, sin pretensiones , siempre comprometida con el esp\u00edritu y la tradici\u00f3n de la m\u00fasica de Pasi\u00f3n barroca\u00bb.<br \/>\n<a href=\"https:\/\/www.faz.net\/aktuell\/feuilleton\/buehne-und-konzert\/nikolaus-matthes-barocke-neuvertonung-einer-markus-passion-19637108.html\" target=\"_blank\" rel=\"noopener\"><strong>Frankfurter Allgemeine Zeitung<\/strong><\/a><br \/>\n<em>Werner M. Grimmel, 7 \/ 8 de abril de 2024<\/em><\/p>\n<p>\u00abUna obra barroca de hoy  que suena como si Nikolaus Matthes hubiera aprendido del mism\u00edsimo Bach\u00bb.<br \/>\n<a href=\"https:\/\/www.ndr.de\/kultur\/sendungen\/das_konzert\/Die-Markuspassion-neu-vertont,sendung1430710.html\" target=\"_blank\" rel=\"noopener\"><strong>Radio NDR Kultur \u2013 \u00abDas Konzert\u00bb<\/strong><\/a><br \/>\n<em>Franziska von Busse, Viernes Santo, 29 de marzo de 2024<br \/>\n<\/em><\/p>\n<p>\u00abLa nueva grabaci\u00f3n de la Pasi\u00f3n m\u00e1s asombrosa de 2024 , tan barroca \u2013 y sin embargo s\u00f3lo se ha creado en los \u00faltimos a\u00f1os. Me sorprendi\u00f3 su potencia, sobre todo gracias al compromiso de esta interpretaci\u00f3n.  Una flamante Pasi\u00f3n seg\u00fan San Marcos que a menudo parece tan antigua como Bach, pero al mismo tiempo fresca y vital\u00bb.<br \/>\n<a href=\"https:\/\/www.nikolausmatthes.org\/wp-content\/uploads\/2025\/02\/2024-03-30_MP_BBC-3_Record_Review.pdf\" target=\"_blank\" rel=\"noopener\"><strong>Radio BBC 3 \u2013 Record Review<\/strong><\/a><br \/>\n<em>Andrew McGregor, 30 de marzo de 2024<\/em><\/p>\n<p>\u00ab en la \u2039v\u00eda r\u00e1pida\u203a, superando todos los intentos de reconstrucci\u00f3n cient\u00edficos realizados hasta ahora , un oratorio del que se puede decir: \u2039et re-incarnatus est\u2026\u203a\u00bb<br \/>\n<a href=\"https:\/\/www.proclassics.de\/tontraeger\/nikolaus-matthes-markuspassion-neu-komponiert-auf-den-originalen-picander-text\/\" target=\"_blank\" rel=\"noopener\"><strong>Pro Classics<\/strong><\/a><br \/>\nDr. Eckhardt van den Hoogen, febrero de 2024<\/p>\n<p>\u00abMatthes ha compuesto una Pasi\u00f3n seg\u00fan San Marcos <em>al estilo de Johann Sebastian Bach<\/em> sobre el texto de Picander, y suena tan bachiana que uno podr\u00eda pensar que Matthes es un camale\u00f3n capaz de adaptarse perfectamente a su interlocutor al encontrarse con Bach.\u00bb<br \/>\n<a href=\"https:\/\/www.nikolausmatthes.org\/wp-content\/uploads\/2026\/02\/Novelletten-299.pdf\" target=\"_blank\" rel=\"noopener\"><strong>G\u00f6ttinger Kammermusikgesellschaft e. V., Novellette n.\u00ba 299<\/strong><\/a><br \/>\n<em>Michael Sch\u00e4fer, 18 de febrero de 2026<\/em><\/p>\n<p>\u00abUn o\u00eddo en el barroco, otro en el presente\u00bb.<br \/>\n<a href=\"https:\/\/www.musik.bs\/articles\/die-markuspassion-neu-vertont-dieser-basler-spricht-fliessend-bach\" target=\"_blank\" rel=\"noopener\"><strong>Musik Basel<\/strong><\/a><br \/>\n<em>Kathrin Signer, 10 de abril de 2024<\/em><\/p>\n<p>\u00ab\u00bfC\u00f3mo ser\u00eda si Matthes dirigiera las originales de Bach, las Pasiones seg\u00fan San Mateo y San Juan?\u00bb.<br \/>\n<a href=\"https:\/\/www.nikolausmatthes.org\/wp-content\/uploads\/2025\/02\/2024-05-01_FANFARE_Review_01_Clarke.pdf\" target=\"_blank\" rel=\"noopener\"><strong>Fanfare Magazine<\/strong><\/a><br \/>\n<em>Colin Clarke, 1 de mayo de 2024<\/em><\/p>\n<p>\u00abMatthes el conductor demuestra estar a la altura de Matthes el compositor.  Urgentemente y enf\u00e1ticamente recomendado\u00bb.<br \/>\n<a href=\"https:\/\/www.nikolausmatthes.org\/wp-content\/uploads\/2025\/02\/2024-05-26_FANFARE_Review_04_Altena.pdf\" target=\"_blank\" rel=\"noopener\"><strong>Fanfare Magazine<\/strong><\/a><br \/>\n<em>James A. Altena, 26 de mayo de 2024<\/em><\/p>\n<p>\u00abLa Pasi\u00f3n seg\u00fan San Marcos de Matthes triunfa como \u2039obra contempor\u00e1nea escrita en estilo barroco\u203a. Es tambi\u00e9n una experiencia musical y dram\u00e1tica apasionante, que se desarrolla con una fuerza sobrecogedora. El magn\u00edfico conjunto de vocalistas e instrumentistas barrocos que Matthes ha reunido para la interpretaci\u00f3n y grabaci\u00f3n de su Pasi\u00f3n seg\u00fan San Marcos merece todos los honores.  La grabaci\u00f3n es de primera clase, al igual que la presentaci\u00f3n.  Se trata de una interpretaci\u00f3n extraordinaria y fascinante\u00bb.<br \/>\n<a href=\"https:\/\/www.nikolausmatthes.org\/wp-content\/uploads\/2025\/02\/2024-05-26_FANFARE_Review_05_Meltzer.pdf\" target=\"_blank\" rel=\"noopener\"><strong>Fanfare Magazine<\/strong><\/a><br \/>\n<em>Ken Meltzer, 26 de mayo de 2024<\/em><\/p>\n<p>\u00abLo que Nikolaus Matthes ha logrado en esta obra es sencillamente impresionante, y al escribirla ha hecho un gran regalo a los amantes de la m\u00fasica. Como cristiano, encontr\u00e9 en esta obra no s\u00f3lo una gran experiencia musical, sino tambi\u00e9n una oportunidad profundamente conmovedora para la adoraci\u00f3n. Conf\u00edo en que m\u00e1s pronto que tarde esta obra reciba la amplia interpretaci\u00f3n que merece\u00bb.<br \/>\n<a href=\"https:\/\/www.nikolausmatthes.org\/wp-content\/uploads\/2025\/02\/2024-11-01_FANFARE_Review_7_Canfield.pdf\" target=\"_blank\" rel=\"noopener\"><strong>Fanfare Magazine<\/strong><\/a><br \/>\n<em>David DeBoor Canfield, oto\u00f1o de 2024<\/em><\/p>\n<p>\u00abMatthes, consciente de que ante \u00e9l se sentaban profesionales extraordinariamente competentes, dej\u00f3 que su conjunto tocara, hiciera m\u00fasica, cantara, interactuara, se perdiera en la m\u00fasica, se agrupara y reagrupara, y actuara al m\u00e1ximo de su capacidad. Aqu\u00ed no se suprimi\u00f3 nada: al extinguirse el \u00faltimo acorde de cada n\u00famero, el gesto del director se llev\u00f3 hasta el final. La notable e intangiblemente trascendental calidad de esta m\u00fasica puede tener algo que ver con la forma en que se dirigi\u00f3: avanzamos juntos a trav\u00e9s de esta Pasi\u00f3n, descubri\u00e9ndola y dej\u00e1ndola sonar. Realizar una partitura tan compleja de forma tan l\u00f3gica, suave (casi me gustar\u00eda decir \u00abamorosa\u00bb) y en\u00e9rgica es todo un arte, algo que no se puede extraer del conjunto, sino s\u00f3lo dejar que crezca y prospere. Nikolaus Matthes debe ser un humano que no deja nada al azar a la hora de componer, planificar, preparar y elegir a sus colaboradores \u2013 y que exactamente en virtud de todo ello es capaz de dejarse llevar en el momento crucial, de permitir que surja la m\u00fasica, de percibir incluso aparentemente al p\u00fablico, de trabajar con la resonancia del espacio presente\u00bb.<br \/>\n<a href=\"https:\/\/www.nikolausmatthes.org\/wp-content\/uploads\/2025\/02\/STRASSMANN_Zur_Markuspassion_von_Nikolaus_Matthes_in_Luzern.pdf\" target=\"_blank\" rel=\"noopener\"><strong>Pius Strassmann, Lucerna<\/strong><\/a><br \/>\n<em>7 de abril de 2023<\/em><\/p>\n<\/div><\/div><\/div><\/div><\/div><\/p>\n","protected":false},"excerpt":{"rendered":"","protected":false},"author":1,"featured_media":0,"parent":0,"menu_order":0,"comment_status":"closed","ping_status":"closed","template":"100-width.php","meta":{"footnotes":""},"class_list":["post-3664","page","type-page","status-publish","hentry"],"_links":{"self":[{"href":"https:\/\/nikolausmatthes.org\/es\/wp-json\/wp\/v2\/pages\/3664","targetHints":{"allow":["GET"]}}],"collection":[{"href":"https:\/\/nikolausmatthes.org\/es\/wp-json\/wp\/v2\/pages"}],"about":[{"href":"https:\/\/nikolausmatthes.org\/es\/wp-json\/wp\/v2\/types\/page"}],"author":[{"embeddable":true,"href":"https:\/\/nikolausmatthes.org\/es\/wp-json\/wp\/v2\/users\/1"}],"replies":[{"embeddable":true,"href":"https:\/\/nikolausmatthes.org\/es\/wp-json\/wp\/v2\/comments?post=3664"}],"version-history":[{"count":15,"href":"https:\/\/nikolausmatthes.org\/es\/wp-json\/wp\/v2\/pages\/3664\/revisions"}],"predecessor-version":[{"id":5213,"href":"https:\/\/nikolausmatthes.org\/es\/wp-json\/wp\/v2\/pages\/3664\/revisions\/5213"}],"wp:attachment":[{"href":"https:\/\/nikolausmatthes.org\/es\/wp-json\/wp\/v2\/media?parent=3664"}],"curies":[{"name":"wp","href":"https:\/\/api.w.org\/{rel}","templated":true}]}}