{"id":686,"date":"2025-02-08T13:38:10","date_gmt":"2025-02-08T12:38:10","guid":{"rendered":"https:\/\/www.nikolausmatthes.org\/zum-hoeren\/"},"modified":"2025-09-27T11:21:26","modified_gmt":"2025-09-27T09:21:26","slug":"audio","status":"publish","type":"page","link":"https:\/\/nikolausmatthes.org\/en\/audio\/","title":{"rendered":"Audio"},"content":{"rendered":"<p><div class=\"fusion-fullwidth fullwidth-box fusion-builder-row-1 fusion-flex-container has-pattern-background has-mask-background fusion-parallax-fixed hundred-percent-fullwidth non-hundred-percent-height-scrolling fusion-no-small-visibility fusion-no-medium-visibility\" style=\"--awb-background-position:left center;--awb-background-position-medium:left center;--awb-background-position-small:center center;--awb-background-repeat-medium:no-repeat;--awb-background-repeat-small:no-repeat;--awb-border-radius-top-left:0px;--awb-border-radius-top-right:0px;--awb-border-radius-bottom-right:0px;--awb-border-radius-bottom-left:0px;--awb-padding-top:200px;--awb-padding-right:80px;--awb-background-image:linear-gradient(270deg, #ffffff 0%,rgba(255,255,255,0) 44%),url(http:\/\/nikolausmatthes.org\/wp-content\/uploads\/2025\/02\/Nikolaus-Matthes_Portrait_2024-02-29_1183_LANDING_PAGE.jpg);;--awb-background-image-medium:linear-gradient(270deg, #ffffff 0%,rgba(255,255,255,0) 44%),url(http:\/\/nikolausmatthes.org\/wp-content\/uploads\/2025\/02\/Nikolaus-Matthes_Portrait_2024-02-29_1183_LANDING_PAGE.jpg);;--awb-background-size:cover;--awb-background-size-medium:cover;--awb-flex-wrap:wrap;background-attachment:fixed;\" ><div class=\"fusion-builder-row fusion-row fusion-flex-align-items-flex-start fusion-flex-content-wrap\" style=\"width:104% !important;max-width:104% !important;margin-left: calc(-4% \/ 2 );margin-right: calc(-4% \/ 2 );\"><div class=\"fusion-layout-column fusion_builder_column fusion-builder-column-0 fusion_builder_column_1_3 1_3 fusion-flex-column\" style=\"--awb-bg-size:cover;--awb-width-large:33.333333333333%;--awb-margin-top-large:0px;--awb-spacing-right-large:5.76%;--awb-margin-bottom-large:20px;--awb-spacing-left-large:5.76%;--awb-width-medium:33.333333333333%;--awb-order-medium:0;--awb-spacing-right-medium:5.76%;--awb-spacing-left-medium:5.76%;--awb-width-small:100%;--awb-order-small:0;--awb-spacing-right-small:1.92%;--awb-spacing-left-small:1.92%;\"><div class=\"fusion-column-wrapper fusion-column-has-shadow fusion-flex-justify-content-flex-start fusion-content-layout-column\"><\/div><\/div><div class=\"fusion-layout-column fusion_builder_column fusion-builder-column-1 fusion_builder_column_1_3 1_3 fusion-flex-column\" style=\"--awb-bg-size:cover;--awb-width-large:33.333333333333%;--awb-margin-top-large:0px;--awb-spacing-right-large:5.76%;--awb-margin-bottom-large:20px;--awb-spacing-left-large:5.76%;--awb-width-medium:33.333333333333%;--awb-order-medium:0;--awb-spacing-right-medium:5.76%;--awb-spacing-left-medium:5.76%;--awb-width-small:100%;--awb-order-small:0;--awb-spacing-right-small:1.92%;--awb-spacing-left-small:1.92%;\"><div class=\"fusion-column-wrapper fusion-column-has-shadow fusion-flex-justify-content-flex-start fusion-content-layout-column\"><\/div><\/div><div class=\"fusion-layout-column fusion_builder_column fusion-builder-column-2 fusion_builder_column_1_3 1_3 fusion-flex-column\" style=\"--awb-bg-size:cover;--awb-width-large:33.333333333333%;--awb-margin-top-large:0px;--awb-spacing-right-large:5.76%;--awb-margin-bottom-large:20px;--awb-spacing-left-large:5.76%;--awb-width-medium:33.333333333333%;--awb-order-medium:0;--awb-spacing-right-medium:5.76%;--awb-spacing-left-medium:5.76%;--awb-width-small:100%;--awb-order-small:0;--awb-spacing-right-small:1.92%;--awb-spacing-left-small:1.92%;\"><div class=\"fusion-column-wrapper fusion-column-has-shadow fusion-flex-justify-content-flex-start fusion-content-layout-column\"><div class=\"fusion-text fusion-text-1\" style=\"--awb-font-size:18px;--awb-text-color:#000000;--awb-margin-top:200px;--awb-text-font-family:&quot;Frutiger light&quot;;--awb-text-font-style:normal;--awb-text-font-weight:400;\"><p><strong>Contrapunctus XIX<\/strong><br \/>\n<a href=\"https:\/\/www.resonando.de\/en\/products\/contrapunctus-xix\" target=\"_blank\" rel=\"noopener\"><strong>Contrapunctus XIX in the resonando shop<\/strong><\/a><br \/>\n<strong><a href=\"https:\/\/open.spotify.com\/intl-de\/album\/2hV9cn2d8LF6vwrEnPvLy0\" target=\"_blank\" rel=\"noopener\">Spotify<\/a>\u00a0\u00a0 <a href=\"https:\/\/music.apple.com\/de\/album\/bach-die-kunst-der-fuge-bwv-1080-contrapunctus-xix\/1797153374\" target=\"_blank\" rel=\"noopener\">Apple Music<\/a>\u00a0\u00a0 <a href=\"https:\/\/music.youtube.com\/playlist?list=OLAK5uy_n6zsJl-hPzakY5_rOv-EVUYMBithYgyKg\" target=\"_blank\" rel=\"noopener\">YouTube Music<\/a>\u00a0\u00a0 <a href=\"https:\/\/www.youtube.com\/playlist?list=OLAK5uy_k8kYRf71sLGkaVhChRr0LJvvBNDW4rQj8\" target=\"_blank\" rel=\"noopener\">YouTube<\/a>\u00a0 <\/strong>\u00a0<a href=\"https:\/\/www.deezer.com\/de\/album\/714907761\" target=\"_blank\" rel=\"noopener\"><strong>Deezer<\/strong><\/a><br \/>\n<strong>Music<\/strong>\u00a0 \u00a0 Johann Sebastian Bach<br \/>\n<strong>Completion<\/strong>\u00a0 \u00a0 Nikolaus Matthes<br \/>\n<strong>Piano<\/strong>\u00a0 \u00a0 Paul Suits<br \/>\n<strong>Recording and editing<\/strong>\u00a0 \u00a0 Nikolaus Matthes<br \/>\n<strong>Mastering and production<\/strong>\u00a0 \u00a0 Johannes Wallbreche<strong>Contrapunctus XIX<\/strong><br \/>\n<a href=\"https:\/\/www.resonando.de\/en\/products\/contrapunctus-xix\" target=\"_blank\" rel=\"noopener\"><strong>Contrapunctus XIX in the resonando shop<\/strong><\/a><br \/>\n<strong><a href=\"https:\/\/open.spotify.com\/intl-de\/album\/2hV9cn2d8LF6vwrEnPvLy0\" target=\"_blank\" rel=\"noopener\">Spotify<\/a>\u00a0\u00a0 <a href=\"https:\/\/music.apple.com\/de\/album\/bach-die-kunst-der-fuge-bwv-1080-contrapunctus-xix\/1797153374\" target=\"_blank\" rel=\"noopener\">Apple Music<\/a>\u00a0\u00a0 <a href=\"https:\/\/music.youtube.com\/playlist?list=OLAK5uy_n6zsJl-hPzakY5_rOv-EVUYMBithYgyKg\" target=\"_blank\" rel=\"noopener\">YouTube Music<\/a>\u00a0\u00a0 <a href=\"https:\/\/www.youtube.com\/playlist?list=OLAK5uy_k8kYRf71sLGkaVhChRr0LJvvBNDW4rQj8\" target=\"_blank\" rel=\"noopener\">YouTube<\/a>\u00a0 <\/strong>\u00a0<a href=\"https:\/\/www.deezer.com\/de\/album\/714907761\" target=\"_blank\" rel=\"noopener\"><strong>Deezer<\/strong><\/a><br \/>\n<strong>Music<\/strong>\u00a0 \u00a0 Johann Sebastian Bach<br \/>\n<strong>Completion<\/strong>\u00a0 \u00a0 Nikolaus Matthes<br \/>\n<strong>Piano<\/strong>\u00a0 \u00a0 Paul Suits<br \/>\n<strong>Recording and editing<\/strong>\u00a0 \u00a0 Nikolaus Matthes<br \/>\n<strong>Mastering and production<\/strong>\u00a0 \u00a0 Johannes Wallbrecher<\/p>\n<p><strong>Markuspassion<\/strong><br \/>\n<strong><a href=\"https:\/\/www.resonando.de\/en\/products\/rn-10018-markuspassion\" target=\"_blank\" rel=\"noopener\">CD of the St. Mark Passion in the resonando shop<\/a><br \/>\n<a href=\"https:\/\/www.youtube.com\/playlist?list=OLAK5uy_kY1_pznwUFblo_WwNaal5aQptGwK5pz6Y\" target=\"_blank\" rel=\"noopener\">YouTube Music<\/a> \u00a0 <a href=\"https:\/\/resonando.bandcamp.com\/album\/markuspassion?from=search&amp;search_item_id=63576686&amp;search_item_type=a&amp;search_match_part=%3F&amp;search_page_id=3293912129&amp;search_page_no=1&amp;search_rank=1&amp;search_sig=20c8e077ca3cf86a056ba32987d0a781\" target=\"_blank\" rel=\"noopener\">Bandcamp<\/a> \u00a0 <a href=\"https:\/\/open.spotify.com\/intl-de\/album\/1Tr5IpVtCHAxchCjtsFZqD\" target=\"_blank\" rel=\"noopener\">Spotify<\/a> \u00a0 <a href=\"https:\/\/music.apple.com\/ca\/album\/markuspassion\/1731424556\" target=\"_blank\" rel=\"noopener\">Apple Music<\/a><\/strong><br \/>\nDaniel Johannsen, Georg Poplutz, Daniel P\u00e9rez, Maya Boog, Annekathrin Laabs, Matthias Helm<br \/>\nChoir and orchestra &#8220;Gli Aspetti&#8221;<br \/>\n<strong>Concert master<\/strong>\u00a0 \u00a0 Germ\u00e1n Echeverri Chamorro<br \/>\n<strong>Composition and musical direction<\/strong>\u00a0 \u00a0 Nikolaus Matthes<br \/>\n<strong>Recording producer\u00a0 \u00a0 <\/strong>Stefan Ritzenthaler<\/p>\n<p><strong>Cantata ad ineundum Ioanni Petri Textoris otium<\/strong><br \/>\n<a href=\"https:\/\/soundcloud.com\/user-846897085\/sets\/cantata-ad-ineundum-ioanni-petri-textoris-otium\" target=\"_blank\" rel=\"noopener\"><strong>Soundcloud link to the &#8220;Farewell Cantata for the Retirement of Hans Peter Weber&#8221;<\/strong><\/a><br \/>\nLia Andres, Ingeborg Aadland, Gerd T\u00fcrk, Raphael H\u00f6hn, Daniel P\u00e9rez<br \/>\nChoir and orchestra ad hoc<br \/>\n<strong>Composition and musical direction<\/strong>\u00a0 \u00a0 Nikolaus Matthes<br \/>\n<strong>Recording producer<\/strong>\u00a0 \u00a0 Stefan Ritzenthaler<\/p>\n<p><strong>Das goldene Vlie\u00df<\/strong><br \/>\n<a href=\"https:\/\/soundcloud.com\/user-846897085\/sets\/das-goldene-vliess-2016\" target=\"_blank\" rel=\"noopener\"><strong>Soundcloud link to the &#8220;Golden Fleece&#8221;<\/strong><\/a><br \/>\nPerrine Devillers, Florencia Menconi, Daniel P\u00e9rez<br \/>\nZurich Baroque Orchestra<br \/>\n<strong>Composition and musical direction<\/strong>\u00a0 \u00a0 Nikolaus Matthes<br \/>\n<strong>Recording producer<\/strong>\u00a0 \u00a0 Stefan Ritzenthaler<\/p>\n<\/div><\/div><\/div><\/div><\/div><div class=\"fusion-fullwidth fullwidth-box fusion-builder-row-2 fusion-flex-container has-pattern-background has-mask-background fusion-parallax-none nonhundred-percent-fullwidth non-hundred-percent-height-scrolling fusion-no-large-visibility fusion-custom-z-index\" style=\"--awb-background-position-small:center center;--awb-background-repeat-small:no-repeat;--awb-border-radius-top-left:0px;--awb-border-radius-top-right:0px;--awb-border-radius-bottom-right:0px;--awb-border-radius-bottom-left:0px;--awb-z-index:200;--awb-background-color-small:rgba(255,255,255,0);--awb-background-image:linear-gradient(180deg, rgba(255,255,255,0.5) 0%,rgba(255,255,255,0.5) 100%),url(https:\/\/www.nikolausmatthes.org\/wp-content\/uploads\/2025\/02\/Nikolaus-Matthes_Portrait_2024-02-29_1100.jpg);;--awb-background-image-small:linear-gradient(180deg, rgba(255,255,255,0.5) 0%,rgba(255,255,255,0.5) 100%),url(https:\/\/www.nikolausmatthes.org\/wp-content\/uploads\/2025\/02\/Nikolaus-Matthes_Portrait_2024-02-29_1100.jpg);;--awb-background-size:cover;--awb-background-size-small:cover;--awb-flex-wrap:wrap;\" ><div class=\"fusion-builder-row fusion-row fusion-flex-align-items-flex-start fusion-flex-content-wrap\" style=\"max-width:1248px;margin-left: calc(-4% \/ 2 );margin-right: calc(-4% \/ 2 );\"><div class=\"fusion-layout-column fusion_builder_column fusion-builder-column-3 fusion_builder_column_1_1 1_1 fusion-flex-column\" style=\"--awb-padding-top-small:200px;--awb-bg-size:cover;--awb-width-large:100%;--awb-margin-top-large:0px;--awb-spacing-right-large:1.92%;--awb-margin-bottom-large:20px;--awb-spacing-left-large:1.92%;--awb-width-medium:100%;--awb-order-medium:0;--awb-spacing-right-medium:1.92%;--awb-spacing-left-medium:1.92%;--awb-width-small:100%;--awb-order-small:0;--awb-spacing-right-small:1.92%;--awb-spacing-left-small:1.92%;\"><div class=\"fusion-column-wrapper fusion-column-has-shadow fusion-flex-justify-content-flex-start fusion-content-layout-column\"><div class=\"fusion-text fusion-text-2\" style=\"--awb-font-size:17px;--awb-text-font-family:&quot;Frutiger light&quot;;--awb-text-font-style:normal;--awb-text-font-weight:400;\"><p><strong>Contrapunctus XIX<\/strong><br \/>\n<a href=\"https:\/\/www.resonando.de\/en\/products\/contrapunctus-xix\" target=\"_blank\" rel=\"noopener\"><strong>Contrapunctus XIX in the resonando shop<\/strong><\/a><br \/>\n<strong><a href=\"https:\/\/open.spotify.com\/intl-de\/album\/2hV9cn2d8LF6vwrEnPvLy0\" target=\"_blank\" rel=\"noopener\">Spotify<\/a>\u00a0\u00a0 <a href=\"https:\/\/music.apple.com\/de\/album\/bach-die-kunst-der-fuge-bwv-1080-contrapunctus-xix\/1797153374\" target=\"_blank\" rel=\"noopener\">Apple Music<\/a>\u00a0\u00a0 <a href=\"https:\/\/music.youtube.com\/playlist?list=OLAK5uy_n6zsJl-hPzakY5_rOv-EVUYMBithYgyKg\" target=\"_blank\" rel=\"noopener\">YouTube Music<\/a>\u00a0\u00a0 <a href=\"https:\/\/www.youtube.com\/playlist?list=OLAK5uy_k8kYRf71sLGkaVhChRr0LJvvBNDW4rQj8\" target=\"_blank\" rel=\"noopener\">YouTube<\/a>\u00a0 <\/strong>\u00a0<a href=\"https:\/\/www.deezer.com\/de\/album\/714907761\" target=\"_blank\" rel=\"noopener\"><strong>Deezer<\/strong><\/a><br \/>\n<strong>Music<\/strong>\u00a0 \u00a0 Johann Sebastian Bach<br \/>\n<strong>Completion<\/strong>\u00a0 \u00a0 Nikolaus Matthes<br \/>\n<strong>Piano<\/strong>\u00a0 \u00a0 Paul Suits<br \/>\n<strong>Recording and editing<\/strong>\u00a0 \u00a0 Nikolaus Matthes<br \/>\n<strong>Mastering and production<\/strong>\u00a0 \u00a0 Johannes Wallbreche<strong>Contrapunctus XIX<\/strong><br \/>\n<a href=\"https:\/\/www.resonando.de\/en\/products\/contrapunctus-xix\" target=\"_blank\" rel=\"noopener\"><strong>Contrapunctus XIX in the resonando shop<\/strong><\/a><br \/>\n<strong><a href=\"https:\/\/open.spotify.com\/intl-de\/album\/2hV9cn2d8LF6vwrEnPvLy0\" target=\"_blank\" rel=\"noopener\">Spotify<\/a>\u00a0\u00a0 <a href=\"https:\/\/music.apple.com\/de\/album\/bach-die-kunst-der-fuge-bwv-1080-contrapunctus-xix\/1797153374\" target=\"_blank\" rel=\"noopener\">Apple Music<\/a>\u00a0\u00a0 <a href=\"https:\/\/music.youtube.com\/playlist?list=OLAK5uy_n6zsJl-hPzakY5_rOv-EVUYMBithYgyKg\" target=\"_blank\" rel=\"noopener\">YouTube Music<\/a>\u00a0\u00a0 <a href=\"https:\/\/www.youtube.com\/playlist?list=OLAK5uy_k8kYRf71sLGkaVhChRr0LJvvBNDW4rQj8\" target=\"_blank\" rel=\"noopener\">YouTube<\/a>\u00a0 <\/strong>\u00a0<a href=\"https:\/\/www.deezer.com\/de\/album\/714907761\" target=\"_blank\" rel=\"noopener\"><strong>Deezer<\/strong><\/a><br \/>\n<strong>Music<\/strong>\u00a0 \u00a0 Johann Sebastian Bach<br \/>\n<strong>Completion<\/strong>\u00a0 \u00a0 Nikolaus Matthes<br \/>\n<strong>Piano<\/strong>\u00a0 \u00a0 Paul Suits<br \/>\n<strong>Recording and editing<\/strong>\u00a0 \u00a0 Nikolaus Matthes<br \/>\n<strong>Mastering and production<\/strong>\u00a0 \u00a0 Johannes Wallbrecher<\/p>\n<p><strong>Markuspassion<\/strong><br \/>\n<strong><a href=\"https:\/\/www.resonando.de\/en\/products\/rn-10018-markuspassion\" target=\"_blank\" rel=\"noopener\">CD of the St. Mark Passion in the resonando shop<\/a><br \/>\n<a href=\"https:\/\/www.youtube.com\/playlist?list=OLAK5uy_kY1_pznwUFblo_WwNaal5aQptGwK5pz6Y\" target=\"_blank\" rel=\"noopener\">YouTube Music<\/a> \u00a0 <a href=\"https:\/\/resonando.bandcamp.com\/album\/markuspassion?from=search&amp;search_item_id=63576686&amp;search_item_type=a&amp;search_match_part=%3F&amp;search_page_id=3293912129&amp;search_page_no=1&amp;search_rank=1&amp;search_sig=20c8e077ca3cf86a056ba32987d0a781\" target=\"_blank\" rel=\"noopener\">Bandcamp<\/a> \u00a0 <a href=\"https:\/\/open.spotify.com\/intl-de\/album\/1Tr5IpVtCHAxchCjtsFZqD\" target=\"_blank\" rel=\"noopener\">Spotify<\/a> \u00a0 <a href=\"https:\/\/music.apple.com\/ca\/album\/markuspassion\/1731424556\" target=\"_blank\" rel=\"noopener\">Apple Music<\/a><\/strong><br \/>\nDaniel Johannsen, Georg Poplutz, Daniel P\u00e9rez, Maya Boog, Annekathrin Laabs, Matthias Helm<br \/>\nChoir and orchestra &#8220;Gli Aspetti&#8221;<br \/>\n<strong>Concert master<\/strong>\u00a0 \u00a0 Germ\u00e1n Echeverri Chamorro<br \/>\n<strong>Composition and musical direction<\/strong>\u00a0 \u00a0 Nikolaus Matthes<br \/>\n<strong>Recording producer\u00a0 \u00a0 <\/strong>Stefan Ritzenthaler<\/p>\n<p><strong>Cantata ad ineundum Ioanni Petri Textoris otium<\/strong><br \/>\n<a href=\"https:\/\/soundcloud.com\/user-846897085\/sets\/cantata-ad-ineundum-ioanni-petri-textoris-otium\" target=\"_blank\" rel=\"noopener\"><strong>Soundcloud link to the &#8220;Farewell Cantata for the Retirement of Hans Peter Weber&#8221;<\/strong><\/a><br \/>\nLia Andres, Ingeborg Aadland, Gerd T\u00fcrk, Raphael H\u00f6hn, Daniel P\u00e9rez<br \/>\nChoir and orchestra ad hoc<br \/>\n<strong>Composition and musical direction<\/strong>\u00a0 \u00a0 Nikolaus Matthes<br \/>\n<strong>Recording producer<\/strong>\u00a0 \u00a0 Stefan Ritzenthaler<\/p>\n<p><strong>Das goldene Vlie\u00df<\/strong><br \/>\n<a href=\"https:\/\/soundcloud.com\/user-846897085\/sets\/das-goldene-vliess-2016\" target=\"_blank\" rel=\"noopener\"><strong>Soundcloud link to the &#8220;Golden Fleece&#8221;<\/strong><\/a><br \/>\nPerrine Devillers, Florencia Menconi, Daniel P\u00e9rez<br \/>\nZurich Baroque Orchestra<br \/>\n<strong>Composition and musical direction<\/strong>\u00a0 \u00a0 Nikolaus Matthes<br \/>\n<strong>Recording producer<\/strong>\u00a0 \u00a0 Stefan Ritzenthaler<\/p>\n<\/div><\/div><\/div><\/div><\/div><\/p>\n","protected":false},"excerpt":{"rendered":"","protected":false},"author":1,"featured_media":0,"parent":0,"menu_order":0,"comment_status":"closed","ping_status":"closed","template":"100-width.php","meta":{"footnotes":""},"class_list":["post-686","page","type-page","status-publish","hentry"],"_links":{"self":[{"href":"https:\/\/nikolausmatthes.org\/en\/wp-json\/wp\/v2\/pages\/686","targetHints":{"allow":["GET"]}}],"collection":[{"href":"https:\/\/nikolausmatthes.org\/en\/wp-json\/wp\/v2\/pages"}],"about":[{"href":"https:\/\/nikolausmatthes.org\/en\/wp-json\/wp\/v2\/types\/page"}],"author":[{"embeddable":true,"href":"https:\/\/nikolausmatthes.org\/en\/wp-json\/wp\/v2\/users\/1"}],"replies":[{"embeddable":true,"href":"https:\/\/nikolausmatthes.org\/en\/wp-json\/wp\/v2\/comments?post=686"}],"version-history":[{"count":16,"href":"https:\/\/nikolausmatthes.org\/en\/wp-json\/wp\/v2\/pages\/686\/revisions"}],"predecessor-version":[{"id":4757,"href":"https:\/\/nikolausmatthes.org\/en\/wp-json\/wp\/v2\/pages\/686\/revisions\/4757"}],"wp:attachment":[{"href":"https:\/\/nikolausmatthes.org\/en\/wp-json\/wp\/v2\/media?parent=686"}],"curies":[{"name":"wp","href":"https:\/\/api.w.org\/{rel}","templated":true}]}}